{"id":3033,"date":"2016-03-30T09:50:05","date_gmt":"2016-03-30T07:50:05","guid":{"rendered":"https:\/\/www.alpenklang.info\/at\/newsletter\/"},"modified":"2018-05-04T17:16:06","modified_gmt":"2018-05-04T15:16:06","slug":"newsletter","status":"publish","type":"page","link":"https:\/\/www.alpenklang.info\/at\/kontakt-service\/newsletter\/","title":{"rendered":"Newsletter"},"content":{"rendered":"<div class=\"wpb-content-wrapper\"><p>[vc_row][vc_column][vc_column_text]<h1>Newsletter Anmeldung<\/h1>\n<h2>Gerne informieren wir Sie \u00fcber Neuigkeiten &amp; Angebote<\/h2>\n<p><style id='mailster-form-default' type='text\/css'>.mailster-embeded-form body{background:0;padding:0;margin:0}.mailster-embeded-form .mailster-form-body{padding:5px !important;margin:auto !important}.mailster-form-wrap{max-width:100%;max-height:95%;min-width:100px;-webkit-overflow-scrolling:touch}.mailster-form{margin-bottom:20px;position:relative}.mailster-form:before{content:'';position:absolute;display:block;height:100%;width:100%;z-index:1;background-repeat:no-repeat;background-position:center center;background-size:20px 20px;background-image:url('https:\/\/www.alpenklang.info\/wp-content\/plugins\/mailster\/assets\/css\/..\/img\/loading.gif');visibility:hidden;opacity:0;transition:opacity .15s ease-in-out}.mailster-form.loading:before{opacity:1;visibility:visible}@media only screen and (-webkit-min-device-pixel-ratio:2),only screen and (min-resolution:192dpi){.mailster-form:before{background-image:url('https:\/\/www.alpenklang.info\/wp-content\/plugins\/mailster\/assets\/css\/..\/img\/loading_2x.gif')}}.mailster-form:after,.mailster-form-fields:after{content:'.';visibility:hidden;display:block;height:0;clear:both}.mailster-form .mailster-form-fields{transition:all .15s ease-in-out}.mailster-form.completed .mailster-form-fields{height:0;min-height:0;opacity:0;overflow:hidden}.mailster-form,.mailster-form .input,.mailster-form .mailster-form-info{width:100%;box-sizing:border-box}.mailster-embeded-form .mailster-form{margin-bottom:3px}.mailster-form .mailster-wrapper{position:relative;margin-bottom:2px;transition:opacity .15s ease-in-out}.mailster-form.loading .mailster-wrapper{opacity:.2}.mailster-form textarea.input{resize:vertical;height:150px}.mailster-form li{list-style:none !important;margin-left:0;padding-left:0}span.mailster-required{font-size:120%;font-weight:700;color:#bf4d4d}.mailster-lists-wrapper ul{list-style:none;margin-left:0;padding-left:0}.mailster-lists-wrapper ul li{margin-left:0}.mailster-list-description{color:inherit;display:block;margin-left:25px;font-size:.8em}.mailster-form-info{height:0;border-radius:2px;padding:5px;margin-bottom:4px;color:#fff;padding:9px 16px;transition:all .2s;-webkit-transform:scale(0);-moz-transform:scale(0);-ms-transform:scale(0);transform:scale(0)}.mailster-form.loading .mailster-form-info{opacity:0}.mailster-form-info a{color:#fff}.mailster-form-info.success,.mailster-form-info.error{display:block;height:100%;-webkit-transform:scale(1);-moz-transform:scale(1);-ms-transform:scale(1);transform:scale(1)}.mailster-form .error input,.mailster-form .error select,.mailster-form .error textarea{outline:2px solid #bf4d4d;outline-offset:0}.mailster-form-info.error{background:#bf4d4d}.mailster-form-info.success{background-color:#6fbf4d;text-align:center}.mailster-form-info ul,.mailster-form .mailster-form-info p{margin:0;padding:0;max-width:initial}.mailster-form-info ul li{color:inherit;margin-left:0}.mailster-submit-wrapper{margin-top:6px}.mailster-form .submit-button{cursor:pointer}.mailster-form .submit-button:focus{outline:0}<\/style><form action=\"https:\/\/www.alpenklang.info\/at\/mailster\/subscribe\/\" method=\"post\" class=\"mailster-form mailster-form-submit mailster-ajax-form mailster-form-1\" novalidate><input name=\"_action\" type=\"hidden\" value=\"subscribe\">\n<input name=\"_timestamp\" type=\"hidden\" value=\"1776500944\">\n<input name=\"_referer\" type=\"hidden\" value=\"https:\/\/www.alpenklang.info\/at\/wp-json\/wp\/v2\/pages\/3033\">\n<input name=\"_nonce\" type=\"hidden\" value=\"839e5a495e\">\n<input name=\"formid\" type=\"hidden\" value=\"1\">\n<div class=\"mailster-form-fields\">\n<div class=\"mailster-wrapper mailster-anrede-wrapper\"><label for=\"mailster-anrede-1\">Anrede <span class=\"mailster-required\">*<\/span><\/label><select id=\"mailster-anrede-1\" name=\"anrede\" class=\"input mailster-anrede mailster-required\" aria-required=\"true\" aria-label=\"Anrede\"><option value=\"Sehr geehrter Herr\" >Sehr geehrter Herr<\/option><option value=\"Sehr geehrte Frau\" >Sehr geehrte Frau<\/option><option value=\"Liebe Familie\" >Liebe Familie<\/option><\/select><\/div>\n<div class=\"mailster-wrapper mailster-firstname-wrapper\"><label for=\"mailster-firstname-1\">Vorname<\/label><input id=\"mailster-firstname-1\" name=\"firstname\" type=\"text\" value=\"\" class=\"input mailster-firstname\" aria-required=\"false\" aria-label=\"Vorname\"><\/div>\n<div class=\"mailster-wrapper mailster-lastname-wrapper\"><label for=\"mailster-lastname-1\">Nachname <span class=\"mailster-required\">*<\/span><\/label><input id=\"mailster-lastname-1\" name=\"lastname\" type=\"text\" value=\"\" class=\"input mailster-lastname mailster-required\" aria-required=\"true\" aria-label=\"Nachname\"><\/div>\n<div class=\"mailster-wrapper mailster-email-wrapper\"><label for=\"mailster-email-1\">Email <span class=\"mailster-required\">*<\/span><\/label><input id=\"mailster-email-1\" name=\"email\" type=\"email\" value=\"\" class=\"input mailster-email mailster-required\" aria-required=\"true\" aria-label=\"Email\" spellcheck=\"false\"><\/div>\n<div class=\"mailster-wrapper mailster-datenschutz-wrapper\"><label for=\"mailster-datenschutz-1\"><input type=\"hidden\" name=\"datenschutz\" value=\"0\"><input id=\"mailster-datenschutz-1\" name=\"datenschutz\" type=\"checkbox\" value=\"1\"  class=\"mailster-datenschutz mailster-required\" aria-required=\"true\" aria-label=\"Ich akzeptiere die unten angef\u00fchrten Datenschutzbestimmungen.\">  Ich akzeptiere die unten angef\u00fchrten Datenschutzbestimmungen. <span class=\"mailster-required\">*<\/span><\/label><\/div>\n<div class=\"mailster-wrapper mailster-submit-wrapper form-submit\"><input name=\"submit\" type=\"submit\" value=\"Newsletter abonnieren\" class=\"submit-button button\" aria-label=\"Newsletter abonnieren\"><\/div>\n<\/div>\n<\/form>\n<br \/>\n<span style=\"font-size: 0.8em; line-height: 1.4em;\"><br \/>\nDurch Ankreuzen der Checkbox willigen Sie in die Verarbeitung Ihrer personenbezogenen Daten durch den datenschutzrechtlich Verantwortlichen Hotel und Berggasthaus Alpenklang, Familie Rohrmoser, Schiedweg 47, A-5611 Gro\u00dfarl, Tel. +43 6414 575, zum Zweck der Zusendung eines E-Mail-Newsletters auf Grundlage Ihrer Einwilligung bis auf Widerruf bzw. Widerspruch ein.<\/span><br \/>\n<span style=\"font-size: 0.8em; line-height: 1.4em;\"><br \/>\nEs besteht keine gesetzliche oder vertragliche Verpflichtung zur Bereitstellung der personenbezogenen Daten oder zur Erteilung der Einwilligung. Die Nichtbereitstellung bzw. die Nichterteilung der Einwilligung haben lediglich zur Folge, dass Sie keine Informationen zugesendet bekommen. Eine Weitergabe an andere Empf\u00e4nger erfolgt nicht. Sie haben das Recht, Ihre Einwilligung jederzeit durch schriftliche Mitteilung oder durch Klick auf den Abmeldelink zu widerrufen, ohne dass die Rechtm\u00e4\u00dfigkeit der aufgrund der Einwilligung bis zum Widerruf erfolgten Verarbeitung ber\u00fchrt wird. Ebenso k\u00f6nnen Sie auf gleiche Weise der Verwendung Ihrer personenbezogenen Daten zum Zweck der Direktwerbung widersprechen. Im Fall des Widerspruchs werden Ihre personenbezogenen Daten nicht mehr zum Zweck der Direktwerbung verarbeitet. Sie haben das Recht auf Auskunft, Berichtigung, L\u00f6schung, Einschr\u00e4nkung der Verarbeitung und \u00dcbertragbarkeit Ihrer personenbezogenen Daten sowie das Recht auf Beschwerde bei der Aufsichtsbeh\u00f6rde (\u00d6sterreichische Datenschutzbeh\u00f6rde, Wickenburggasse 8, 1080 Wien, dsb@dsb.gv.at).<br \/>\n<\/span><\/p>\n\n\n<form action=\"https:\/\/www.alpenklang.info\/at\/mailster\/subscribe\/\" method=\"post\" class=\"mailster-form mailster-form-submit mailster-ajax-form is-unsubscribe mailster-form-1\" novalidate><input name=\"_action\" type=\"hidden\" value=\"unsubscribe\">\n<input name=\"_referer\" type=\"hidden\" value=\"https:\/\/www.alpenklang.info\/at\/wp-json\/wp\/v2\/pages\/3033\">\n<input name=\"_nonce\" type=\"hidden\" value=\"839e5a495e\">\n<input name=\"formid\" type=\"hidden\" value=\"1\">\n<div class=\"mailster-form-fields\">\n<div class=\"mailster-wrapper mailster-email-wrapper\"><label for=\"mailster-email-1\">Email <span class=\"mailster-required\">*<\/span><\/label><input id=\"mailster-email-1\" name=\"email\" type=\"email\" value=\"\" class=\"input mailster-email mailster-required\" aria-required=\"true\" aria-label=\"Email\" spellcheck=\"false\"><\/div>\n<div class=\"mailster-wrapper mailster-submit-wrapper form-submit\"><input name=\"submit\" type=\"submit\" value=\"Ja, abmelden\" class=\"submit-button button\" aria-label=\"Ja, abmelden\"><\/div>\n<\/div>\n<\/form>\n[\/vc_column_text][\/vc_column][\/vc_row]<\/p>\n<\/div>","protected":false},"excerpt":{"rendered":"<p>[vc_row][vc_column][vc_column_text] [\/vc_column_text][\/vc_column][\/vc_row]<\/p>\n\n<p><a class=\"readmore btn btn-default btn-default btn-block\" href=\"https:\/\/www.alpenklang.info\/at\/kontakt-service\/newsletter\/\">Read More<\/a><\/p>","protected":false},"author":1,"featured_media":2788,"parent":3036,"menu_order":2,"comment_status":"closed","ping_status":"closed","template":"","meta":{"footnotes":""},"class_list":["post-3033","page","type-page","status-publish","has-post-thumbnail","hentry"],"yoast_head":"<!-- This site is optimized with the Yoast SEO plugin v27.4 - https:\/\/yoast.com\/product\/yoast-seo-wordpress\/ -->\n<title>Newsletter - Hotel Alpenklang<\/title>\n<meta name=\"robots\" content=\"index, follow, max-snippet:-1, max-image-preview:large, max-video-preview:-1\" \/>\n<link rel=\"canonical\" href=\"https:\/\/www.alpenklang.info\/at\/kontakt-service\/newsletter\/\" \/>\n<meta property=\"og:locale\" content=\"de_DE\" \/>\n<meta property=\"og:type\" content=\"article\" \/>\n<meta property=\"og:title\" content=\"Newsletter - Hotel Alpenklang\" \/>\n<meta property=\"og:description\" content=\"[vc_row][vc_column][vc_column_text] [\/vc_column_text][\/vc_column][\/vc_row]\" \/>\n<meta property=\"og:url\" content=\"https:\/\/www.alpenklang.info\/at\/kontakt-service\/newsletter\/\" \/>\n<meta property=\"og:site_name\" content=\"Hotel Alpenklang\" \/>\n<meta property=\"article:modified_time\" content=\"2018-05-04T15:16:06+00:00\" \/>\n<meta property=\"og:image\" content=\"https:\/\/www.alpenklang.info\/wp-content\/uploads\/hotel-berggasthaus-alpenklang-grossarl-1-1.jpg\" \/>\n\t<meta property=\"og:image:width\" content=\"1920\" \/>\n\t<meta property=\"og:image:height\" content=\"750\" \/>\n\t<meta property=\"og:image:type\" content=\"image\/jpeg\" \/>\n<meta name=\"twitter:label1\" content=\"Est. reading time\" \/>\n\t<meta name=\"twitter:data1\" content=\"1 minute\" \/>\n<script type=\"application\/ld+json\" class=\"yoast-schema-graph\">{\"@context\":\"https:\\\/\\\/schema.org\",\"@graph\":[{\"@type\":\"WebPage\",\"@id\":\"https:\\\/\\\/www.alpenklang.info\\\/at\\\/kontakt-service\\\/newsletter\\\/\",\"url\":\"https:\\\/\\\/www.alpenklang.info\\\/at\\\/kontakt-service\\\/newsletter\\\/\",\"name\":\"Newsletter - Hotel Alpenklang\",\"isPartOf\":{\"@id\":\"https:\\\/\\\/www.alpenklang.info\\\/en\\\/#website\"},\"primaryImageOfPage\":{\"@id\":\"https:\\\/\\\/www.alpenklang.info\\\/at\\\/kontakt-service\\\/newsletter\\\/#primaryimage\"},\"image\":{\"@id\":\"https:\\\/\\\/www.alpenklang.info\\\/at\\\/kontakt-service\\\/newsletter\\\/#primaryimage\"},\"thumbnailUrl\":\"https:\\\/\\\/www.alpenklang.info\\\/wp-content\\\/uploads\\\/hotel-berggasthaus-alpenklang-grossarl-1-1.jpg\",\"datePublished\":\"2016-03-30T07:50:05+00:00\",\"dateModified\":\"2018-05-04T15:16:06+00:00\",\"breadcrumb\":{\"@id\":\"https:\\\/\\\/www.alpenklang.info\\\/at\\\/kontakt-service\\\/newsletter\\\/#breadcrumb\"},\"inLanguage\":\"de\",\"potentialAction\":[{\"@type\":\"ReadAction\",\"target\":[\"https:\\\/\\\/www.alpenklang.info\\\/at\\\/kontakt-service\\\/newsletter\\\/\"]}]},{\"@type\":\"ImageObject\",\"inLanguage\":\"de\",\"@id\":\"https:\\\/\\\/www.alpenklang.info\\\/at\\\/kontakt-service\\\/newsletter\\\/#primaryimage\",\"url\":\"https:\\\/\\\/www.alpenklang.info\\\/wp-content\\\/uploads\\\/hotel-berggasthaus-alpenklang-grossarl-1-1.jpg\",\"contentUrl\":\"https:\\\/\\\/www.alpenklang.info\\\/wp-content\\\/uploads\\\/hotel-berggasthaus-alpenklang-grossarl-1-1.jpg\",\"width\":1920,\"height\":750},{\"@type\":\"BreadcrumbList\",\"@id\":\"https:\\\/\\\/www.alpenklang.info\\\/at\\\/kontakt-service\\\/newsletter\\\/#breadcrumb\",\"itemListElement\":[{\"@type\":\"ListItem\",\"position\":1,\"name\":\"Home\",\"item\":\"https:\\\/\\\/www.alpenklang.info\\\/at\\\/\"},{\"@type\":\"ListItem\",\"position\":2,\"name\":\"Kontakt &#038; Service\",\"item\":\"https:\\\/\\\/www.alpenklang.info\\\/at\\\/kontakt-service\\\/\"},{\"@type\":\"ListItem\",\"position\":3,\"name\":\"Newsletter\"}]},{\"@type\":\"WebSite\",\"@id\":\"https:\\\/\\\/www.alpenklang.info\\\/en\\\/#website\",\"url\":\"https:\\\/\\\/www.alpenklang.info\\\/en\\\/\",\"name\":\"Hotel Alpenklang\",\"description\":\"Hotel &amp; Berggasthaus in Gro\u00dfarl\",\"potentialAction\":[{\"@type\":\"SearchAction\",\"target\":{\"@type\":\"EntryPoint\",\"urlTemplate\":\"https:\\\/\\\/www.alpenklang.info\\\/en\\\/?s={search_term_string}\"},\"query-input\":{\"@type\":\"PropertyValueSpecification\",\"valueRequired\":true,\"valueName\":\"search_term_string\"}}],\"inLanguage\":\"de\"}]}<\/script>\n<!-- \/ Yoast SEO plugin. -->","yoast_head_json":{"title":"Newsletter - Hotel Alpenklang","robots":{"index":"index","follow":"follow","max-snippet":"max-snippet:-1","max-image-preview":"max-image-preview:large","max-video-preview":"max-video-preview:-1"},"canonical":"https:\/\/www.alpenklang.info\/at\/kontakt-service\/newsletter\/","og_locale":"de_DE","og_type":"article","og_title":"Newsletter - Hotel Alpenklang","og_description":"[vc_row][vc_column][vc_column_text] [\/vc_column_text][\/vc_column][\/vc_row]","og_url":"https:\/\/www.alpenklang.info\/at\/kontakt-service\/newsletter\/","og_site_name":"Hotel Alpenklang","article_modified_time":"2018-05-04T15:16:06+00:00","og_image":[{"width":1920,"height":750,"url":"https:\/\/www.alpenklang.info\/wp-content\/uploads\/hotel-berggasthaus-alpenklang-grossarl-1-1.jpg","type":"image\/jpeg"}],"twitter_misc":{"Est. reading time":"1 minute"},"schema":{"@context":"https:\/\/schema.org","@graph":[{"@type":"WebPage","@id":"https:\/\/www.alpenklang.info\/at\/kontakt-service\/newsletter\/","url":"https:\/\/www.alpenklang.info\/at\/kontakt-service\/newsletter\/","name":"Newsletter - Hotel Alpenklang","isPartOf":{"@id":"https:\/\/www.alpenklang.info\/en\/#website"},"primaryImageOfPage":{"@id":"https:\/\/www.alpenklang.info\/at\/kontakt-service\/newsletter\/#primaryimage"},"image":{"@id":"https:\/\/www.alpenklang.info\/at\/kontakt-service\/newsletter\/#primaryimage"},"thumbnailUrl":"https:\/\/www.alpenklang.info\/wp-content\/uploads\/hotel-berggasthaus-alpenklang-grossarl-1-1.jpg","datePublished":"2016-03-30T07:50:05+00:00","dateModified":"2018-05-04T15:16:06+00:00","breadcrumb":{"@id":"https:\/\/www.alpenklang.info\/at\/kontakt-service\/newsletter\/#breadcrumb"},"inLanguage":"de","potentialAction":[{"@type":"ReadAction","target":["https:\/\/www.alpenklang.info\/at\/kontakt-service\/newsletter\/"]}]},{"@type":"ImageObject","inLanguage":"de","@id":"https:\/\/www.alpenklang.info\/at\/kontakt-service\/newsletter\/#primaryimage","url":"https:\/\/www.alpenklang.info\/wp-content\/uploads\/hotel-berggasthaus-alpenklang-grossarl-1-1.jpg","contentUrl":"https:\/\/www.alpenklang.info\/wp-content\/uploads\/hotel-berggasthaus-alpenklang-grossarl-1-1.jpg","width":1920,"height":750},{"@type":"BreadcrumbList","@id":"https:\/\/www.alpenklang.info\/at\/kontakt-service\/newsletter\/#breadcrumb","itemListElement":[{"@type":"ListItem","position":1,"name":"Home","item":"https:\/\/www.alpenklang.info\/at\/"},{"@type":"ListItem","position":2,"name":"Kontakt &#038; Service","item":"https:\/\/www.alpenklang.info\/at\/kontakt-service\/"},{"@type":"ListItem","position":3,"name":"Newsletter"}]},{"@type":"WebSite","@id":"https:\/\/www.alpenklang.info\/en\/#website","url":"https:\/\/www.alpenklang.info\/en\/","name":"Hotel Alpenklang","description":"Hotel &amp; Berggasthaus in Gro\u00dfarl","potentialAction":[{"@type":"SearchAction","target":{"@type":"EntryPoint","urlTemplate":"https:\/\/www.alpenklang.info\/en\/?s={search_term_string}"},"query-input":{"@type":"PropertyValueSpecification","valueRequired":true,"valueName":"search_term_string"}}],"inLanguage":"de"}]}},"_links":{"self":[{"href":"https:\/\/www.alpenklang.info\/at\/wp-json\/wp\/v2\/pages\/3033","targetHints":{"allow":["GET"]}}],"collection":[{"href":"https:\/\/www.alpenklang.info\/at\/wp-json\/wp\/v2\/pages"}],"about":[{"href":"https:\/\/www.alpenklang.info\/at\/wp-json\/wp\/v2\/types\/page"}],"author":[{"embeddable":true,"href":"https:\/\/www.alpenklang.info\/at\/wp-json\/wp\/v2\/users\/1"}],"replies":[{"embeddable":true,"href":"https:\/\/www.alpenklang.info\/at\/wp-json\/wp\/v2\/comments?post=3033"}],"version-history":[{"count":0,"href":"https:\/\/www.alpenklang.info\/at\/wp-json\/wp\/v2\/pages\/3033\/revisions"}],"up":[{"embeddable":true,"href":"https:\/\/www.alpenklang.info\/at\/wp-json\/wp\/v2\/pages\/3036"}],"wp:featuredmedia":[{"embeddable":true,"href":"https:\/\/www.alpenklang.info\/at\/wp-json\/wp\/v2\/media\/2788"}],"wp:attachment":[{"href":"https:\/\/www.alpenklang.info\/at\/wp-json\/wp\/v2\/media?parent=3033"}],"curies":[{"name":"wp","href":"https:\/\/api.w.org\/{rel}","templated":true}]}}