{"id":3035,"date":"2016-03-30T09:49:33","date_gmt":"2016-03-30T07:49:33","guid":{"rendered":"https:\/\/www.alpenklang.info\/at\/kontakt-anreise\/"},"modified":"2022-11-04T08:03:26","modified_gmt":"2022-11-04T07:03:26","slug":"kontakt-anreise","status":"publish","type":"page","link":"https:\/\/www.alpenklang.info\/at\/kontakt-service\/kontakt-anreise\/","title":{"rendered":"Kontakt &#038; Anreise"},"content":{"rendered":"<div class=\"wpb-content-wrapper\"><p>[vc_row][vc_column][vc_column_text]<\/p>\n<h1>Kontakt &amp; Anreise<\/h1>\n<h2>4 Sterne Hotel &amp; Berggasthaus Alpenklang, Gro\u00dfarl<\/h2>\n<p>[\/vc_column_text][\/vc_column][\/vc_row][vc_row full_width=&#8221;stretch_row&#8221; el_class=&#8221;hintergrund&#8221;][vc_column width=&#8221;1\/2&#8243;][vc_single_image image=&#8221;2313&#8243; img_size=&#8221;medium&#8221; onclick=&#8221;link_image&#8221;][\/vc_column][vc_column width=&#8221;1\/2&#8243;][vc_column_text]<\/p>\n<h3>4 Sterne Berghotel\u00a0Alpenklang<\/h3>\n<p>[\/vc_column_text][vc_column_text]Familie Rohrmoser<\/p>\n<p>Schiedweg 47<\/p>\n<p>A-5611 Gro\u00dfarl<\/p>\n<p><a href=\"tel:+436414575\">Tel. +43 6414 575<\/a><\/p>\n<p>Fax +43 6414 575 55<\/p>\n<p><a href=\"mailto:hotel@alpenklang.info\">hotel@alpenklang.info<\/a>[\/vc_column_text][\/vc_column][\/vc_row][vc_row][vc_column][vc_column_text]<\/p>\n<h3>Ihre Anreise zu uns nach Gro\u00dfarl<\/h3>\n<p>[\/vc_column_text][vc_column_text]<\/p>\n<h4>Anreise mit dem\u00a0Auto<\/h4>\n<p>[\/vc_column_text][vc_column_text]Das <a href=\"https:\/\/www.alpenklang.info\/\">Hotel und Berggasthaus Alpenklang<\/a> liegt <strong>ruhig<\/strong> an einem wundersch\u00f6nen <strong>Sonnenhang auf 1.050 m<\/strong>\u00a0Seeh\u00f6he, <strong>4 Kilometer vor dem Ort Gro\u00dfarl<\/strong> und 2 Kilometer von der Hauptstra\u00dfe entfernt. Mit den folgenden GPS-Daten f\u00fcr Ihr Navigationsger\u00e4t (UMT) gelangen Sie zu uns: <strong>Breitengrad: 47.27785331<\/strong>, <strong>L\u00e4ngengrad: 13.20783019<\/strong>.[\/vc_column_text][\/vc_column][\/vc_row][vc_row][vc_column width=&#8221;1\/2&#8243;][vc_column_text]<\/p>\n<h5>Die letzten Meter zum Hotel<\/h5>\n<p>[\/vc_column_text][vc_column_text]Das ganze Jahr erreichen Sie unser Hotel\u00a0in Gro\u00dfarl \u00fcber eine hervorragend ausgebaute Bergstra\u00dfe. Im Winter empfehlen wir, trotz guter Schneer\u00e4umung und Split-Streuung, Schneeketten mitzuf\u00fchren.[\/vc_column_text][\/vc_column][vc_column width=&#8221;1\/2&#8243;][vc_column_text]<\/p>\n<h5>Stra\u00dfenzustandsbericht (\u00d6AMTC)<\/h5>\n<p>[\/vc_column_text][vc_column_text]Damit Sie sicher bei uns ankommen, informieren Sie sich bitte vor Reiseantritt \u00fcber die <a href=\"http:\/\/www.oeamtc.at\/\" target=\"_blank\" rel=\"noopener\">aktuelle Verkehrslage<\/a>\u00a0auf den \u00f6sterreichischen Stra\u00dfen. Beachten Sie auch, dass auf den \u00f6sterreichischen Autobahnen Vignetten-Pflicht gilt.[\/vc_column_text][\/vc_column][\/vc_row][vc_row][vc_column][vc_tta_accordion active_section=&#8221;false&#8221; collapsible_all=&#8221;true&#8221;][vc_tta_section title=&#8221;Anfahrtsbeschreibung&#8221; tab_id=&#8221;1459431649462-5dfec1bf-b6f0&#8243;][vc_column_text]Von der\u00a0Tauernautobahn (A 10) kommend, fahren Sie auf der Pinzgauer Bundesstra\u00dfe (B 311) an St. Johann im Pongau vorbei und nutzen die Abfahrt St. Johann-S\u00fcd (Gro\u00dfarl ausgeschildert). Sie queren die Salzach und fahren an St. Johann-Alpendorf vorbei hinauf nach Gro\u00dfarl. Wenn Sie in das Tal hineinfahren, queren Sie die Gro\u00dfarler Ache. Nach etwa 2 weiteren Kilometern auf fast gerader Strecke zweigt rechts\u00a0an einer Bushaltestelle der G\u00fcterweg Schied ab (ausgeschildert). Biegen Sie dort ab. Nach ca.\u00a02 Kilometern auf dem G\u00fcterweg erreichen Sie auf sehr gut ausgebauter Stra\u00dfe das Hotel und Berggasthaus Alpenklang (ausgeschildert).[\/vc_column_text][\/vc_tta_section][\/vc_tta_accordion][\/vc_column][\/vc_row][vc_row full_width=&#8221;stretch_row&#8221; el_class=&#8221;hintergrund&#8221;][vc_column width=&#8221;1\/2&#8243;][vc_single_image image=&#8221;189&#8243; img_size=&#8221;medium&#8221; onclick=&#8221;link_image&#8221;][\/vc_column][vc_column width=&#8221;1\/2&#8243;][vc_column_text]<\/p>\n<h4>Anreise mit der\u00a0Bahn<\/h4>\n<p>[\/vc_column_text][vc_column_text css=&#8221;.vc_custom_1667545371608{margin-bottom: 15px !important;}&#8221;]Der n\u00e4chstgelegene Bahnhof liegt in St. Johann im Pongau (ca. 14 km entfernt). Gerne organisieren wir den Transfer vom und zum Bahnhof f\u00fcr Sie. Wir berechnen \u20ac 25,&#8211; pro Fahrt f\u00fcr den Bahnhof-Transfer. Im Winter ist ein Transfer von 08:30-10:00 Uhr und 15:00-17:30 nur mit dem \u00f6rtlichen Taxi m\u00f6glich (Fahrpreis \u20ac 40,&#8211;). Sie k\u00f6nnen auch mit dem Bus nach Gro\u00dfarl bis zur Haltestelle Schied fahren wo wir Sie kostenlos abholen.[\/vc_column_text][vc_column_text]<\/p>\n<ul>\n<li><a href=\"http:\/\/www.oebb.at\/\" target=\"_blank\" rel=\"noopener\">\u00d6sterreichische Bundesbahn<\/a><\/li>\n<li><a href=\"http:\/\/www.bahn.de\/\" target=\"_blank\" rel=\"noopener\">Deutsche Bahn<\/a><\/li>\n<li><a href=\"http:\/\/www.sbb.ch\/\" target=\"_blank\" rel=\"noopener\">Schweizer Bundesbahn<\/a><\/li>\n<li><a href=\"http:\/\/www.trenitalia.com\/\" target=\"_blank\" rel=\"noopener\">Ferrovie Italiane<\/a><\/li>\n<\/ul>\n<p>[\/vc_column_text][\/vc_column][\/vc_row][vc_row][vc_column width=&#8221;1\/2&#8243;][vc_column_text]<\/p>\n<h4>Anreise mit dem\u00a0Flugzeug<\/h4>\n<p>[\/vc_column_text][vc_column_text css=&#8221;.vc_custom_1459492293763{margin-bottom: 15px !important;}&#8221;]Den Salzburg Airport \u201cW. A. Mozart\u201d erreichen Sie in\u00a0ca. 75\u00a0km, den\u00a0Flughafen M\u00fcnchen &#8220;Franz Josef Strau\u00df&#8221; in ca. 245\u00a0km.[\/vc_column_text][vc_row_inner css=&#8221;.vc_custom_1460983402450{margin-bottom: 10px !important;}&#8221;][vc_column_inner width=&#8221;1\/2&#8243;][vc_column_text css=&#8221;.vc_custom_1460983422703{margin-bottom: 10px !important;}&#8221;]<\/p>\n<ul>\n<li><a href=\"https:\/\/www.airberlin.com\/prepage.php\" target=\"_blank\" rel=\"noopener\">Air Berlin<\/a><\/li>\n<li><a href=\"http:\/\/www.britishairways.com\/travel\/home\/public\/de_at\" target=\"_blank\" rel=\"noopener\">British Airways<\/a><\/li>\n<li><a href=\"https:\/\/www.germanwings.com\/de.html\" target=\"_blank\" rel=\"noopener\">German Wings<\/a><\/li>\n<\/ul>\n<p>[\/vc_column_text][\/vc_column_inner][vc_column_inner width=&#8221;1\/2&#8243;][vc_column_text css=&#8221;.vc_custom_1460983428285{margin-bottom: 10px !important;}&#8221;]<\/p>\n<ul>\n<li><a href=\"http:\/\/www.norwegian.com\/\" target=\"_blank\" rel=\"noopener\">Norwegian<\/a><\/li>\n<li><a href=\"http:\/\/www.ryanair.com\/\" target=\"_blank\" rel=\"noopener\">Ryan Air<\/a><\/li>\n<li><a href=\"http:\/\/www.transavia.com\/\" target=\"_blank\" rel=\"noopener\">Transavia<\/a><\/li>\n<\/ul>\n<p>[\/vc_column_text][\/vc_column_inner][\/vc_row_inner][vc_column_text]Flughafentransfer nach\u00a0Gro\u00dfarl und zum Flughafen: <a href=\"http:\/\/www.taxi-aigner.at\/\" target=\"_blank\" rel=\"noopener\">Taxi Aigner<\/a>[\/vc_column_text][\/vc_column][vc_column width=&#8221;1\/2&#8243;][vc_single_image image=&#8221;190&#8243; img_size=&#8221;medium&#8221; onclick=&#8221;link_image&#8221;][\/vc_column][\/vc_row]<\/p>\n<\/div>","protected":false},"excerpt":{"rendered":"<p>[vc_row][vc_column][vc_column_text] Kontakt &amp; Anreise 4 Sterne Hotel &amp; Berggasthaus Alpenklang, Gro\u00dfarl [\/vc_column_text][\/vc_column][\/vc_row][vc_row full_width=&#8221;stretch_row&#8221; el_class=&#8221;hintergrund&#8221;][vc_column width=&#8221;1\/2&#8243;][vc_single_image image=&#8221;2313&#8243; img_size=&#8221;medium&#8221; onclick=&#8221;link_image&#8221;][\/vc_column][vc_column width=&#8221;1\/2&#8243;][vc_column_text] 4 Sterne Berghotel\u00a0Alpenklang [\/vc_column_text][vc_column_text]Familie Rohrmoser Schiedweg 47 A-5611 Gro\u00dfarl Tel. +43 6414 575 Fax +43 6414 575 55 hotel@alpenklang.info[\/vc_column_text][\/vc_column][\/vc_row][vc_row][vc_column][vc_column_text] Ihre Anreise zu uns nach Gro\u00dfarl [\/vc_column_text][vc_column_text] Anreise mit dem\u00a0Auto [\/vc_column_text][vc_column_text]Das Hotel und Berggasthaus Alpenklang liegt ruhig &hellip;<\/p>\n\n<p><a class=\"readmore btn btn-default btn-default btn-block\" href=\"https:\/\/www.alpenklang.info\/at\/kontakt-service\/kontakt-anreise\/\">Read More<\/a><\/p>","protected":false},"author":1,"featured_media":2766,"parent":3036,"menu_order":2,"comment_status":"closed","ping_status":"closed","template":"","meta":{"footnotes":""},"class_list":["post-3035","page","type-page","status-publish","has-post-thumbnail","hentry"],"yoast_head":"<!-- This site is optimized with the Yoast SEO plugin v27.4 - https:\/\/yoast.com\/product\/yoast-seo-wordpress\/ -->\n<title>Kontakt &amp; Anreise - Hotel &amp; Berggasthaus Alpenklang, Gro\u00dfarl<\/title>\n<meta name=\"description\" content=\"Kontakt: Schiedweg 47, A-5611 Gro\u00dfarl, +43 6414 575, hotel@alpenklang.info, Hotel auf 1.050 m, 4 km vor dem Ort Gro\u00dfarl &amp; 2 km von der Hauptstra\u00dfe entfernt\" \/>\n<meta name=\"robots\" content=\"index, follow, max-snippet:-1, max-image-preview:large, max-video-preview:-1\" \/>\n<link rel=\"canonical\" href=\"https:\/\/www.alpenklang.info\/at\/kontakt-service\/kontakt-anreise\/\" \/>\n<meta property=\"og:locale\" content=\"de_DE\" \/>\n<meta property=\"og:type\" content=\"article\" \/>\n<meta property=\"og:title\" content=\"Kontakt &amp; Anreise - Hotel &amp; Berggasthaus Alpenklang, Gro\u00dfarl\" \/>\n<meta property=\"og:description\" content=\"Kontakt: Schiedweg 47, A-5611 Gro\u00dfarl, +43 6414 575, hotel@alpenklang.info, Hotel auf 1.050 m, 4 km vor dem Ort Gro\u00dfarl &amp; 2 km von der Hauptstra\u00dfe entfernt\" \/>\n<meta property=\"og:url\" content=\"https:\/\/www.alpenklang.info\/at\/kontakt-service\/kontakt-anreise\/\" \/>\n<meta property=\"og:site_name\" content=\"Hotel Alpenklang\" \/>\n<meta property=\"article:modified_time\" content=\"2022-11-04T07:03:26+00:00\" \/>\n<meta property=\"og:image\" content=\"https:\/\/www.alpenklang.info\/wp-content\/uploads\/hotel-berggasthaus-alpenklang-grossarl-4-1.jpg\" \/>\n\t<meta property=\"og:image:width\" content=\"1920\" \/>\n\t<meta property=\"og:image:height\" content=\"750\" \/>\n\t<meta property=\"og:image:type\" content=\"image\/jpeg\" \/>\n<meta name=\"twitter:label1\" content=\"Est. reading time\" \/>\n\t<meta name=\"twitter:data1\" content=\"2 minutes\" \/>\n<script type=\"application\/ld+json\" class=\"yoast-schema-graph\">{\"@context\":\"https:\\\/\\\/schema.org\",\"@graph\":[{\"@type\":\"WebPage\",\"@id\":\"https:\\\/\\\/www.alpenklang.info\\\/at\\\/kontakt-service\\\/kontakt-anreise\\\/\",\"url\":\"https:\\\/\\\/www.alpenklang.info\\\/at\\\/kontakt-service\\\/kontakt-anreise\\\/\",\"name\":\"Kontakt & Anreise - Hotel & Berggasthaus Alpenklang, Gro\u00dfarl\",\"isPartOf\":{\"@id\":\"https:\\\/\\\/www.alpenklang.info\\\/en\\\/#website\"},\"primaryImageOfPage\":{\"@id\":\"https:\\\/\\\/www.alpenklang.info\\\/at\\\/kontakt-service\\\/kontakt-anreise\\\/#primaryimage\"},\"image\":{\"@id\":\"https:\\\/\\\/www.alpenklang.info\\\/at\\\/kontakt-service\\\/kontakt-anreise\\\/#primaryimage\"},\"thumbnailUrl\":\"https:\\\/\\\/www.alpenklang.info\\\/wp-content\\\/uploads\\\/hotel-berggasthaus-alpenklang-grossarl-4-1.jpg\",\"datePublished\":\"2016-03-30T07:49:33+00:00\",\"dateModified\":\"2022-11-04T07:03:26+00:00\",\"description\":\"Kontakt: Schiedweg 47, A-5611 Gro\u00dfarl, +43 6414 575, hotel@alpenklang.info, Hotel auf 1.050 m, 4 km vor dem Ort Gro\u00dfarl & 2 km von der Hauptstra\u00dfe entfernt\",\"breadcrumb\":{\"@id\":\"https:\\\/\\\/www.alpenklang.info\\\/at\\\/kontakt-service\\\/kontakt-anreise\\\/#breadcrumb\"},\"inLanguage\":\"de\",\"potentialAction\":[{\"@type\":\"ReadAction\",\"target\":[\"https:\\\/\\\/www.alpenklang.info\\\/at\\\/kontakt-service\\\/kontakt-anreise\\\/\"]}]},{\"@type\":\"ImageObject\",\"inLanguage\":\"de\",\"@id\":\"https:\\\/\\\/www.alpenklang.info\\\/at\\\/kontakt-service\\\/kontakt-anreise\\\/#primaryimage\",\"url\":\"https:\\\/\\\/www.alpenklang.info\\\/wp-content\\\/uploads\\\/hotel-berggasthaus-alpenklang-grossarl-4-1.jpg\",\"contentUrl\":\"https:\\\/\\\/www.alpenklang.info\\\/wp-content\\\/uploads\\\/hotel-berggasthaus-alpenklang-grossarl-4-1.jpg\",\"width\":1920,\"height\":750},{\"@type\":\"BreadcrumbList\",\"@id\":\"https:\\\/\\\/www.alpenklang.info\\\/at\\\/kontakt-service\\\/kontakt-anreise\\\/#breadcrumb\",\"itemListElement\":[{\"@type\":\"ListItem\",\"position\":1,\"name\":\"Home\",\"item\":\"https:\\\/\\\/www.alpenklang.info\\\/at\\\/\"},{\"@type\":\"ListItem\",\"position\":2,\"name\":\"Kontakt &#038; Service\",\"item\":\"https:\\\/\\\/www.alpenklang.info\\\/at\\\/kontakt-service\\\/\"},{\"@type\":\"ListItem\",\"position\":3,\"name\":\"Kontakt &#038; Anreise\"}]},{\"@type\":\"WebSite\",\"@id\":\"https:\\\/\\\/www.alpenklang.info\\\/en\\\/#website\",\"url\":\"https:\\\/\\\/www.alpenklang.info\\\/en\\\/\",\"name\":\"Hotel Alpenklang\",\"description\":\"Hotel &amp; Berggasthaus in Gro\u00dfarl\",\"potentialAction\":[{\"@type\":\"SearchAction\",\"target\":{\"@type\":\"EntryPoint\",\"urlTemplate\":\"https:\\\/\\\/www.alpenklang.info\\\/en\\\/?s={search_term_string}\"},\"query-input\":{\"@type\":\"PropertyValueSpecification\",\"valueRequired\":true,\"valueName\":\"search_term_string\"}}],\"inLanguage\":\"de\"}]}<\/script>\n<!-- \/ Yoast SEO plugin. -->","yoast_head_json":{"title":"Kontakt & Anreise - Hotel & Berggasthaus Alpenklang, Gro\u00dfarl","description":"Kontakt: Schiedweg 47, A-5611 Gro\u00dfarl, +43 6414 575, hotel@alpenklang.info, Hotel auf 1.050 m, 4 km vor dem Ort Gro\u00dfarl & 2 km von der Hauptstra\u00dfe entfernt","robots":{"index":"index","follow":"follow","max-snippet":"max-snippet:-1","max-image-preview":"max-image-preview:large","max-video-preview":"max-video-preview:-1"},"canonical":"https:\/\/www.alpenklang.info\/at\/kontakt-service\/kontakt-anreise\/","og_locale":"de_DE","og_type":"article","og_title":"Kontakt & Anreise - Hotel & Berggasthaus Alpenklang, Gro\u00dfarl","og_description":"Kontakt: Schiedweg 47, A-5611 Gro\u00dfarl, +43 6414 575, hotel@alpenklang.info, Hotel auf 1.050 m, 4 km vor dem Ort Gro\u00dfarl & 2 km von der Hauptstra\u00dfe entfernt","og_url":"https:\/\/www.alpenklang.info\/at\/kontakt-service\/kontakt-anreise\/","og_site_name":"Hotel Alpenklang","article_modified_time":"2022-11-04T07:03:26+00:00","og_image":[{"width":1920,"height":750,"url":"https:\/\/www.alpenklang.info\/wp-content\/uploads\/hotel-berggasthaus-alpenklang-grossarl-4-1.jpg","type":"image\/jpeg"}],"twitter_misc":{"Est. reading time":"2 minutes"},"schema":{"@context":"https:\/\/schema.org","@graph":[{"@type":"WebPage","@id":"https:\/\/www.alpenklang.info\/at\/kontakt-service\/kontakt-anreise\/","url":"https:\/\/www.alpenklang.info\/at\/kontakt-service\/kontakt-anreise\/","name":"Kontakt & Anreise - Hotel & Berggasthaus Alpenklang, Gro\u00dfarl","isPartOf":{"@id":"https:\/\/www.alpenklang.info\/en\/#website"},"primaryImageOfPage":{"@id":"https:\/\/www.alpenklang.info\/at\/kontakt-service\/kontakt-anreise\/#primaryimage"},"image":{"@id":"https:\/\/www.alpenklang.info\/at\/kontakt-service\/kontakt-anreise\/#primaryimage"},"thumbnailUrl":"https:\/\/www.alpenklang.info\/wp-content\/uploads\/hotel-berggasthaus-alpenklang-grossarl-4-1.jpg","datePublished":"2016-03-30T07:49:33+00:00","dateModified":"2022-11-04T07:03:26+00:00","description":"Kontakt: Schiedweg 47, A-5611 Gro\u00dfarl, +43 6414 575, hotel@alpenklang.info, Hotel auf 1.050 m, 4 km vor dem Ort Gro\u00dfarl & 2 km von der Hauptstra\u00dfe entfernt","breadcrumb":{"@id":"https:\/\/www.alpenklang.info\/at\/kontakt-service\/kontakt-anreise\/#breadcrumb"},"inLanguage":"de","potentialAction":[{"@type":"ReadAction","target":["https:\/\/www.alpenklang.info\/at\/kontakt-service\/kontakt-anreise\/"]}]},{"@type":"ImageObject","inLanguage":"de","@id":"https:\/\/www.alpenklang.info\/at\/kontakt-service\/kontakt-anreise\/#primaryimage","url":"https:\/\/www.alpenklang.info\/wp-content\/uploads\/hotel-berggasthaus-alpenklang-grossarl-4-1.jpg","contentUrl":"https:\/\/www.alpenklang.info\/wp-content\/uploads\/hotel-berggasthaus-alpenklang-grossarl-4-1.jpg","width":1920,"height":750},{"@type":"BreadcrumbList","@id":"https:\/\/www.alpenklang.info\/at\/kontakt-service\/kontakt-anreise\/#breadcrumb","itemListElement":[{"@type":"ListItem","position":1,"name":"Home","item":"https:\/\/www.alpenklang.info\/at\/"},{"@type":"ListItem","position":2,"name":"Kontakt &#038; Service","item":"https:\/\/www.alpenklang.info\/at\/kontakt-service\/"},{"@type":"ListItem","position":3,"name":"Kontakt &#038; Anreise"}]},{"@type":"WebSite","@id":"https:\/\/www.alpenklang.info\/en\/#website","url":"https:\/\/www.alpenklang.info\/en\/","name":"Hotel Alpenklang","description":"Hotel &amp; Berggasthaus in Gro\u00dfarl","potentialAction":[{"@type":"SearchAction","target":{"@type":"EntryPoint","urlTemplate":"https:\/\/www.alpenklang.info\/en\/?s={search_term_string}"},"query-input":{"@type":"PropertyValueSpecification","valueRequired":true,"valueName":"search_term_string"}}],"inLanguage":"de"}]}},"_links":{"self":[{"href":"https:\/\/www.alpenklang.info\/at\/wp-json\/wp\/v2\/pages\/3035","targetHints":{"allow":["GET"]}}],"collection":[{"href":"https:\/\/www.alpenklang.info\/at\/wp-json\/wp\/v2\/pages"}],"about":[{"href":"https:\/\/www.alpenklang.info\/at\/wp-json\/wp\/v2\/types\/page"}],"author":[{"embeddable":true,"href":"https:\/\/www.alpenklang.info\/at\/wp-json\/wp\/v2\/users\/1"}],"replies":[{"embeddable":true,"href":"https:\/\/www.alpenklang.info\/at\/wp-json\/wp\/v2\/comments?post=3035"}],"version-history":[{"count":0,"href":"https:\/\/www.alpenklang.info\/at\/wp-json\/wp\/v2\/pages\/3035\/revisions"}],"up":[{"embeddable":true,"href":"https:\/\/www.alpenklang.info\/at\/wp-json\/wp\/v2\/pages\/3036"}],"wp:featuredmedia":[{"embeddable":true,"href":"https:\/\/www.alpenklang.info\/at\/wp-json\/wp\/v2\/media\/2766"}],"wp:attachment":[{"href":"https:\/\/www.alpenklang.info\/at\/wp-json\/wp\/v2\/media?parent=3035"}],"curies":[{"name":"wp","href":"https:\/\/api.w.org\/{rel}","templated":true}]}}