{"id":3041,"date":"2016-03-30T09:48:16","date_gmt":"2016-03-30T07:48:16","guid":{"rendered":"https:\/\/www.alpenklang.info\/at\/langlaufen-grossarl\/"},"modified":"2016-03-30T09:48:16","modified_gmt":"2016-03-30T07:48:16","slug":"langlaufen-grossarl","status":"publish","type":"page","link":"https:\/\/www.alpenklang.info\/at\/urlaub-grossarl\/langlaufen-grossarl\/","title":{"rendered":"Langlaufen"},"content":{"rendered":"<div class=\"wpb-content-wrapper\"><p>[vc_row][vc_column][vc_column_text]<\/p>\n<h1>Langlaufen\u00a0in Gro\u00dfarl<\/h1>\n<h2>Klassisch &amp; im Skating-Stil auf den Loipen im Salzburger Land<\/h2>\n<p>[\/vc_column_text][\/vc_column][\/vc_row][vc_row][vc_column width=&#8221;1\/2&#8243;][vc_column_text]<strong>\u00dcber 25 km lange Loipen<\/strong> stehen begeisterten Langl\u00e4ufern im\u00a0Gro\u00dfarltal im Salzburger Land\u00a0zur Verf\u00fcgung. Laufen\u00a0Sie auf den Strecken im <strong>klassischen und gro\u00dfteils Skating-Stil<\/strong> entlang der Gro\u00dfarler Ache &#8211; als Alternative zum Skifahren oder als Ausgleich nach einem Pistentag.[\/vc_column_text][\/vc_column][vc_column width=&#8221;1\/2&#8243;][vc_column_text]Die <strong>Loipen im Gro\u00dfarltal<\/strong> f\u00fchren Sie <strong>bis zum Talschluss<\/strong>, vorbei an der herrlich verschneiten Landschaft. F\u00fcr Abwechslung sorgen die <strong>beleuchteten Langlauf-Strecken<\/strong>. Langlaufen in Gro\u00dfarl im Salzburger Land ist ein wahrer Genuss und f\u00fcr Anf\u00e4nger sowie\u00a0K\u00f6nner geeignet.[\/vc_column_text][\/vc_column][\/vc_row][vc_row full_width=&#8221;stretch_row_content_no_spaces&#8221; el_class=&#8221;bilderreihe&#8221;][vc_column width=&#8221;1\/3&#8243;][vc_single_image image=&#8221;538&#8243; img_size=&#8221;big&#8221; onclick=&#8221;link_image&#8221; css=&#8221;.vc_custom_1459854721264{margin-bottom: 0px !important;}&#8221;][\/vc_column][vc_column width=&#8221;1\/3&#8243;][vc_single_image image=&#8221;539&#8243; img_size=&#8221;big&#8221; onclick=&#8221;link_image&#8221; css=&#8221;.vc_custom_1459854757852{margin-bottom: 0px !important;}&#8221;][\/vc_column][vc_column width=&#8221;1\/3&#8243;][vc_single_image image=&#8221;543&#8243; img_size=&#8221;big&#8221; onclick=&#8221;link_image&#8221; css=&#8221;.vc_custom_1459854850979{margin-bottom: 0px !important;}&#8221;][\/vc_column][\/vc_row][vc_row full_width=&#8221;stretch_row&#8221; el_class=&#8221;hintergrund kein-abstand&#8221;][vc_column][vc_column_text]<\/p>\n<h3>Langlaufen im Gro\u00dfarltal im \u00dcberblick<\/h3>\n<p>[\/vc_column_text][vc_row_inner][vc_column_inner width=&#8221;1\/2&#8243;][vc_column_text]<\/p>\n<ul>\n<li><a href=\"http:\/\/touren.grossarltal.info\/de\/touren\/#bm=oa_map_winter&amp;cat=Langlauf&amp;ov=skiresort&amp;zc=13,13.19939,47.2075\" target=\"_blank\">\u00dcber 25 km lange Langlaufloipen<\/a> in Gro\u00dfarl &amp; H\u00fcttschlag<\/li>\n<li>Gro\u00dfteils <strong>klassische<\/strong> &amp; <strong>Skating-Pr\u00e4parierung<\/strong><\/li>\n<li><strong>Gro\u00dfarl-Loipe<\/strong>:\u00a0von Gro\u00dfarl &#8220;Reitwiese&#8221; bis vor H\u00fcttschlag<\/li>\n<li>&#8220;Reitwiese&#8221;: <strong>\u00dcbungswiese<\/strong> mit Hindernis-Parcours<\/li>\n<li><strong>H\u00fcttschlag-Loipe<\/strong>: von H\u00fcttschlag bis zum Talschluss<\/li>\n<li><strong>Benutzung des Skibusses<\/strong> f\u00fcr Langl\u00e4ufer <strong>gratis<\/strong><\/li>\n<\/ul>\n<p>[\/vc_column_text][\/vc_column_inner][vc_column_inner width=&#8221;1\/2&#8243;][vc_column_text]<\/p>\n<ul>\n<li>Nacht-Langlaufen mehrmals w\u00f6chentlich: <strong>Nachtloipe &#8220;Reitwiese&#8221;<\/strong>\u00a0(ca. 2 km), <strong>Nachtloipe<\/strong> rund um das Aschaust\u00fcberl in <strong>H\u00fcttschlag<\/strong> (ca. 3 km)<\/li>\n<li>Langlaufkurse in\u00a0der Langlaufschule Silvester Hetteger &amp; <a href=\"http:\/\/www.dynergetik.at\/\" target=\"_blank\">Langlaufschule Dynercross<\/a><\/li>\n<li><strong>Skikeller &amp; Schuhtrockner<\/strong> im 4 Sterne Hotel Alpenklang<\/li>\n<\/ul>\n<p>[\/vc_column_text][\/vc_column_inner][\/vc_row_inner][\/vc_column][\/vc_row][vc_row][vc_column width=&#8221;1\/3&#8243;][vc_column_text]<span class=\"button-block\"><a href=\"https:\/\/www.alpenklang.info\/urlaub-grossarl\/skiurlaub-skifahren-grossarl\/\" target=\"_blank\">Skiurlaub in Gro\u00dfarl<\/a><\/span>[\/vc_column_text][\/vc_column][vc_column width=&#8221;1\/3&#8243;][vc_column_text]<span class=\"button-block\"><a href=\"https:\/\/www.alpenklang.info\/at\/urlaub-grossarl\/winterurlaub-grossarl\/\">Abseits der Piste<\/a><\/span>[\/vc_column_text][\/vc_column][vc_column width=&#8221;1\/3&#8243;][vc_column_text]<span class=\"button-block\"><a href=\"https:\/\/www.alpenklang.info\/at\/urlaub-grossarl\/wetter-grossarl\/\">Wetter<\/a><\/span>[\/vc_column_text][\/vc_column][\/vc_row]<\/p>\n<\/div>","protected":false},"excerpt":{"rendered":"<p>[vc_row][vc_column][vc_column_text] Langlaufen\u00a0in Gro\u00dfarl Klassisch &amp; im Skating-Stil auf den Loipen im Salzburger Land [\/vc_column_text][\/vc_column][\/vc_row][vc_row][vc_column width=&#8221;1\/2&#8243;][vc_column_text]\u00dcber 25 km lange Loipen stehen begeisterten Langl\u00e4ufern im\u00a0Gro\u00dfarltal im Salzburger Land\u00a0zur Verf\u00fcgung. Laufen\u00a0Sie auf den Strecken im klassischen und gro\u00dfteils Skating-Stil entlang der Gro\u00dfarler Ache &#8211; als Alternative zum Skifahren oder als Ausgleich nach einem Pistentag.[\/vc_column_text][\/vc_column][vc_column width=&#8221;1\/2&#8243;][vc_column_text]Die Loipen im Gro\u00dfarltal &hellip;<\/p>\n\n<p><a class=\"readmore btn btn-default btn-default btn-block\" href=\"https:\/\/www.alpenklang.info\/at\/urlaub-grossarl\/langlaufen-grossarl\/\">Read More<\/a><\/p>","protected":false},"author":1,"featured_media":2769,"parent":3048,"menu_order":0,"comment_status":"closed","ping_status":"closed","template":"","meta":{"footnotes":""},"class_list":["post-3041","page","type-page","status-publish","has-post-thumbnail","hentry"],"yoast_head":"<!-- This site is optimized with the Yoast SEO plugin v27.4 - https:\/\/yoast.com\/product\/yoast-seo-wordpress\/ -->\n<title>Langlaufen im Urlaub im Gro\u00dfarltal, Salzburger Land<\/title>\n<meta name=\"description\" content=\"\u00dcber 25 km Loipen stehen Ihnen im Gro\u00dfarltal zur Verf\u00fcgung. Langlaufen auf den Nachtloipen, gratis Benutzung des Skibusses, Langlaufkurse,...\" \/>\n<meta name=\"robots\" content=\"index, follow, max-snippet:-1, max-image-preview:large, max-video-preview:-1\" \/>\n<link rel=\"canonical\" href=\"https:\/\/www.alpenklang.info\/urlaub-grossarl\/langlaufen-grossarl\/\" \/>\n<meta property=\"og:locale\" content=\"de_DE\" \/>\n<meta property=\"og:type\" content=\"article\" \/>\n<meta property=\"og:title\" content=\"Langlaufen im Urlaub im Gro\u00dfarltal, Salzburger Land\" \/>\n<meta property=\"og:description\" content=\"\u00dcber 25 km Loipen stehen Ihnen im Gro\u00dfarltal zur Verf\u00fcgung. Langlaufen auf den Nachtloipen, gratis Benutzung des Skibusses, Langlaufkurse,...\" \/>\n<meta property=\"og:url\" content=\"https:\/\/www.alpenklang.info\/urlaub-grossarl\/langlaufen-grossarl\/\" \/>\n<meta property=\"og:site_name\" content=\"Hotel Alpenklang\" \/>\n<meta property=\"og:image\" content=\"https:\/\/www.alpenklang.info\/wp-content\/uploads\/langlaufen-grossarltal-salzburger-land-1.jpg\" \/>\n\t<meta property=\"og:image:width\" content=\"1920\" \/>\n\t<meta property=\"og:image:height\" content=\"750\" \/>\n\t<meta property=\"og:image:type\" content=\"image\/jpeg\" \/>\n<meta name=\"twitter:label1\" content=\"Est. reading time\" \/>\n\t<meta name=\"twitter:data1\" content=\"2 minutes\" \/>\n<script type=\"application\/ld+json\" class=\"yoast-schema-graph\">{\"@context\":\"https:\\\/\\\/schema.org\",\"@graph\":[{\"@type\":\"WebPage\",\"@id\":\"https:\\\/\\\/www.alpenklang.info\\\/urlaub-grossarl\\\/langlaufen-grossarl\\\/\",\"url\":\"https:\\\/\\\/www.alpenklang.info\\\/urlaub-grossarl\\\/langlaufen-grossarl\\\/\",\"name\":\"Langlaufen im Urlaub im Gro\u00dfarltal, Salzburger Land\",\"isPartOf\":{\"@id\":\"https:\\\/\\\/www.alpenklang.info\\\/en\\\/#website\"},\"primaryImageOfPage\":{\"@id\":\"https:\\\/\\\/www.alpenklang.info\\\/urlaub-grossarl\\\/langlaufen-grossarl\\\/#primaryimage\"},\"image\":{\"@id\":\"https:\\\/\\\/www.alpenklang.info\\\/urlaub-grossarl\\\/langlaufen-grossarl\\\/#primaryimage\"},\"thumbnailUrl\":\"https:\\\/\\\/www.alpenklang.info\\\/wp-content\\\/uploads\\\/langlaufen-grossarltal-salzburger-land-1.jpg\",\"datePublished\":\"2016-03-30T07:48:16+00:00\",\"description\":\"\u00dcber 25 km Loipen stehen Ihnen im Gro\u00dfarltal zur Verf\u00fcgung. Langlaufen auf den Nachtloipen, gratis Benutzung des Skibusses, Langlaufkurse,...\",\"breadcrumb\":{\"@id\":\"https:\\\/\\\/www.alpenklang.info\\\/urlaub-grossarl\\\/langlaufen-grossarl\\\/#breadcrumb\"},\"inLanguage\":\"de\",\"potentialAction\":[{\"@type\":\"ReadAction\",\"target\":[\"https:\\\/\\\/www.alpenklang.info\\\/urlaub-grossarl\\\/langlaufen-grossarl\\\/\"]}]},{\"@type\":\"ImageObject\",\"inLanguage\":\"de\",\"@id\":\"https:\\\/\\\/www.alpenklang.info\\\/urlaub-grossarl\\\/langlaufen-grossarl\\\/#primaryimage\",\"url\":\"https:\\\/\\\/www.alpenklang.info\\\/wp-content\\\/uploads\\\/langlaufen-grossarltal-salzburger-land-1.jpg\",\"contentUrl\":\"https:\\\/\\\/www.alpenklang.info\\\/wp-content\\\/uploads\\\/langlaufen-grossarltal-salzburger-land-1.jpg\",\"width\":1920,\"height\":750},{\"@type\":\"BreadcrumbList\",\"@id\":\"https:\\\/\\\/www.alpenklang.info\\\/urlaub-grossarl\\\/langlaufen-grossarl\\\/#breadcrumb\",\"itemListElement\":[{\"@type\":\"ListItem\",\"position\":1,\"name\":\"Home\",\"item\":\"https:\\\/\\\/www.alpenklang.info\\\/at\\\/\"},{\"@type\":\"ListItem\",\"position\":2,\"name\":\"Gro\u00dfarl aktiv\",\"item\":\"https:\\\/\\\/www.alpenklang.info\\\/urlaub-grossarl\\\/\"},{\"@type\":\"ListItem\",\"position\":3,\"name\":\"Langlaufen\"}]},{\"@type\":\"WebSite\",\"@id\":\"https:\\\/\\\/www.alpenklang.info\\\/en\\\/#website\",\"url\":\"https:\\\/\\\/www.alpenklang.info\\\/en\\\/\",\"name\":\"Hotel Alpenklang\",\"description\":\"Hotel &amp; Berggasthaus in Gro\u00dfarl\",\"potentialAction\":[{\"@type\":\"SearchAction\",\"target\":{\"@type\":\"EntryPoint\",\"urlTemplate\":\"https:\\\/\\\/www.alpenklang.info\\\/en\\\/?s={search_term_string}\"},\"query-input\":{\"@type\":\"PropertyValueSpecification\",\"valueRequired\":true,\"valueName\":\"search_term_string\"}}],\"inLanguage\":\"de\"}]}<\/script>\n<!-- \/ Yoast SEO plugin. -->","yoast_head_json":{"title":"Langlaufen im Urlaub im Gro\u00dfarltal, Salzburger Land","description":"\u00dcber 25 km Loipen stehen Ihnen im Gro\u00dfarltal zur Verf\u00fcgung. Langlaufen auf den Nachtloipen, gratis Benutzung des Skibusses, Langlaufkurse,...","robots":{"index":"index","follow":"follow","max-snippet":"max-snippet:-1","max-image-preview":"max-image-preview:large","max-video-preview":"max-video-preview:-1"},"canonical":"https:\/\/www.alpenklang.info\/urlaub-grossarl\/langlaufen-grossarl\/","og_locale":"de_DE","og_type":"article","og_title":"Langlaufen im Urlaub im Gro\u00dfarltal, Salzburger Land","og_description":"\u00dcber 25 km Loipen stehen Ihnen im Gro\u00dfarltal zur Verf\u00fcgung. Langlaufen auf den Nachtloipen, gratis Benutzung des Skibusses, Langlaufkurse,...","og_url":"https:\/\/www.alpenklang.info\/urlaub-grossarl\/langlaufen-grossarl\/","og_site_name":"Hotel Alpenklang","og_image":[{"width":1920,"height":750,"url":"https:\/\/www.alpenklang.info\/wp-content\/uploads\/langlaufen-grossarltal-salzburger-land-1.jpg","type":"image\/jpeg"}],"twitter_misc":{"Est. reading time":"2 minutes"},"schema":{"@context":"https:\/\/schema.org","@graph":[{"@type":"WebPage","@id":"https:\/\/www.alpenklang.info\/urlaub-grossarl\/langlaufen-grossarl\/","url":"https:\/\/www.alpenklang.info\/urlaub-grossarl\/langlaufen-grossarl\/","name":"Langlaufen im Urlaub im Gro\u00dfarltal, Salzburger Land","isPartOf":{"@id":"https:\/\/www.alpenklang.info\/en\/#website"},"primaryImageOfPage":{"@id":"https:\/\/www.alpenklang.info\/urlaub-grossarl\/langlaufen-grossarl\/#primaryimage"},"image":{"@id":"https:\/\/www.alpenklang.info\/urlaub-grossarl\/langlaufen-grossarl\/#primaryimage"},"thumbnailUrl":"https:\/\/www.alpenklang.info\/wp-content\/uploads\/langlaufen-grossarltal-salzburger-land-1.jpg","datePublished":"2016-03-30T07:48:16+00:00","description":"\u00dcber 25 km Loipen stehen Ihnen im Gro\u00dfarltal zur Verf\u00fcgung. Langlaufen auf den Nachtloipen, gratis Benutzung des Skibusses, Langlaufkurse,...","breadcrumb":{"@id":"https:\/\/www.alpenklang.info\/urlaub-grossarl\/langlaufen-grossarl\/#breadcrumb"},"inLanguage":"de","potentialAction":[{"@type":"ReadAction","target":["https:\/\/www.alpenklang.info\/urlaub-grossarl\/langlaufen-grossarl\/"]}]},{"@type":"ImageObject","inLanguage":"de","@id":"https:\/\/www.alpenklang.info\/urlaub-grossarl\/langlaufen-grossarl\/#primaryimage","url":"https:\/\/www.alpenklang.info\/wp-content\/uploads\/langlaufen-grossarltal-salzburger-land-1.jpg","contentUrl":"https:\/\/www.alpenklang.info\/wp-content\/uploads\/langlaufen-grossarltal-salzburger-land-1.jpg","width":1920,"height":750},{"@type":"BreadcrumbList","@id":"https:\/\/www.alpenklang.info\/urlaub-grossarl\/langlaufen-grossarl\/#breadcrumb","itemListElement":[{"@type":"ListItem","position":1,"name":"Home","item":"https:\/\/www.alpenklang.info\/at\/"},{"@type":"ListItem","position":2,"name":"Gro\u00dfarl aktiv","item":"https:\/\/www.alpenklang.info\/urlaub-grossarl\/"},{"@type":"ListItem","position":3,"name":"Langlaufen"}]},{"@type":"WebSite","@id":"https:\/\/www.alpenklang.info\/en\/#website","url":"https:\/\/www.alpenklang.info\/en\/","name":"Hotel Alpenklang","description":"Hotel &amp; Berggasthaus in Gro\u00dfarl","potentialAction":[{"@type":"SearchAction","target":{"@type":"EntryPoint","urlTemplate":"https:\/\/www.alpenklang.info\/en\/?s={search_term_string}"},"query-input":{"@type":"PropertyValueSpecification","valueRequired":true,"valueName":"search_term_string"}}],"inLanguage":"de"}]}},"_links":{"self":[{"href":"https:\/\/www.alpenklang.info\/at\/wp-json\/wp\/v2\/pages\/3041","targetHints":{"allow":["GET"]}}],"collection":[{"href":"https:\/\/www.alpenklang.info\/at\/wp-json\/wp\/v2\/pages"}],"about":[{"href":"https:\/\/www.alpenklang.info\/at\/wp-json\/wp\/v2\/types\/page"}],"author":[{"embeddable":true,"href":"https:\/\/www.alpenklang.info\/at\/wp-json\/wp\/v2\/users\/1"}],"replies":[{"embeddable":true,"href":"https:\/\/www.alpenklang.info\/at\/wp-json\/wp\/v2\/comments?post=3041"}],"version-history":[{"count":0,"href":"https:\/\/www.alpenklang.info\/at\/wp-json\/wp\/v2\/pages\/3041\/revisions"}],"up":[{"embeddable":true,"href":"https:\/\/www.alpenklang.info\/at\/wp-json\/wp\/v2\/pages\/3048"}],"wp:featuredmedia":[{"embeddable":true,"href":"https:\/\/www.alpenklang.info\/at\/wp-json\/wp\/v2\/media\/2769"}],"wp:attachment":[{"href":"https:\/\/www.alpenklang.info\/at\/wp-json\/wp\/v2\/media?parent=3041"}],"curies":[{"name":"wp","href":"https:\/\/api.w.org\/{rel}","templated":true}]}}