{"id":3042,"date":"2016-03-30T09:48:06","date_gmt":"2016-03-30T07:48:06","guid":{"rendered":"https:\/\/www.alpenklang.info\/at\/skiurlaub-skifahren-grossarl\/"},"modified":"2016-03-30T09:48:06","modified_gmt":"2016-03-30T07:48:06","slug":"skiurlaub-skifahren-grossarl","status":"publish","type":"page","link":"https:\/\/www.alpenklang.info\/at\/urlaub-grossarl\/skiurlaub-skifahren-grossarl\/","title":{"rendered":"Skiurlaub in Gro\u00dfarl"},"content":{"rendered":"<div class=\"wpb-content-wrapper\"><p>[vc_row][vc_column][vc_column_text]<\/p>\n<h1>Skiurlaub im Gro\u00dfarltal<\/h1>\n<h2>Skifahren &amp; Snowboarden im Ski amad\u00e9<\/h2>\n<p>[\/vc_column_text][\/vc_column][\/vc_row][vc_row][vc_column width=&#8221;1\/2&#8243;][vc_column_text]Extra breite Skipisten f\u00fcr die ganze Familie, herausfordernde Abfahrten bis ins Tal und Halfpipe-Spa\u00df mitten am Berg \u2013 Verbringen Sie sportliche Skitage im sonnenverw\u00f6hnten Gro\u00dfarl im <strong>Ski amad\u00e9.\u00a0<\/strong>Das Skigebiet<strong> Gro\u00dfarltal \u2013 Dorfgastein\u00a0<\/strong>h\u00e4lt f\u00fcr alle Vorlieben das Richtige bereit. Im <a href=\"https:\/\/www.alpenklang.info\/\">4 Sterne Hotel Alpenklang<\/a> wohnen Sie in Ihrem <strong>Skiurlaub auf 1.050 m Seeh\u00f6he<\/strong> und k\u00f6nnen die Bergwelt so richtig auskosten.[\/vc_column_text][\/vc_column][vc_column width=&#8221;1\/2&#8243;][vc_column_text]Das <strong>Skigebiet Gro\u00dfarl<\/strong> bietet Ihnen 17 modernste Liftanlagen, 73 km bestens pr\u00e4parierte Skipisten und Schneesicherheit von Dezember bis Ostern. Als Mitgliedsregion von <a href=\"http:\/\/www.skiamade.com\/de\/winter\" target=\"_blank\">Ski amad\u00e9<\/a> k\u00f6nnen Sie mit Ihrem Ticket <strong>21 weitere Skiregionen<\/strong> in der Umgebung testen. Der kostenlose Skibus transportiert Sie unbeschwert durchs gesamte Gro\u00dfarltal und ins <strong>Skigebiet St. Johann\/Alpendorf.<\/strong>[\/vc_column_text][\/vc_column][\/vc_row][vc_row full_width=&#8221;stretch_row_content_no_spaces&#8221; el_class=&#8221;bilderreihe&#8221;][vc_column width=&#8221;1\/3&#8243;][vc_single_image image=&#8221;409&#8243; img_size=&#8221;big&#8221; onclick=&#8221;link_image&#8221; css=&#8221;.vc_custom_1459780923714{margin-bottom: 0px !important;}&#8221;][\/vc_column][vc_column width=&#8221;1\/3&#8243;][vc_single_image image=&#8221;408&#8243; img_size=&#8221;big&#8221; onclick=&#8221;link_image&#8221; css=&#8221;.vc_custom_1459780937563{margin-bottom: 0px !important;}&#8221;][\/vc_column][vc_column width=&#8221;1\/3&#8243;][vc_single_image image=&#8221;407&#8243; img_size=&#8221;big&#8221; onclick=&#8221;link_image&#8221; css=&#8221;.vc_custom_1459780953943{margin-bottom: 0px !important;}&#8221;][\/vc_column][\/vc_row][vc_row full_width=&#8221;stretch_row&#8221; el_class=&#8221;hintergrund kein-abstand&#8221;][vc_column][vc_column_text]<\/p>\n<h3>Skifahren &amp; Snowboarden in Gro\u00dfarl<\/h3>\n<p>[\/vc_column_text][vc_row_inner][vc_column_inner width=&#8221;1\/2&#8243;][vc_column_text]<\/p>\n<ul>\n<li>Verbindung des Skigebiets Gro\u00dfarltal bis nach Dorfgastein<\/li>\n<li><strong>17 moderne Seilbahnanlagen<\/strong><\/li>\n<li><strong>73 km Pistenvergn\u00fcgen<\/strong><\/li>\n<li>Extra breite Pisten f\u00fcr die ganze Familie<\/li>\n<li><strong>Schneesicherheit<\/strong> von Dezember bis Ostern<\/li>\n<li>82 % der Pisten sind <strong>beschneibar<\/strong><\/li>\n<li>Mitgliedsregion von <a href=\"http:\/\/www.skiamade.com\/de\/winter\" target=\"_blank\">Ski amad\u00e9<\/a>\u00a0(insgesamt 760 Kilometer Pistenspa\u00df und 270 Seilbahnen mit 1 Ticket)<\/li>\n<li>Kinderareal <strong>&#8220;Funslope&#8221;<\/strong>\u00a0beim Tellerlift Kreuzh\u00f6he<\/li>\n<li>Skikeriki: jeden Mittwoch Skifahren vor dem offiziellen Bergbahnenstart mit Fr\u00fchst\u00fcck<\/li>\n<\/ul>\n<p>[\/vc_column_text][\/vc_column_inner][vc_column_inner width=&#8221;1\/2&#8243;][vc_column_text]<\/p>\n<ul>\n<li>Eigener <strong>Snowpark <\/strong>f\u00fcr ganz Mutige<\/li>\n<li><strong>Gratis W-Lan<\/strong>\u00a0im gesamten Skigebiet<\/li>\n<li><strong>14 bewirtschaftete Skih\u00fctten<\/strong> mit traditionell \u00f6sterreichischen H\u00fcttenschmankerln<\/li>\n<li>2 Skischulen &amp; Skikindergarten inkl. Verpflegung und Mittagsbetreuung<\/li>\n<li>&#8220;Naturplatzl&#8221; mit Sitzgelegenheit zum Sonnen<\/li>\n<li>Kostenloser <strong>Skibus<\/strong> im gesamten Tal &amp; nach<strong> St.Johann\/Alpendorf<\/strong><\/li>\n<li><strong>Busfahrer-Lounge<\/strong> bei der Talstation der Hochbrandbahn<\/li>\n<li><strong>Skidepot<\/strong> an der Talstation der Hochbrandbahn<\/li>\n<\/ul>\n<p>[\/vc_column_text][\/vc_column_inner][\/vc_row_inner][vc_row_inner][vc_column_inner width=&#8221;1\/3&#8243;][vc_column_text]<span class=\"button-block\"><a href=\"http:\/\/ticket.skiamade.com\/skiamade-desktop\/calculator\/\" target=\"_blank\">Skipass-Kalkulator<\/a><\/span>[\/vc_column_text][\/vc_column_inner][vc_column_inner width=&#8221;1\/3&#8243;][vc_column_text]<span class=\"button-block\"><a href=\"http:\/\/www.skiamade.com\/de\/winter\/skiregionen\/pistenpanorama?zoom=85\" target=\"_blank\">Interaktives Pistenpanorama<\/a><\/span>[\/vc_column_text][\/vc_column_inner][vc_column_inner width=&#8221;1\/3&#8243;][vc_column_text]<span class=\"button-block\"><a href=\"http:\/\/www.skiamade.com\/de\/winter\/skiregionen\/grossarltal-dorfgastein\/grossarltal\" target=\"_blank\">Skigebiet Gro\u00dfarltal<\/a><\/span>[\/vc_column_text][\/vc_column_inner][\/vc_row_inner][\/vc_column][\/vc_row][vc_row][vc_column][vc_column_text]<\/p>\n<h4>Ihre Pistenvorteile im Skihotel Alpenklang<\/h4>\n<p>[\/vc_column_text]<div class=\"ult-content-box-container \" >\t\t<div class=\"ult-content-box\" style=\"background-color:#8e1527;box-shadow: px px px px #f7f7f7 none;-webkit-transition: all 700ms ease;-moz-transition: all 700ms ease;-ms-transition: all 700ms ease;-o-transition: all 700ms ease;transition: all 700ms ease;\"  data-hover_box_shadow=\"none\"     data-bg=\"#8e1527\" >[vc_row_inner content_placement=&#8221;middle&#8221;][vc_column_inner width=&#8221;1\/2&#8243;][vc_single_image image=&#8221;433&#8243; img_size=&#8221;medium&#8221; onclick=&#8221;link_image&#8221; css=&#8221;.vc_custom_1459782931799{margin-bottom: 0px !important;}&#8221;][\/vc_column_inner][vc_column_inner width=&#8221;1\/2&#8243;][vc_column_text css=&#8221;.vc_custom_1460359089090{margin-bottom: 0px !important;}&#8221;]<\/p>\n<h4>Im Skiurlaub in Gro\u00dfarl inklusive<\/h4>\n<p>[\/vc_column_text][vc_column_text css=&#8221;.vc_custom_1460445163606{margin-bottom: 0px !important;}&#8221;]F\u00fcr eine bequeme und stresslose Anfahrt zum Skigebiet sorgt das\u00a0<strong>hoteleigene Ski-Shuttle<\/strong>, das\u00a0Sie direkt in den Skiverbund\u00a0<strong>Ski amad\u00e9<\/strong> bringt.\u00a0Ihre Skier und Ihr Snowboard k\u00f6nnen Sie kostenlos im<strong>\u00a0versperrbaren Skikeller<\/strong> des 4 Sterne Hotels\u00a0aufbewahren. Der <strong>Skischuhtrockner<\/strong> sorgt jeden Tag f\u00fcr wohlig warme Schuhe.[\/vc_column_text][\/vc_column_inner][\/vc_row_inner]\t\t<\/div><\/div>[\/vc_column][\/vc_row][vc_row][vc_column width=&#8221;1\/3&#8243;][vc_column_text]<span class=\"button-block\"><a href=\"https:\/\/www.alpenklang.info\/at\/urlaub-grossarl\/langlaufen-grossarl\/\">Langlaufen<\/a><\/span>[\/vc_column_text][\/vc_column][vc_column width=&#8221;1\/3&#8243;][vc_column_text]<span class=\"button-block\"><a href=\"https:\/\/www.alpenklang.info\/at\/urlaub-grossarl\/winterurlaub-grossarl\/\">Abseits der Piste<\/a><\/span>[\/vc_column_text][\/vc_column][vc_column width=&#8221;1\/3&#8243;][vc_column_text]<span class=\"button-block\"><a href=\"https:\/\/www.alpenklang.info\/at\/urlaub-grossarl\/webcams-grossarltal\/\">Webcams<\/a><\/span>[\/vc_column_text][\/vc_column][\/vc_row]<\/p>\n<\/div>","protected":false},"excerpt":{"rendered":"<p>[vc_row][vc_column][vc_column_text] Skiurlaub im Gro\u00dfarltal Skifahren &amp; Snowboarden im Ski amad\u00e9 [\/vc_column_text][\/vc_column][\/vc_row][vc_row][vc_column width=&#8221;1\/2&#8243;][vc_column_text]Extra breite Skipisten f\u00fcr die ganze Familie, herausfordernde Abfahrten bis ins Tal und Halfpipe-Spa\u00df mitten am Berg \u2013 Verbringen Sie sportliche Skitage im sonnenverw\u00f6hnten Gro\u00dfarl im Ski amad\u00e9.\u00a0Das Skigebiet Gro\u00dfarltal \u2013 Dorfgastein\u00a0h\u00e4lt f\u00fcr alle Vorlieben das Richtige bereit. Im 4 Sterne Hotel Alpenklang wohnen &hellip;<\/p>\n\n<p><a class=\"readmore btn btn-default btn-default btn-block\" href=\"https:\/\/www.alpenklang.info\/at\/urlaub-grossarl\/skiurlaub-skifahren-grossarl\/\">Read More<\/a><\/p>","protected":false},"author":1,"featured_media":2743,"parent":3048,"menu_order":0,"comment_status":"closed","ping_status":"closed","template":"","meta":{"footnotes":""},"class_list":["post-3042","page","type-page","status-publish","has-post-thumbnail","hentry"],"yoast_head":"<!-- This site is optimized with the Yoast SEO plugin v27.5 - https:\/\/yoast.com\/product\/yoast-seo-wordpress\/ -->\n<title>Ihr Skiurlaub in Gro\u00dfarl, Salzburg - Skifahren in Ski amad\u00e9<\/title>\n<meta name=\"description\" content=\"Hotel-Ski-Shuttle, versperrbarer Skikeller, Skischuhtrockner uvm. im 4 Sterne Hotel Alpenklang - Ihr Skiurlaub in Gro\u00dfarl, Skiverbund Ski amad\u00e9, Salzburg.\" \/>\n<meta name=\"robots\" content=\"index, follow, max-snippet:-1, max-image-preview:large, max-video-preview:-1\" \/>\n<link rel=\"canonical\" href=\"https:\/\/www.alpenklang.info\/urlaub-grossarl\/skiurlaub-skifahren-grossarl\/\" \/>\n<meta property=\"og:locale\" content=\"de_DE\" \/>\n<meta property=\"og:type\" content=\"article\" \/>\n<meta property=\"og:title\" content=\"Ihr Skiurlaub in Gro\u00dfarl, Salzburg - Skifahren in Ski amad\u00e9\" \/>\n<meta property=\"og:description\" content=\"Hotel-Ski-Shuttle, versperrbarer Skikeller, Skischuhtrockner uvm. im 4 Sterne Hotel Alpenklang - Ihr Skiurlaub in Gro\u00dfarl, Skiverbund Ski amad\u00e9, Salzburg.\" \/>\n<meta property=\"og:url\" content=\"https:\/\/www.alpenklang.info\/urlaub-grossarl\/skiurlaub-skifahren-grossarl\/\" \/>\n<meta property=\"og:site_name\" content=\"Hotel Alpenklang\" \/>\n<meta property=\"og:image\" content=\"https:\/\/www.alpenklang.info\/wp-content\/uploads\/skiurlaub-grossarl-hotel-berggasthof-alpenklang-05.jpg\" \/>\n\t<meta property=\"og:image:width\" content=\"1920\" \/>\n\t<meta property=\"og:image:height\" content=\"750\" \/>\n\t<meta property=\"og:image:type\" content=\"image\/jpeg\" \/>\n<meta name=\"twitter:label1\" content=\"Est. reading time\" \/>\n\t<meta name=\"twitter:data1\" content=\"3 minutes\" \/>\n<script type=\"application\/ld+json\" class=\"yoast-schema-graph\">{\"@context\":\"https:\\\/\\\/schema.org\",\"@graph\":[{\"@type\":\"WebPage\",\"@id\":\"https:\\\/\\\/www.alpenklang.info\\\/urlaub-grossarl\\\/skiurlaub-skifahren-grossarl\\\/\",\"url\":\"https:\\\/\\\/www.alpenklang.info\\\/urlaub-grossarl\\\/skiurlaub-skifahren-grossarl\\\/\",\"name\":\"Ihr Skiurlaub in Gro\u00dfarl, Salzburg - Skifahren in Ski amad\u00e9\",\"isPartOf\":{\"@id\":\"https:\\\/\\\/www.alpenklang.info\\\/en\\\/#website\"},\"primaryImageOfPage\":{\"@id\":\"https:\\\/\\\/www.alpenklang.info\\\/urlaub-grossarl\\\/skiurlaub-skifahren-grossarl\\\/#primaryimage\"},\"image\":{\"@id\":\"https:\\\/\\\/www.alpenklang.info\\\/urlaub-grossarl\\\/skiurlaub-skifahren-grossarl\\\/#primaryimage\"},\"thumbnailUrl\":\"https:\\\/\\\/www.alpenklang.info\\\/wp-content\\\/uploads\\\/skiurlaub-grossarl-hotel-berggasthof-alpenklang-05.jpg\",\"datePublished\":\"2016-03-30T07:48:06+00:00\",\"description\":\"Hotel-Ski-Shuttle, versperrbarer Skikeller, Skischuhtrockner uvm. im 4 Sterne Hotel Alpenklang - Ihr Skiurlaub in Gro\u00dfarl, Skiverbund Ski amad\u00e9, Salzburg.\",\"breadcrumb\":{\"@id\":\"https:\\\/\\\/www.alpenklang.info\\\/urlaub-grossarl\\\/skiurlaub-skifahren-grossarl\\\/#breadcrumb\"},\"inLanguage\":\"de\",\"potentialAction\":[{\"@type\":\"ReadAction\",\"target\":[\"https:\\\/\\\/www.alpenklang.info\\\/urlaub-grossarl\\\/skiurlaub-skifahren-grossarl\\\/\"]}]},{\"@type\":\"ImageObject\",\"inLanguage\":\"de\",\"@id\":\"https:\\\/\\\/www.alpenklang.info\\\/urlaub-grossarl\\\/skiurlaub-skifahren-grossarl\\\/#primaryimage\",\"url\":\"https:\\\/\\\/www.alpenklang.info\\\/wp-content\\\/uploads\\\/skiurlaub-grossarl-hotel-berggasthof-alpenklang-05.jpg\",\"contentUrl\":\"https:\\\/\\\/www.alpenklang.info\\\/wp-content\\\/uploads\\\/skiurlaub-grossarl-hotel-berggasthof-alpenklang-05.jpg\",\"width\":1920,\"height\":750},{\"@type\":\"BreadcrumbList\",\"@id\":\"https:\\\/\\\/www.alpenklang.info\\\/urlaub-grossarl\\\/skiurlaub-skifahren-grossarl\\\/#breadcrumb\",\"itemListElement\":[{\"@type\":\"ListItem\",\"position\":1,\"name\":\"Home\",\"item\":\"https:\\\/\\\/www.alpenklang.info\\\/at\\\/\"},{\"@type\":\"ListItem\",\"position\":2,\"name\":\"Gro\u00dfarl aktiv\",\"item\":\"https:\\\/\\\/www.alpenklang.info\\\/urlaub-grossarl\\\/\"},{\"@type\":\"ListItem\",\"position\":3,\"name\":\"Skiurlaub in Gro\u00dfarl\"}]},{\"@type\":\"WebSite\",\"@id\":\"https:\\\/\\\/www.alpenklang.info\\\/en\\\/#website\",\"url\":\"https:\\\/\\\/www.alpenklang.info\\\/en\\\/\",\"name\":\"Hotel Alpenklang\",\"description\":\"Hotel &amp; Berggasthaus in Gro\u00dfarl\",\"potentialAction\":[{\"@type\":\"SearchAction\",\"target\":{\"@type\":\"EntryPoint\",\"urlTemplate\":\"https:\\\/\\\/www.alpenklang.info\\\/en\\\/?s={search_term_string}\"},\"query-input\":{\"@type\":\"PropertyValueSpecification\",\"valueRequired\":true,\"valueName\":\"search_term_string\"}}],\"inLanguage\":\"de\"}]}<\/script>\n<!-- \/ Yoast SEO plugin. -->","yoast_head_json":{"title":"Ihr Skiurlaub in Gro\u00dfarl, Salzburg - Skifahren in Ski amad\u00e9","description":"Hotel-Ski-Shuttle, versperrbarer Skikeller, Skischuhtrockner uvm. im 4 Sterne Hotel Alpenklang - Ihr Skiurlaub in Gro\u00dfarl, Skiverbund Ski amad\u00e9, Salzburg.","robots":{"index":"index","follow":"follow","max-snippet":"max-snippet:-1","max-image-preview":"max-image-preview:large","max-video-preview":"max-video-preview:-1"},"canonical":"https:\/\/www.alpenklang.info\/urlaub-grossarl\/skiurlaub-skifahren-grossarl\/","og_locale":"de_DE","og_type":"article","og_title":"Ihr Skiurlaub in Gro\u00dfarl, Salzburg - Skifahren in Ski amad\u00e9","og_description":"Hotel-Ski-Shuttle, versperrbarer Skikeller, Skischuhtrockner uvm. im 4 Sterne Hotel Alpenklang - Ihr Skiurlaub in Gro\u00dfarl, Skiverbund Ski amad\u00e9, Salzburg.","og_url":"https:\/\/www.alpenklang.info\/urlaub-grossarl\/skiurlaub-skifahren-grossarl\/","og_site_name":"Hotel Alpenklang","og_image":[{"width":1920,"height":750,"url":"https:\/\/www.alpenklang.info\/wp-content\/uploads\/skiurlaub-grossarl-hotel-berggasthof-alpenklang-05.jpg","type":"image\/jpeg"}],"twitter_misc":{"Est. reading time":"3 minutes"},"schema":{"@context":"https:\/\/schema.org","@graph":[{"@type":"WebPage","@id":"https:\/\/www.alpenklang.info\/urlaub-grossarl\/skiurlaub-skifahren-grossarl\/","url":"https:\/\/www.alpenklang.info\/urlaub-grossarl\/skiurlaub-skifahren-grossarl\/","name":"Ihr Skiurlaub in Gro\u00dfarl, Salzburg - Skifahren in Ski amad\u00e9","isPartOf":{"@id":"https:\/\/www.alpenklang.info\/en\/#website"},"primaryImageOfPage":{"@id":"https:\/\/www.alpenklang.info\/urlaub-grossarl\/skiurlaub-skifahren-grossarl\/#primaryimage"},"image":{"@id":"https:\/\/www.alpenklang.info\/urlaub-grossarl\/skiurlaub-skifahren-grossarl\/#primaryimage"},"thumbnailUrl":"https:\/\/www.alpenklang.info\/wp-content\/uploads\/skiurlaub-grossarl-hotel-berggasthof-alpenklang-05.jpg","datePublished":"2016-03-30T07:48:06+00:00","description":"Hotel-Ski-Shuttle, versperrbarer Skikeller, Skischuhtrockner uvm. im 4 Sterne Hotel Alpenklang - Ihr Skiurlaub in Gro\u00dfarl, Skiverbund Ski amad\u00e9, Salzburg.","breadcrumb":{"@id":"https:\/\/www.alpenklang.info\/urlaub-grossarl\/skiurlaub-skifahren-grossarl\/#breadcrumb"},"inLanguage":"de","potentialAction":[{"@type":"ReadAction","target":["https:\/\/www.alpenklang.info\/urlaub-grossarl\/skiurlaub-skifahren-grossarl\/"]}]},{"@type":"ImageObject","inLanguage":"de","@id":"https:\/\/www.alpenklang.info\/urlaub-grossarl\/skiurlaub-skifahren-grossarl\/#primaryimage","url":"https:\/\/www.alpenklang.info\/wp-content\/uploads\/skiurlaub-grossarl-hotel-berggasthof-alpenklang-05.jpg","contentUrl":"https:\/\/www.alpenklang.info\/wp-content\/uploads\/skiurlaub-grossarl-hotel-berggasthof-alpenklang-05.jpg","width":1920,"height":750},{"@type":"BreadcrumbList","@id":"https:\/\/www.alpenklang.info\/urlaub-grossarl\/skiurlaub-skifahren-grossarl\/#breadcrumb","itemListElement":[{"@type":"ListItem","position":1,"name":"Home","item":"https:\/\/www.alpenklang.info\/at\/"},{"@type":"ListItem","position":2,"name":"Gro\u00dfarl aktiv","item":"https:\/\/www.alpenklang.info\/urlaub-grossarl\/"},{"@type":"ListItem","position":3,"name":"Skiurlaub in Gro\u00dfarl"}]},{"@type":"WebSite","@id":"https:\/\/www.alpenklang.info\/en\/#website","url":"https:\/\/www.alpenklang.info\/en\/","name":"Hotel Alpenklang","description":"Hotel &amp; Berggasthaus in Gro\u00dfarl","potentialAction":[{"@type":"SearchAction","target":{"@type":"EntryPoint","urlTemplate":"https:\/\/www.alpenklang.info\/en\/?s={search_term_string}"},"query-input":{"@type":"PropertyValueSpecification","valueRequired":true,"valueName":"search_term_string"}}],"inLanguage":"de"}]}},"_links":{"self":[{"href":"https:\/\/www.alpenklang.info\/at\/wp-json\/wp\/v2\/pages\/3042","targetHints":{"allow":["GET"]}}],"collection":[{"href":"https:\/\/www.alpenklang.info\/at\/wp-json\/wp\/v2\/pages"}],"about":[{"href":"https:\/\/www.alpenklang.info\/at\/wp-json\/wp\/v2\/types\/page"}],"author":[{"embeddable":true,"href":"https:\/\/www.alpenklang.info\/at\/wp-json\/wp\/v2\/users\/1"}],"replies":[{"embeddable":true,"href":"https:\/\/www.alpenklang.info\/at\/wp-json\/wp\/v2\/comments?post=3042"}],"version-history":[{"count":0,"href":"https:\/\/www.alpenklang.info\/at\/wp-json\/wp\/v2\/pages\/3042\/revisions"}],"up":[{"embeddable":true,"href":"https:\/\/www.alpenklang.info\/at\/wp-json\/wp\/v2\/pages\/3048"}],"wp:featuredmedia":[{"embeddable":true,"href":"https:\/\/www.alpenklang.info\/at\/wp-json\/wp\/v2\/media\/2743"}],"wp:attachment":[{"href":"https:\/\/www.alpenklang.info\/at\/wp-json\/wp\/v2\/media?parent=3042"}],"curies":[{"name":"wp","href":"https:\/\/api.w.org\/{rel}","templated":true}]}}