{"id":3044,"date":"2016-03-30T09:44:07","date_gmt":"2016-03-30T07:44:07","guid":{"rendered":"https:\/\/www.alpenklang.info\/at\/sommerurlaub-salzburger-land\/"},"modified":"2016-03-30T09:44:07","modified_gmt":"2016-03-30T07:44:07","slug":"sommerurlaub-salzburger-land","status":"publish","type":"page","link":"https:\/\/www.alpenklang.info\/at\/urlaub-grossarl\/sommerurlaub-salzburger-land\/","title":{"rendered":"Weitere Sommeraktivit\u00e4ten"},"content":{"rendered":"<div class=\"wpb-content-wrapper\"><p>[vc_row][vc_column][vc_column_text]<\/p>\n<h1>Aktiv im Sommerurlaub in Gro\u00dfarl<\/h1>\n<h2>Schwimmen, Abenteuersport, Nordic Walking uvm. im Gro\u00dfarltal<\/h2>\n<p>[\/vc_column_text][\/vc_column][\/vc_row][vc_row][vc_column width=&#8221;1\/2&#8243;][vc_column_text]Das Gro\u00dfarltal mit den\u00a0Orten Gro\u00dfarl und H\u00fcttschlag bietet eine Vielzahl an <strong>Freizeitangeboten<\/strong> und <strong>Sportm\u00f6glichkeiten<\/strong>. Erleben Sie die Region in Ihrem Sommerurlaub im Salzburger Land auf unterschiedliche Weise und testen\u00a0Sie neue Sportarten. Ein Muss in Ihrem Familienurlaub ist der Besuch der <strong>Rucki Zucki&#8217;s Gaudi-Alm<\/strong>, dem riesigen Abenteuerspielplatz in Gro\u00dfarl.[\/vc_column_text][\/vc_column][vc_column width=&#8221;1\/2&#8243;][vc_column_text]Hier werden die Augen Ihrer Kinder leuchten. Abwechslung zum <a href=\"https:\/\/www.alpenklang.info\/urlaub-grossarl\/wandern-bergsteigen-grossarl\/\">Wandern<\/a> und <a href=\"https:\/\/www.alpenklang.info\/urlaub-grossarl\/radfahren-mountainbiken-salzburger-land\/\">Mountainbiken<\/a> finden Sie beim <strong>Tennis-<\/strong> und <strong>Golfspielen<\/strong>, <strong>Fischen<\/strong> und <strong>Modellsegelfliegen<\/strong>. Wer es lieber aufregend mag,\u00a0kann das\u00a0Angebot an <strong>Abenteuersport<\/strong> voll\u00a0auskosten. Spa\u00df, Bewegung oder Entspannung &#8211; gestalten Sie Ihren <strong>Sommerurlaub in Gro\u00dfarl<\/strong> ganz nach Ihren Vorlieben.[\/vc_column_text][\/vc_column][\/vc_row][vc_row full_width=&#8221;stretch_row&#8221; el_class=&#8221;hintergrund&#8221; css=&#8221;.vc_custom_1459842375367{margin-bottom: 0px !important;}&#8221;][vc_column][vc_column_text]<\/p>\n<h3>Vielf\u00e4ltige Sommer-Aktivit\u00e4ten f\u00fcr Gro\u00df &amp; Klein<\/h3>\n<p>[\/vc_column_text][vc_tta_accordion active_section=&#8221;false&#8221; collapsible_all=&#8221;true&#8221;][vc_tta_section title=&#8221;Sport- &amp; Freizeitzentrum Gro\u00dfarl&#8221; tab_id=&#8221;1459837654203-c2c66c62-486c&#8221;][vc_column_text]<\/p>\n<h5>Abenteuerspielplatz,\u00a0Schwimmbad, Tennispl\u00e4tze,&#8230;<\/h5>\n<p>[\/vc_column_text][vc_row_inner content_placement=&#8221;middle&#8221;][vc_column_inner width=&#8221;1\/2&#8243;][vc_single_image image=&#8221;468&#8243; img_size=&#8221;medium&#8221; onclick=&#8221;link_image&#8221;][\/vc_column_inner][vc_column_inner width=&#8221;1\/2&#8243;][vc_column_text]<\/p>\n<ul>\n<li>Gro\u00dfer <strong>Abenteuerspielplatz<\/strong>\u00a0<strong>Rucki Zucki\u2019s Gaudi-Alm<\/strong> (kostenloser Eintritt):\u00a0Kinderalmen, Mini-Bauernhof, Goa\u00df-Stall mit Streicheltieren, Bergbach\u00a0mit Stauwerken, Bergsee mit Flo\u00df-Anlage, Go-Kart-Bahn, Kristallbergwerk mit unterirdischen Stollen, Baumh\u00fcttenweg, Wellenrutsche, Kleinkindbereich uvm.<\/li>\n<li><strong>Erlebnisschwimmbad<\/strong> mit 4 Becken<\/li>\n<li>Beachvolleyball-Platz,\u00a0Tennispl\u00e4tze, <strong>Minigolf<\/strong><\/li>\n<li><strong>Fu\u00dfballplatz<\/strong>,\u00a0Streetsoccer-Pl\u00e4tze<\/li>\n<\/ul>\n<p>[\/vc_column_text][\/vc_column_inner][\/vc_row_inner][\/vc_tta_section][vc_tta_section title=&#8221;Tennis &amp; Golf&#8221; tab_id=&#8221;1459838731911-77d51d2a-4e47&#8243;][vc_column_text]<\/p>\n<h5>Ballsport im Gro\u00dfarltal &amp; in der Region<\/h5>\n<p>[\/vc_column_text][vc_row_inner content_placement=&#8221;middle&#8221;][vc_column_inner width=&#8221;1\/2&#8243;][vc_single_image image=&#8221;479&#8243; img_size=&#8221;medium&#8221; onclick=&#8221;link_image&#8221;][\/vc_column_inner][vc_column_inner width=&#8221;1\/2&#8243;][vc_column_text]<\/p>\n<ul>\n<li>Moderne <strong>Tennis-Freipl\u00e4tze<\/strong> im Freizeitzentrum Gro\u00dfarl &amp; beim Hotel Moar-Gut<\/li>\n<li><strong>Verleih von Tennis-Ausr\u00fcstung<\/strong> bei Intersport Lackner<\/li>\n<li><strong>Tennis-Kurse<\/strong> bei der Tennis- &amp; Bewegungsschule K\u00f6ssner<\/li>\n<li>Golfpl\u00e4tze in der Umgebung: <strong>Golfclub Goldegg<\/strong> (ca. 24 km), <strong>OPEN GOLF St. Johann<\/strong> (ca. 20 km), <strong>Golfclub Gastein<\/strong> (ca. 48 km), <strong>Golfclub Tauerngolf<\/strong> Radstadt (ca. 44 km)<\/li>\n<li><strong>Minigolf-Platz<\/strong> im Freizeitzentrum Gro\u00dfarl<\/li>\n<\/ul>\n<p>[\/vc_column_text][\/vc_column_inner][\/vc_row_inner][\/vc_tta_section][vc_tta_section title=&#8221;Fischen, Angeln &amp; Modellsegelflug&#8221; tab_id=&#8221;1459838815951-2e00ea20-a1bb&#8221;][vc_column_text]<\/p>\n<h5>In den Gew\u00e4ssern &amp; in der Luft unterwegs<\/h5>\n<p>[\/vc_column_text][vc_row_inner content_placement=&#8221;middle&#8221;][vc_column_inner width=&#8221;1\/2&#8243;][vc_single_image image=&#8221;486&#8243; img_size=&#8221;medium&#8221; onclick=&#8221;link_image&#8221;][\/vc_column_inner][vc_column_inner width=&#8221;1\/2&#8243;][vc_column_text]<\/p>\n<ul>\n<li><strong>Fischen &amp; Angeln<\/strong> in der<strong> Gro\u00dfarler Ache<\/strong> &amp; im <strong>\u00d6tzlsee<br \/>\n<\/strong>Talschluss des Gro\u00dfarltals z\u00e4hlt zu sch\u00f6nsten Fischgew\u00e4ssern im Salzburger Land<\/li>\n<li><strong>Gute Fischbest\u00e4nde<\/strong>, \u00d6tzlsee: <strong>einziges Vorkommen des Alpenlachs<\/strong> in Salzburg<\/li>\n<li>Fischerkarte &amp; n\u00e4here Informationen beim Tourismusverband Gro\u00dfarltal<\/li>\n<li><strong>Modellsegelflug-Pl\u00e4tze<\/strong>: Natur-Platzl, Bichlalm, Hoamalm<\/li>\n<\/ul>\n<p>[\/vc_column_text][\/vc_column_inner][\/vc_row_inner][\/vc_tta_section][vc_tta_section title=&#8221;Klettern &amp; Abenteuersport&#8221; tab_id=&#8221;1459838845755-3b16492f-b5c5&#8243;][vc_column_text]<\/p>\n<h5>Spa\u00df, Spannung &amp; Nervenkitzel im Gro\u00dfarltal<\/h5>\n<p>[\/vc_column_text][vc_row_inner content_placement=&#8221;middle&#8221;][vc_column_inner width=&#8221;1\/2&#8243;][vc_single_image image=&#8221;477&#8243; img_size=&#8221;medium&#8221; onclick=&#8221;link_image&#8221;][\/vc_column_inner][vc_column_inner width=&#8221;1\/2&#8243;][vc_column_text]<\/p>\n<ul>\n<li><strong>Klettersteige<\/strong>: &#8220;Kupfergeist&#8221;, &#8220;Franzl&#8221;, &#8220;Bella Cascinaia&#8221;,\u00a0\u00dcbungsklettersteig &#8220;Gletschergoa\u00df&#8221;<\/li>\n<li><strong>Klettern im Gro\u00dfarltal<\/strong>: ca. 10 unterschiedlich schwierige Kletterrouten am Schuhflicker &amp; den Vorgipfeln<\/li>\n<li><strong>Gef\u00fchrte Klettersteigtouren<\/strong> mit <a href=\"http:\/\/www.berg-gesund.at\/\" target=\"_blank\">Berg Gesund<\/a><\/li>\n<li><strong>3D-Bogenschie\u00dfen<\/strong>: Pfeilbogenparcours auf der Hoamalm<\/li>\n<li><strong>Rafting<\/strong>&#8211;\u00a0&amp; <strong>Canyoning<\/strong>-Angebot bei <a href=\"http:\/\/www.pleasure-elements.at\/\" target=\"_blank\">Pleasure Elements<\/a>, <a href=\"http:\/\/www.frostrafting.at\/\" target=\"_blank\">Frost Rafting<\/a>, <a href=\"http:\/\/www.raftingcenter.com\/\" target=\"_blank\">Raftingcenter Taxenbach<\/a><\/li>\n<li><strong>Tandem-Paragleiten<\/strong> bei <a href=\"http:\/\/www.flytandem.at\/\" target=\"_blank\">Flytandem.at,<\/a>\u00a0<a href=\"http:\/\/www.pleasure-elements.at\/\" target=\"_blank\">Pleasure Elements<\/a>,\u00a0<a href=\"http:\/\/www.berg-gesund.at\/\" target=\"_blank\">Berg-Gesund<\/a><\/li>\n<li>Gef\u00fchrte <strong>Segway<\/strong>-Touren<\/li>\n<\/ul>\n<p>[\/vc_column_text][\/vc_column_inner][\/vc_row_inner][\/vc_tta_section][\/vc_tta_accordion][\/vc_column][\/vc_row][vc_row full_width=&#8221;stretch_row_content_no_spaces&#8221;][vc_column width=&#8221;1\/3&#8243;][vc_single_image image=&#8221;493&#8243; img_size=&#8221;big&#8221; onclick=&#8221;link_image&#8221;][\/vc_column][vc_column width=&#8221;1\/3&#8243;][vc_single_image image=&#8221;494&#8243; img_size=&#8221;big&#8221; onclick=&#8221;link_image&#8221;][\/vc_column][vc_column width=&#8221;1\/3&#8243;][vc_single_image image=&#8221;495&#8243; img_size=&#8221;big&#8221; onclick=&#8221;link_image&#8221;][\/vc_column][\/vc_row][vc_row][vc_column width=&#8221;1\/3&#8243;][vc_column_text]<span class=\"button-block\"><a href=\"https:\/\/www.alpenklang.info\/urlaub-grossarl\/wandern-bergsteigen-grossarl\/\">Wandern &amp; Bergsteigen<\/a><\/span>[\/vc_column_text][\/vc_column][vc_column width=&#8221;1\/3&#8243;][vc_column_text]<span class=\"button-block\"><a href=\"https:\/\/www.alpenklang.info\/urlaub-grossarl\/radfahren-mountainbiken-salzburger-land\/\">Radfahren &amp; Mountainbiken<\/a><\/span>[\/vc_column_text][\/vc_column][vc_column width=&#8221;1\/3&#8243;][vc_column_text]<span class=\"button-block\"><a href=\"https:\/\/www.alpenklang.info\/at\/urlaub-grossarl\/ausflugsziele-salzburg\/\">Ausflugsziele<\/a><\/span>[\/vc_column_text][\/vc_column][\/vc_row]<\/p>\n<\/div>","protected":false},"excerpt":{"rendered":"<p>[vc_row][vc_column][vc_column_text] Aktiv im Sommerurlaub in Gro\u00dfarl Schwimmen, Abenteuersport, Nordic Walking uvm. im Gro\u00dfarltal [\/vc_column_text][\/vc_column][\/vc_row][vc_row][vc_column width=&#8221;1\/2&#8243;][vc_column_text]Das Gro\u00dfarltal mit den\u00a0Orten Gro\u00dfarl und H\u00fcttschlag bietet eine Vielzahl an Freizeitangeboten und Sportm\u00f6glichkeiten. Erleben Sie die Region in Ihrem Sommerurlaub im Salzburger Land auf unterschiedliche Weise und testen\u00a0Sie neue Sportarten. Ein Muss in Ihrem Familienurlaub ist der Besuch der Rucki &hellip;<\/p>\n\n<p><a class=\"readmore btn btn-default btn-default btn-block\" href=\"https:\/\/www.alpenklang.info\/at\/urlaub-grossarl\/sommerurlaub-salzburger-land\/\">Read More<\/a><\/p>","protected":false},"author":1,"featured_media":2752,"parent":3048,"menu_order":0,"comment_status":"closed","ping_status":"closed","template":"","meta":{"footnotes":""},"class_list":["post-3044","page","type-page","status-publish","has-post-thumbnail","hentry"],"yoast_head":"<!-- This site is optimized with the Yoast SEO plugin v27.5 - https:\/\/yoast.com\/product\/yoast-seo-wordpress\/ -->\n<title>Ihr vielf\u00e4ltiger Sommerurlaub in Gro\u00dfarl, Salzburger Land<\/title>\n<meta name=\"description\" content=\"Sport- &amp; Freizeitzentrum Gro\u00dfarl mit Abenteuerspielplatz Rucki Zucki&#039;s Gaudi-Alm, Schwimmen, Actionsport uvm. in Ihrem Sommerurlaub in Gro\u00dfarl.\" \/>\n<meta name=\"robots\" content=\"index, follow, max-snippet:-1, max-image-preview:large, max-video-preview:-1\" \/>\n<link rel=\"canonical\" href=\"https:\/\/www.alpenklang.info\/urlaub-grossarl\/sommerurlaub-salzburger-land\/\" \/>\n<meta property=\"og:locale\" content=\"de_DE\" \/>\n<meta property=\"og:type\" content=\"article\" \/>\n<meta property=\"og:title\" content=\"Ihr vielf\u00e4ltiger Sommerurlaub in Gro\u00dfarl, Salzburger Land\" \/>\n<meta property=\"og:description\" content=\"Sport- &amp; Freizeitzentrum Gro\u00dfarl mit Abenteuerspielplatz Rucki Zucki&#039;s Gaudi-Alm, Schwimmen, Actionsport uvm. in Ihrem Sommerurlaub in Gro\u00dfarl.\" \/>\n<meta property=\"og:url\" content=\"https:\/\/www.alpenklang.info\/urlaub-grossarl\/sommerurlaub-salzburger-land\/\" \/>\n<meta property=\"og:site_name\" content=\"Hotel Alpenklang\" \/>\n<meta property=\"og:image\" content=\"https:\/\/www.alpenklang.info\/wp-content\/uploads\/rucki-zuckis-gaudi-alm-grossarl-2.jpg\" \/>\n\t<meta property=\"og:image:width\" content=\"1920\" \/>\n\t<meta property=\"og:image:height\" content=\"750\" \/>\n\t<meta property=\"og:image:type\" content=\"image\/jpeg\" \/>\n<meta name=\"twitter:label1\" content=\"Est. reading time\" \/>\n\t<meta name=\"twitter:data1\" content=\"4 minutes\" \/>\n<script type=\"application\/ld+json\" class=\"yoast-schema-graph\">{\"@context\":\"https:\\\/\\\/schema.org\",\"@graph\":[{\"@type\":\"WebPage\",\"@id\":\"https:\\\/\\\/www.alpenklang.info\\\/urlaub-grossarl\\\/sommerurlaub-salzburger-land\\\/\",\"url\":\"https:\\\/\\\/www.alpenklang.info\\\/urlaub-grossarl\\\/sommerurlaub-salzburger-land\\\/\",\"name\":\"Ihr vielf\u00e4ltiger Sommerurlaub in Gro\u00dfarl, Salzburger Land\",\"isPartOf\":{\"@id\":\"https:\\\/\\\/www.alpenklang.info\\\/en\\\/#website\"},\"primaryImageOfPage\":{\"@id\":\"https:\\\/\\\/www.alpenklang.info\\\/urlaub-grossarl\\\/sommerurlaub-salzburger-land\\\/#primaryimage\"},\"image\":{\"@id\":\"https:\\\/\\\/www.alpenklang.info\\\/urlaub-grossarl\\\/sommerurlaub-salzburger-land\\\/#primaryimage\"},\"thumbnailUrl\":\"https:\\\/\\\/www.alpenklang.info\\\/wp-content\\\/uploads\\\/rucki-zuckis-gaudi-alm-grossarl-2.jpg\",\"datePublished\":\"2016-03-30T07:44:07+00:00\",\"description\":\"Sport- & Freizeitzentrum Gro\u00dfarl mit Abenteuerspielplatz Rucki Zucki's Gaudi-Alm, Schwimmen, Actionsport uvm. in Ihrem Sommerurlaub in Gro\u00dfarl.\",\"breadcrumb\":{\"@id\":\"https:\\\/\\\/www.alpenklang.info\\\/urlaub-grossarl\\\/sommerurlaub-salzburger-land\\\/#breadcrumb\"},\"inLanguage\":\"de\",\"potentialAction\":[{\"@type\":\"ReadAction\",\"target\":[\"https:\\\/\\\/www.alpenklang.info\\\/urlaub-grossarl\\\/sommerurlaub-salzburger-land\\\/\"]}]},{\"@type\":\"ImageObject\",\"inLanguage\":\"de\",\"@id\":\"https:\\\/\\\/www.alpenklang.info\\\/urlaub-grossarl\\\/sommerurlaub-salzburger-land\\\/#primaryimage\",\"url\":\"https:\\\/\\\/www.alpenklang.info\\\/wp-content\\\/uploads\\\/rucki-zuckis-gaudi-alm-grossarl-2.jpg\",\"contentUrl\":\"https:\\\/\\\/www.alpenklang.info\\\/wp-content\\\/uploads\\\/rucki-zuckis-gaudi-alm-grossarl-2.jpg\",\"width\":1920,\"height\":750},{\"@type\":\"BreadcrumbList\",\"@id\":\"https:\\\/\\\/www.alpenklang.info\\\/urlaub-grossarl\\\/sommerurlaub-salzburger-land\\\/#breadcrumb\",\"itemListElement\":[{\"@type\":\"ListItem\",\"position\":1,\"name\":\"Home\",\"item\":\"https:\\\/\\\/www.alpenklang.info\\\/at\\\/\"},{\"@type\":\"ListItem\",\"position\":2,\"name\":\"Gro\u00dfarl aktiv\",\"item\":\"https:\\\/\\\/www.alpenklang.info\\\/urlaub-grossarl\\\/\"},{\"@type\":\"ListItem\",\"position\":3,\"name\":\"Weitere Sommeraktivit\u00e4ten\"}]},{\"@type\":\"WebSite\",\"@id\":\"https:\\\/\\\/www.alpenklang.info\\\/en\\\/#website\",\"url\":\"https:\\\/\\\/www.alpenklang.info\\\/en\\\/\",\"name\":\"Hotel Alpenklang\",\"description\":\"Hotel &amp; Berggasthaus in Gro\u00dfarl\",\"potentialAction\":[{\"@type\":\"SearchAction\",\"target\":{\"@type\":\"EntryPoint\",\"urlTemplate\":\"https:\\\/\\\/www.alpenklang.info\\\/en\\\/?s={search_term_string}\"},\"query-input\":{\"@type\":\"PropertyValueSpecification\",\"valueRequired\":true,\"valueName\":\"search_term_string\"}}],\"inLanguage\":\"de\"}]}<\/script>\n<!-- \/ Yoast SEO plugin. -->","yoast_head_json":{"title":"Ihr vielf\u00e4ltiger Sommerurlaub in Gro\u00dfarl, Salzburger Land","description":"Sport- & Freizeitzentrum Gro\u00dfarl mit Abenteuerspielplatz Rucki Zucki's Gaudi-Alm, Schwimmen, Actionsport uvm. in Ihrem Sommerurlaub in Gro\u00dfarl.","robots":{"index":"index","follow":"follow","max-snippet":"max-snippet:-1","max-image-preview":"max-image-preview:large","max-video-preview":"max-video-preview:-1"},"canonical":"https:\/\/www.alpenklang.info\/urlaub-grossarl\/sommerurlaub-salzburger-land\/","og_locale":"de_DE","og_type":"article","og_title":"Ihr vielf\u00e4ltiger Sommerurlaub in Gro\u00dfarl, Salzburger Land","og_description":"Sport- & Freizeitzentrum Gro\u00dfarl mit Abenteuerspielplatz Rucki Zucki's Gaudi-Alm, Schwimmen, Actionsport uvm. in Ihrem Sommerurlaub in Gro\u00dfarl.","og_url":"https:\/\/www.alpenklang.info\/urlaub-grossarl\/sommerurlaub-salzburger-land\/","og_site_name":"Hotel Alpenklang","og_image":[{"width":1920,"height":750,"url":"https:\/\/www.alpenklang.info\/wp-content\/uploads\/rucki-zuckis-gaudi-alm-grossarl-2.jpg","type":"image\/jpeg"}],"twitter_misc":{"Est. reading time":"4 minutes"},"schema":{"@context":"https:\/\/schema.org","@graph":[{"@type":"WebPage","@id":"https:\/\/www.alpenklang.info\/urlaub-grossarl\/sommerurlaub-salzburger-land\/","url":"https:\/\/www.alpenklang.info\/urlaub-grossarl\/sommerurlaub-salzburger-land\/","name":"Ihr vielf\u00e4ltiger Sommerurlaub in Gro\u00dfarl, Salzburger Land","isPartOf":{"@id":"https:\/\/www.alpenklang.info\/en\/#website"},"primaryImageOfPage":{"@id":"https:\/\/www.alpenklang.info\/urlaub-grossarl\/sommerurlaub-salzburger-land\/#primaryimage"},"image":{"@id":"https:\/\/www.alpenklang.info\/urlaub-grossarl\/sommerurlaub-salzburger-land\/#primaryimage"},"thumbnailUrl":"https:\/\/www.alpenklang.info\/wp-content\/uploads\/rucki-zuckis-gaudi-alm-grossarl-2.jpg","datePublished":"2016-03-30T07:44:07+00:00","description":"Sport- & Freizeitzentrum Gro\u00dfarl mit Abenteuerspielplatz Rucki Zucki's Gaudi-Alm, Schwimmen, Actionsport uvm. in Ihrem Sommerurlaub in Gro\u00dfarl.","breadcrumb":{"@id":"https:\/\/www.alpenklang.info\/urlaub-grossarl\/sommerurlaub-salzburger-land\/#breadcrumb"},"inLanguage":"de","potentialAction":[{"@type":"ReadAction","target":["https:\/\/www.alpenklang.info\/urlaub-grossarl\/sommerurlaub-salzburger-land\/"]}]},{"@type":"ImageObject","inLanguage":"de","@id":"https:\/\/www.alpenklang.info\/urlaub-grossarl\/sommerurlaub-salzburger-land\/#primaryimage","url":"https:\/\/www.alpenklang.info\/wp-content\/uploads\/rucki-zuckis-gaudi-alm-grossarl-2.jpg","contentUrl":"https:\/\/www.alpenklang.info\/wp-content\/uploads\/rucki-zuckis-gaudi-alm-grossarl-2.jpg","width":1920,"height":750},{"@type":"BreadcrumbList","@id":"https:\/\/www.alpenklang.info\/urlaub-grossarl\/sommerurlaub-salzburger-land\/#breadcrumb","itemListElement":[{"@type":"ListItem","position":1,"name":"Home","item":"https:\/\/www.alpenklang.info\/at\/"},{"@type":"ListItem","position":2,"name":"Gro\u00dfarl aktiv","item":"https:\/\/www.alpenklang.info\/urlaub-grossarl\/"},{"@type":"ListItem","position":3,"name":"Weitere Sommeraktivit\u00e4ten"}]},{"@type":"WebSite","@id":"https:\/\/www.alpenklang.info\/en\/#website","url":"https:\/\/www.alpenklang.info\/en\/","name":"Hotel Alpenklang","description":"Hotel &amp; Berggasthaus in Gro\u00dfarl","potentialAction":[{"@type":"SearchAction","target":{"@type":"EntryPoint","urlTemplate":"https:\/\/www.alpenklang.info\/en\/?s={search_term_string}"},"query-input":{"@type":"PropertyValueSpecification","valueRequired":true,"valueName":"search_term_string"}}],"inLanguage":"de"}]}},"_links":{"self":[{"href":"https:\/\/www.alpenklang.info\/at\/wp-json\/wp\/v2\/pages\/3044","targetHints":{"allow":["GET"]}}],"collection":[{"href":"https:\/\/www.alpenklang.info\/at\/wp-json\/wp\/v2\/pages"}],"about":[{"href":"https:\/\/www.alpenklang.info\/at\/wp-json\/wp\/v2\/types\/page"}],"author":[{"embeddable":true,"href":"https:\/\/www.alpenklang.info\/at\/wp-json\/wp\/v2\/users\/1"}],"replies":[{"embeddable":true,"href":"https:\/\/www.alpenklang.info\/at\/wp-json\/wp\/v2\/comments?post=3044"}],"version-history":[{"count":0,"href":"https:\/\/www.alpenklang.info\/at\/wp-json\/wp\/v2\/pages\/3044\/revisions"}],"up":[{"embeddable":true,"href":"https:\/\/www.alpenklang.info\/at\/wp-json\/wp\/v2\/pages\/3048"}],"wp:featuredmedia":[{"embeddable":true,"href":"https:\/\/www.alpenklang.info\/at\/wp-json\/wp\/v2\/media\/2752"}],"wp:attachment":[{"href":"https:\/\/www.alpenklang.info\/at\/wp-json\/wp\/v2\/media?parent=3044"}],"curies":[{"name":"wp","href":"https:\/\/api.w.org\/{rel}","templated":true}]}}