{"id":3047,"date":"2016-03-30T09:43:28","date_gmt":"2016-03-30T07:43:28","guid":{"rendered":"https:\/\/www.alpenklang.info\/at\/wandern-bergsteigen-grossarl\/"},"modified":"2016-03-30T09:43:28","modified_gmt":"2016-03-30T07:43:28","slug":"wandern-bergsteigen-grossarl","status":"publish","type":"page","link":"https:\/\/www.alpenklang.info\/at\/urlaub-grossarl\/wandern-bergsteigen-grossarl\/","title":{"rendered":"Wandern &#038; Bergsteigen"},"content":{"rendered":"<div class=\"wpb-content-wrapper\"><p>[vc_row][vc_column][vc_column_text]<\/p>\n<h1>Wandern &amp; Bergsteigen in Gro\u00dfarl<\/h1>\n<h2>Wanderurlaub auf\u00a01.050 m im\u00a0Tal der Almen<\/h2>\n<p>[\/vc_column_text][\/vc_column][\/vc_row][vc_row][vc_column width=&#8221;1\/2&#8243;][vc_column_text]Folgen Sie dem Ruf der Berge\u00a0&#8211; Lassen Sie den\u00a0Alltag im Tal, wandern Sie \u00fcber bl\u00fchende Almwiesen, tanken Sie Kraft an blauen Bergseen und\u00a0atmen Sie die frische Bergluft\u00a0ein. Hier erwarten Sie wahre Gl\u00fccksmomente.\u00a0Im Sommer steht das Wandern im\u00a0<a href=\"https:\/\/www.alpenklang.info\/\">4 Sterne Hotel Alpenklang<\/a>\u00a0an erster Stelle.\u00a0Sie verbringen Ihren <strong>Wanderurlaub im Salzburger Land<\/strong>\u00a0bereits auf 1.050 m Seeh\u00f6he mit Blick \u00fcber Gro\u00dfarl\u00a0und das\u00a0Tal der Almen.[\/vc_column_text][\/vc_column][vc_column width=&#8221;1\/2&#8243;][vc_column_text]Unser <strong>Wanderhotel<\/strong> auf dieser herrlich ruhigen Anh\u00f6he ist <strong>Ihr direkter Ausgangspunkt<\/strong> f\u00fcr beeindruckende Bergtouren und Wanderungen. Insgesamt laden\u00a0<strong>\u00fcber 400 km markierte Wege<\/strong>\u00a0zum Erkunden und Entdecken ein.\u00a0Das Gro\u00dfarltal ist auch f\u00fcr seine Vielzahl an bewirtschafteten Almh\u00fctten\u00a0bekannt, daher der Name Tal der Almen. Profitieren Sie in unserem Hotel\u00a0in Gro\u00dfarl\u00a0von den <strong>hauseigenen\u00a0Wanderleistungen<\/strong>.[\/vc_column_text][\/vc_column][\/vc_row][vc_row full_width=&#8221;stretch_row_content_no_spaces&#8221; el_class=&#8221;bilderreihe&#8221;][vc_column width=&#8221;1\/3&#8243;][vc_single_image image=&#8221;271&#8243; img_size=&#8221;big&#8221; onclick=&#8221;link_image&#8221; css=&#8221;.vc_custom_1459753131750{margin-bottom: 0px !important;}&#8221;][\/vc_column][vc_column width=&#8221;1\/3&#8243;][vc_single_image image=&#8221;303&#8243; img_size=&#8221;big&#8221; onclick=&#8221;link_image&#8221; css=&#8221;.vc_custom_1459754741172{margin-bottom: 0px !important;}&#8221;][\/vc_column][vc_column width=&#8221;1\/3&#8243;][vc_single_image image=&#8221;272&#8243; img_size=&#8221;big&#8221; onclick=&#8221;link_image&#8221; css=&#8221;.vc_custom_1459753146330{margin-bottom: 0px !important;}&#8221;][\/vc_column][\/vc_row][vc_row full_width=&#8221;stretch_row&#8221; el_class=&#8221;hintergrund kein-abstand&#8221;][vc_column][vc_column_text]<\/p>\n<h3>Wandern in Gro\u00dfarl &amp; H\u00fcttschlag<\/h3>\n<p>[\/vc_column_text][vc_row_inner][vc_column_inner width=&#8221;1\/2&#8243;][vc_column_text]<\/p>\n<ul>\n<li>Insgesamt <a href=\"http:\/\/touren.grossarltal.info\/de\/touren\/\" target=\"_blank\">ca. 400 km markierte Wanderwege im Gro\u00dfarltal<\/a><\/li>\n<li>Rund <strong>40 bewirtschaftete Almen<\/strong> (Sommer)<\/li>\n<li>Gro\u00dfarltal tr\u00e4gt\u00a0\u00d6sterreichisches Wanderg\u00fctesiegel<\/li>\n<li><strong>Wanderungen zu Almen<\/strong>, <strong>Bergseen<\/strong>, <strong>Themenwanderungen<\/strong>, <strong>Kapellenwege<\/strong>, <strong>Berg- &amp; H\u00f6hentouren<\/strong>, <strong>Klettersteige<\/strong><\/li>\n<li>Direkt am <a href=\"https:\/\/www.salzburger-almenweg.at\" target=\"_blank\">Salzburger Almenweg<\/a> gelegen<\/li>\n<li>Trekkingtouren von H\u00fctte zu H\u00fctte m\u00f6glich (ca. 25 Almen mit \u00dcbernachtungsm\u00f6glichkeit)<\/li>\n<\/ul>\n<p>[\/vc_column_text][\/vc_column_inner][vc_column_inner width=&#8221;1\/2&#8243;][vc_column_text]<\/p>\n<ul>\n<li>Seilbahnwandern: Sommerbetrieb der Gro\u00dfarler Bergbahnen<\/li>\n<li>Anteil am <strong>Nationalpark Hohe Tauern<\/strong><\/li>\n<li>H\u00f6chste Erhebung in Gro\u00dfarl: Frauenkogel (2.420 m), in H\u00fcttschlag: Keeskogel (2.884 m)<\/li>\n<li><strong>Gef\u00fchrte Wanderungen<\/strong> &amp; Bergtouren bei <a href=\"http:\/\/www.berg-gesund.at\/\" target=\"_blank\">Berg-Gesund<\/a>\u00a0(kostenlose Teilnahme f\u00fcr Alpenklang-G\u00e4ste)<\/li>\n<li><strong>Salzburger Almsommer<\/strong> mit Veranstaltungen &amp; Brauchtum<\/li>\n<li><strong>Wanderbus &amp; -taxi<\/strong> (auch Hausabholung m\u00f6glich)<\/li>\n<\/ul>\n<p>[\/vc_column_text][\/vc_column_inner][\/vc_row_inner][\/vc_column][\/vc_row][vc_row][vc_column][vc_column_text]<\/p>\n<h4>Ihr Plus im Wanderhotel in Gro\u00dfarl, Salzburger Land<\/h4>\n<p>[\/vc_column_text][vc_column_text]Wir sind viel in den Bergen im sch\u00f6nen Gro\u00dfarl unterwegs und kennen die\u00a0herrlichsten Pl\u00e4tze. Wandern Sie mit uns zu klaren Gebirgsseen und bewirtschafteten Almh\u00fctten oder steigen Sie gemeinsam mit uns\u00a0auf imposante\u00a0Gipfel.\u00a0Gerne sind wir Ihnen auch bei der Tourenauswahl in Ihrem Wanderurlaub in Salzburg behilflich.[\/vc_column_text]<div class=\"ult-content-box-container \" >\t\t<div class=\"ult-content-box\" style=\"background-color:#8e1527;box-shadow: px px px px #f7f7f7 none;-webkit-transition: all 700ms ease;-moz-transition: all 700ms ease;-ms-transition: all 700ms ease;-o-transition: all 700ms ease;transition: all 700ms ease;\"  data-hover_box_shadow=\"none\"     data-bg=\"#8e1527\" >[vc_row_inner content_placement=&#8221;middle&#8221;][vc_column_inner width=&#8221;1\/2&#8243;][vc_single_image image=&#8221;273&#8243; img_size=&#8221;medium&#8221; onclick=&#8221;link_image&#8221; css=&#8221;.vc_custom_1459759235374{margin-bottom: 0px !important;}&#8221;][\/vc_column_inner][vc_column_inner width=&#8221;1\/2&#8243;][vc_column_text css=&#8221;.vc_custom_1459759212766{margin-bottom: 0px !important;}&#8221;]<\/p>\n<h4>Im Wanderurlaub inklusive<\/h4>\n<p>[\/vc_column_text][vc_column_text css=&#8221;.vc_custom_1461918425089{margin-bottom: 0px !important;}&#8221;]<\/p>\n<ul>\n<li><strong>Panorama-Lage<\/strong> mitten in den Bergen <strong>auf 1.050 m<\/strong><\/li>\n<li>Wanderungen &amp; Bergtouren <strong>direkt vom\u00a0Hotel<\/strong>: z.B. zur Viehhausalm, Mooslehenalm, Igeltalalm, Schiedalm, Aualm, Heukareck, Schuhflicker &amp;\u00a0H\u00f6llwand<\/li>\n<li><strong>Gratis-Verleih<\/strong> von Rucks\u00e4cken &amp; Wanderst\u00f6cken<\/li>\n<li><strong>1 gef\u00fchrte Wanderung<\/strong> pro Woche mit dem <strong>Hausherrn oder Senior-Chef<\/strong><\/li>\n<li>Attraktive <a href=\"https:\/\/www.alpenklang.info\/preise-wohnen\/sommerpauschalen\/\">Almsommer-Pauschalen<\/a><\/li>\n<\/ul>\n<p>[\/vc_column_text][\/vc_column_inner][\/vc_row_inner]\t\t<\/div><\/div>[\/vc_column][\/vc_row][vc_row][vc_column width=&#8221;1\/3&#8243;][vc_column_text]<span class=\"button-block\"><a href=\"https:\/\/www.alpenklang.info\/wp-content\/uploads\/wandertipps-alpenklang.pdf\" target=\"_blank\">Alpenklang-Wandertipps<\/a><\/span>[\/vc_column_text][\/vc_column][vc_column width=&#8221;1\/3&#8243;][vc_column_text]<span class=\"button-block\"><a href=\"https:\/\/www.alpenklang.info\/at\/urlaub-grossarl\/radfahren-mountainbiken-salzburger-land\/\">Radfahren &amp; Mountainbiken<\/a><\/span>[\/vc_column_text][\/vc_column][vc_column width=&#8221;1\/3&#8243;][vc_column_text]<span class=\"button-block\"><a href=\"https:\/\/www.alpenklang.info\/at\/urlaub-grossarl\/sommerurlaub-salzburger-land\/\">Weitere Sommeraktivit\u00e4ten<\/a><\/span>[\/vc_column_text][\/vc_column][\/vc_row]<\/p>\n<\/div>","protected":false},"excerpt":{"rendered":"<p>[vc_row][vc_column][vc_column_text] Wandern &amp; Bergsteigen in Gro\u00dfarl Wanderurlaub auf\u00a01.050 m im\u00a0Tal der Almen [\/vc_column_text][\/vc_column][\/vc_row][vc_row][vc_column width=&#8221;1\/2&#8243;][vc_column_text]Folgen Sie dem Ruf der Berge\u00a0&#8211; Lassen Sie den\u00a0Alltag im Tal, wandern Sie \u00fcber bl\u00fchende Almwiesen, tanken Sie Kraft an blauen Bergseen und\u00a0atmen Sie die frische Bergluft\u00a0ein. Hier erwarten Sie wahre Gl\u00fccksmomente.\u00a0Im Sommer steht das Wandern im\u00a04 Sterne Hotel Alpenklang\u00a0an erster Stelle.\u00a0Sie &hellip;<\/p>\n\n<p><a class=\"readmore btn btn-default btn-default btn-block\" href=\"https:\/\/www.alpenklang.info\/at\/urlaub-grossarl\/wandern-bergsteigen-grossarl\/\">Read More<\/a><\/p>","protected":false},"author":1,"featured_media":2730,"parent":3048,"menu_order":0,"comment_status":"closed","ping_status":"closed","template":"","meta":{"footnotes":""},"class_list":["post-3047","page","type-page","status-publish","has-post-thumbnail","hentry"],"yoast_head":"<!-- This site is optimized with the Yoast SEO plugin v27.5 - https:\/\/yoast.com\/product\/yoast-seo-wordpress\/ -->\n<title>Wanderurlaub: Wandern &amp; Bergsteigen in Gro\u00dfarl, Gro\u00dfarltal<\/title>\n<meta name=\"description\" content=\"Genie\u00dfen Sie Ihren Wanderurlaub in Gro\u00dfarl, Tal der Almen: Hotel auf 1.050 m ist Ihr idealer Ausgangspunkt, gratis Ausr\u00fcstungsverleih, gef\u00fchrte Wanderung\" \/>\n<meta name=\"robots\" content=\"index, follow, max-snippet:-1, max-image-preview:large, max-video-preview:-1\" \/>\n<link rel=\"canonical\" href=\"https:\/\/www.alpenklang.info\/urlaub-grossarl\/wandern-bergsteigen-grossarl\/\" \/>\n<meta property=\"og:locale\" content=\"de_DE\" \/>\n<meta property=\"og:type\" content=\"article\" \/>\n<meta property=\"og:title\" content=\"Wanderurlaub: Wandern &amp; Bergsteigen in Gro\u00dfarl, Gro\u00dfarltal\" \/>\n<meta property=\"og:description\" content=\"Genie\u00dfen Sie Ihren Wanderurlaub in Gro\u00dfarl, Tal der Almen: Hotel auf 1.050 m ist Ihr idealer Ausgangspunkt, gratis Ausr\u00fcstungsverleih, gef\u00fchrte Wanderung\" \/>\n<meta property=\"og:url\" content=\"https:\/\/www.alpenklang.info\/urlaub-grossarl\/wandern-bergsteigen-grossarl\/\" \/>\n<meta property=\"og:site_name\" content=\"Hotel Alpenklang\" \/>\n<meta property=\"og:image\" content=\"https:\/\/www.alpenklang.info\/wp-content\/uploads\/wandern-wanderurlaub-grossarl-7.jpg\" \/>\n\t<meta property=\"og:image:width\" content=\"1920\" \/>\n\t<meta property=\"og:image:height\" content=\"750\" \/>\n\t<meta property=\"og:image:type\" content=\"image\/jpeg\" \/>\n<meta name=\"twitter:label1\" content=\"Est. reading time\" \/>\n\t<meta name=\"twitter:data1\" content=\"4 minutes\" \/>\n<script type=\"application\/ld+json\" class=\"yoast-schema-graph\">{\"@context\":\"https:\\\/\\\/schema.org\",\"@graph\":[{\"@type\":\"WebPage\",\"@id\":\"https:\\\/\\\/www.alpenklang.info\\\/urlaub-grossarl\\\/wandern-bergsteigen-grossarl\\\/\",\"url\":\"https:\\\/\\\/www.alpenklang.info\\\/urlaub-grossarl\\\/wandern-bergsteigen-grossarl\\\/\",\"name\":\"Wanderurlaub: Wandern & Bergsteigen in Gro\u00dfarl, Gro\u00dfarltal\",\"isPartOf\":{\"@id\":\"https:\\\/\\\/www.alpenklang.info\\\/en\\\/#website\"},\"primaryImageOfPage\":{\"@id\":\"https:\\\/\\\/www.alpenklang.info\\\/urlaub-grossarl\\\/wandern-bergsteigen-grossarl\\\/#primaryimage\"},\"image\":{\"@id\":\"https:\\\/\\\/www.alpenklang.info\\\/urlaub-grossarl\\\/wandern-bergsteigen-grossarl\\\/#primaryimage\"},\"thumbnailUrl\":\"https:\\\/\\\/www.alpenklang.info\\\/wp-content\\\/uploads\\\/wandern-wanderurlaub-grossarl-7.jpg\",\"datePublished\":\"2016-03-30T07:43:28+00:00\",\"description\":\"Genie\u00dfen Sie Ihren Wanderurlaub in Gro\u00dfarl, Tal der Almen: Hotel auf 1.050 m ist Ihr idealer Ausgangspunkt, gratis Ausr\u00fcstungsverleih, gef\u00fchrte Wanderung\",\"breadcrumb\":{\"@id\":\"https:\\\/\\\/www.alpenklang.info\\\/urlaub-grossarl\\\/wandern-bergsteigen-grossarl\\\/#breadcrumb\"},\"inLanguage\":\"de\",\"potentialAction\":[{\"@type\":\"ReadAction\",\"target\":[\"https:\\\/\\\/www.alpenklang.info\\\/urlaub-grossarl\\\/wandern-bergsteigen-grossarl\\\/\"]}]},{\"@type\":\"ImageObject\",\"inLanguage\":\"de\",\"@id\":\"https:\\\/\\\/www.alpenklang.info\\\/urlaub-grossarl\\\/wandern-bergsteigen-grossarl\\\/#primaryimage\",\"url\":\"https:\\\/\\\/www.alpenklang.info\\\/wp-content\\\/uploads\\\/wandern-wanderurlaub-grossarl-7.jpg\",\"contentUrl\":\"https:\\\/\\\/www.alpenklang.info\\\/wp-content\\\/uploads\\\/wandern-wanderurlaub-grossarl-7.jpg\",\"width\":1920,\"height\":750},{\"@type\":\"BreadcrumbList\",\"@id\":\"https:\\\/\\\/www.alpenklang.info\\\/urlaub-grossarl\\\/wandern-bergsteigen-grossarl\\\/#breadcrumb\",\"itemListElement\":[{\"@type\":\"ListItem\",\"position\":1,\"name\":\"Home\",\"item\":\"https:\\\/\\\/www.alpenklang.info\\\/at\\\/\"},{\"@type\":\"ListItem\",\"position\":2,\"name\":\"Gro\u00dfarl aktiv\",\"item\":\"https:\\\/\\\/www.alpenklang.info\\\/urlaub-grossarl\\\/\"},{\"@type\":\"ListItem\",\"position\":3,\"name\":\"Wandern &#038; Bergsteigen\"}]},{\"@type\":\"WebSite\",\"@id\":\"https:\\\/\\\/www.alpenklang.info\\\/en\\\/#website\",\"url\":\"https:\\\/\\\/www.alpenklang.info\\\/en\\\/\",\"name\":\"Hotel Alpenklang\",\"description\":\"Hotel &amp; Berggasthaus in Gro\u00dfarl\",\"potentialAction\":[{\"@type\":\"SearchAction\",\"target\":{\"@type\":\"EntryPoint\",\"urlTemplate\":\"https:\\\/\\\/www.alpenklang.info\\\/en\\\/?s={search_term_string}\"},\"query-input\":{\"@type\":\"PropertyValueSpecification\",\"valueRequired\":true,\"valueName\":\"search_term_string\"}}],\"inLanguage\":\"de\"}]}<\/script>\n<!-- \/ Yoast SEO plugin. -->","yoast_head_json":{"title":"Wanderurlaub: Wandern & Bergsteigen in Gro\u00dfarl, Gro\u00dfarltal","description":"Genie\u00dfen Sie Ihren Wanderurlaub in Gro\u00dfarl, Tal der Almen: Hotel auf 1.050 m ist Ihr idealer Ausgangspunkt, gratis Ausr\u00fcstungsverleih, gef\u00fchrte Wanderung","robots":{"index":"index","follow":"follow","max-snippet":"max-snippet:-1","max-image-preview":"max-image-preview:large","max-video-preview":"max-video-preview:-1"},"canonical":"https:\/\/www.alpenklang.info\/urlaub-grossarl\/wandern-bergsteigen-grossarl\/","og_locale":"de_DE","og_type":"article","og_title":"Wanderurlaub: Wandern & Bergsteigen in Gro\u00dfarl, Gro\u00dfarltal","og_description":"Genie\u00dfen Sie Ihren Wanderurlaub in Gro\u00dfarl, Tal der Almen: Hotel auf 1.050 m ist Ihr idealer Ausgangspunkt, gratis Ausr\u00fcstungsverleih, gef\u00fchrte Wanderung","og_url":"https:\/\/www.alpenklang.info\/urlaub-grossarl\/wandern-bergsteigen-grossarl\/","og_site_name":"Hotel Alpenklang","og_image":[{"width":1920,"height":750,"url":"https:\/\/www.alpenklang.info\/wp-content\/uploads\/wandern-wanderurlaub-grossarl-7.jpg","type":"image\/jpeg"}],"twitter_misc":{"Est. reading time":"4 minutes"},"schema":{"@context":"https:\/\/schema.org","@graph":[{"@type":"WebPage","@id":"https:\/\/www.alpenklang.info\/urlaub-grossarl\/wandern-bergsteigen-grossarl\/","url":"https:\/\/www.alpenklang.info\/urlaub-grossarl\/wandern-bergsteigen-grossarl\/","name":"Wanderurlaub: Wandern & Bergsteigen in Gro\u00dfarl, Gro\u00dfarltal","isPartOf":{"@id":"https:\/\/www.alpenklang.info\/en\/#website"},"primaryImageOfPage":{"@id":"https:\/\/www.alpenklang.info\/urlaub-grossarl\/wandern-bergsteigen-grossarl\/#primaryimage"},"image":{"@id":"https:\/\/www.alpenklang.info\/urlaub-grossarl\/wandern-bergsteigen-grossarl\/#primaryimage"},"thumbnailUrl":"https:\/\/www.alpenklang.info\/wp-content\/uploads\/wandern-wanderurlaub-grossarl-7.jpg","datePublished":"2016-03-30T07:43:28+00:00","description":"Genie\u00dfen Sie Ihren Wanderurlaub in Gro\u00dfarl, Tal der Almen: Hotel auf 1.050 m ist Ihr idealer Ausgangspunkt, gratis Ausr\u00fcstungsverleih, gef\u00fchrte Wanderung","breadcrumb":{"@id":"https:\/\/www.alpenklang.info\/urlaub-grossarl\/wandern-bergsteigen-grossarl\/#breadcrumb"},"inLanguage":"de","potentialAction":[{"@type":"ReadAction","target":["https:\/\/www.alpenklang.info\/urlaub-grossarl\/wandern-bergsteigen-grossarl\/"]}]},{"@type":"ImageObject","inLanguage":"de","@id":"https:\/\/www.alpenklang.info\/urlaub-grossarl\/wandern-bergsteigen-grossarl\/#primaryimage","url":"https:\/\/www.alpenklang.info\/wp-content\/uploads\/wandern-wanderurlaub-grossarl-7.jpg","contentUrl":"https:\/\/www.alpenklang.info\/wp-content\/uploads\/wandern-wanderurlaub-grossarl-7.jpg","width":1920,"height":750},{"@type":"BreadcrumbList","@id":"https:\/\/www.alpenklang.info\/urlaub-grossarl\/wandern-bergsteigen-grossarl\/#breadcrumb","itemListElement":[{"@type":"ListItem","position":1,"name":"Home","item":"https:\/\/www.alpenklang.info\/at\/"},{"@type":"ListItem","position":2,"name":"Gro\u00dfarl aktiv","item":"https:\/\/www.alpenklang.info\/urlaub-grossarl\/"},{"@type":"ListItem","position":3,"name":"Wandern &#038; Bergsteigen"}]},{"@type":"WebSite","@id":"https:\/\/www.alpenklang.info\/en\/#website","url":"https:\/\/www.alpenklang.info\/en\/","name":"Hotel Alpenklang","description":"Hotel &amp; Berggasthaus in Gro\u00dfarl","potentialAction":[{"@type":"SearchAction","target":{"@type":"EntryPoint","urlTemplate":"https:\/\/www.alpenklang.info\/en\/?s={search_term_string}"},"query-input":{"@type":"PropertyValueSpecification","valueRequired":true,"valueName":"search_term_string"}}],"inLanguage":"de"}]}},"_links":{"self":[{"href":"https:\/\/www.alpenklang.info\/at\/wp-json\/wp\/v2\/pages\/3047","targetHints":{"allow":["GET"]}}],"collection":[{"href":"https:\/\/www.alpenklang.info\/at\/wp-json\/wp\/v2\/pages"}],"about":[{"href":"https:\/\/www.alpenklang.info\/at\/wp-json\/wp\/v2\/types\/page"}],"author":[{"embeddable":true,"href":"https:\/\/www.alpenklang.info\/at\/wp-json\/wp\/v2\/users\/1"}],"replies":[{"embeddable":true,"href":"https:\/\/www.alpenklang.info\/at\/wp-json\/wp\/v2\/comments?post=3047"}],"version-history":[{"count":0,"href":"https:\/\/www.alpenklang.info\/at\/wp-json\/wp\/v2\/pages\/3047\/revisions"}],"up":[{"embeddable":true,"href":"https:\/\/www.alpenklang.info\/at\/wp-json\/wp\/v2\/pages\/3048"}],"wp:featuredmedia":[{"embeddable":true,"href":"https:\/\/www.alpenklang.info\/at\/wp-json\/wp\/v2\/media\/2730"}],"wp:attachment":[{"href":"https:\/\/www.alpenklang.info\/at\/wp-json\/wp\/v2\/media?parent=3047"}],"curies":[{"name":"wp","href":"https:\/\/api.w.org\/{rel}","templated":true}]}}