{"id":3051,"date":"2016-03-30T09:42:39","date_gmt":"2016-03-30T07:42:39","guid":{"rendered":"https:\/\/www.alpenklang.info\/at\/urlaubsbuchung\/"},"modified":"2022-11-30T09:33:14","modified_gmt":"2022-11-30T08:33:14","slug":"urlaubsbuchung","status":"publish","type":"page","link":"https:\/\/www.alpenklang.info\/at\/preise-wohnen\/urlaubsbuchung\/","title":{"rendered":"Urlaubsbuchung"},"content":{"rendered":"<div class=\"wpb-content-wrapper\"><p>[vc_row][vc_column][vc_column_text]<\/p>\n<h1>Urlaubsbuchung<\/h1>\n<p>[\/vc_column_text][vc_raw_js]JTNDZGl2JTIwaWQlM0QlMjJlYkZyb250RW5kRnJhbWUlMjIlM0UlM0MlMkZkaXYlM0UlMEElM0NzY3JpcHQlMjBzcmMlM0QlMjIlMkYlMkZ3d3cuZWFzeS1ib29raW5nLmF0JTJGYm9va2luZ2VuZ2luZTIlMkZqcyUyRmpxdWVyeS5lYXN5Ym9va2luZy5mcm9udGVuZC5qcyUyMiUzRSUzQyUyRnNjcmlwdCUzRSUwQSUzQ3NjcmlwdCUzRSUwQSUyMCUyMGZ1bmN0aW9uJTIwZWJGcm9udGVuZExvYWRlZENoZWNrJTI4JTI5JTIwJTdCJTBBJTIwJTIwJTIwJTIwaWYlMjAlMjh0eXBlb2YlMjBqUXVlcnklMjAlMjElM0QlMjAlMjJ1bmRlZmluZWQlMjIlMjklMjAlN0IlMEElMjAlMjAlMjAlMjAlMjAlMjBpZiUyMCUyOGpRdWVyeS5mbi5lYkZyb250RW5kJTI5JTIwJTdCJTBBJTIwJTIwJTIwJTIwJTIwJTIwJTIwJTIwalF1ZXJ5JTI4JTIyJTIzZWJGcm9udEVuZEZyYW1lJTIyJTI5LmViRnJvbnRFbmQlMjglN0IlMEElMjAlMjAlMjAlMjAlMjAlMjAlMjAlMjAlMjAlMjBjdXN0b21lcklkJTNBJTIwMzI3NCUyQyUwQSUyMCUyMCUyMCUyMCUyMCUyMCUyMCUyMCUyMCUyMHNlcmlhbE5vJTNBJTIwJTIyNzAyOS02MjEzLTIwMTglMjIlMkMlMEElMjAlMjAlMjAlMjAlMjAlMjAlMjAlMjAlMjAlMjBsb2NhbGVJZCUzQSUyMDIlMkMlMEElMjAlMjAlMjAlMjAlMjAlMjAlMjAlMjAlMjAlMjBmcmFtZUlkJTNBJTIwJTIyZWJGcm9udEVuZFBsdWdpbiUyMiUyQyUwQSUyMCUyMCUyMCUyMCUyMCUyMCUyMCUyMCUyMCUyMHNjcm9sbE9mZnNldCUzQSUyMDAlMkMlMEElMjAlMjAlMjAlMjAlMjAlMjAlMjAlMjAlMjAlMjBhZHVsdE9ubHklM0ElMjBmYWxzZSUyQyUwQSUyMCUyMCUyMCUyMCUyMCUyMCUyMCUyMCUyMCUyMGd0bURMJTNBJTIwJTIyZGF0YUxheWVyJTIyJTJDJTBBJTIwJTIwJTIwJTIwJTIwJTIwJTIwJTIwJTIwJTIwaGlkZUZpbHRlcnMlM0ElMjAlMjJvbiUyMiUyQyUwQSUyMCUyMCUyMCUyMCUyMCUyMCUyMCUyMCUyMCUyMGRpc2FibGVTY3JvbGwlM0ElMjB0cnVlJTJDJTBBJTIwJTIwJTIwJTIwJTIwJTIwJTIwJTIwJTIwJTIwc291cmNlJTNBJTIwJTIyJTIyJTJDJTBBJTIwJTIwJTIwJTIwJTIwJTIwJTIwJTIwJTIwJTIwY29sbGFwc2VkRXh0cmFzJTNBJTIwZmFsc2UlMEElMjAlMjAlMjAlMjAlMjAlMjAlMjAlMjAlN0QlMjklM0IlMEElMjAlMjAlMjAlMjAlMjAlMjAlN0QlMjBlbHNlJTIwJTdCJTBBJTIwJTIwJTIwJTIwJTIwJTIwJTIwJTIwc2V0VGltZW91dCUyOGViRnJvbnRlbmRMb2FkZWRDaGVjayUyQyUyMDIwMCUyOSUzQiUwQSUyMCUyMCUyMCUyMCUyMCUyMCU3RCUwQSUyMCUyMCUyMCUyMCU3RCUyMGVsc2UlMjAlN0IlMEElMjAlMjAlMjAlMjAlMjAlMjBzZXRUaW1lb3V0JTI4ZWJGcm9udGVuZExvYWRlZENoZWNrJTJDJTIwMjAwJTI5JTNCJTBBJTIwJTIwJTIwJTIwJTdEJTBBJTIwJTIwJTdEJTBBJTIwJTIwZWJGcm9udGVuZExvYWRlZENoZWNrJTI4JTI5JTNCJTBBJTNDJTJGc2NyaXB0JTNF[\/vc_raw_js][\/vc_column][\/vc_row][vc_row][vc_column][vc_column_text el_class=&#8221;dsgvo&#8221;]Nach Absenden des Kontaktformulars erfolgt eine Verarbeitung der oben angef\u00fchrten Daten durch den datenschutzrechtlich Verantwortlichen 4 Sterne Hotel &amp; Berggasthaus Alpenklang, Familie Rohrmoser, Schiedweg 47, A-5611 Gro\u00dfarl, <a href=\"mailto:hotel@alpenklang.info\">hotel@alpenklang.info<\/a>,\u00a0zum Zweck der Bearbeitung Ihrer Anfrage auf Grundlage Ihrer durch das Absenden des Formulars erteilten Einwilligung. Es erfolgt eine Weiterverarbeitung der Daten zum Zweck der Direktwerbung, welche mit dem urspr\u00fcnglichen Verarbeitungszweck vereinbar ist, auf derselben Rec\u00adhtsgrundlage bis auf Widerspruch. Es besteht keine gesetzliche oder vertragliche Verpflichtung zur Bereitstellung der personenbezogenen Daten. Die Nichtbereitstellung hat lediglich zur Folge, dass Sie Ihr Anliegen nicht \u00fcbermitteln und wir dieses nicht bearbeiten k\u00f6nnen. Eine Weitergabe an andere Empf\u00e4nger erfolgt nicht. Sie haben das Recht, Ihre Einwilligung jederzeit durch schriftliche Mitteilung zu widerrufen, ohne dass die Rechtm\u00e4\u00dfigkeit der aufgrund der Einwilligung bis zum Widerruf erfolgten Verarbeitung ber\u00fchrt wird. Sie haben das Recht, der Verwendung Ihrer personenbezogenen Daten zum Zweck der Direktwerbung jederzeit durch schriftliche Mitteilung zu widersprechen. Im Fall des Widerspruchs werden Ihre personenbezogenen Daten nicht mehr zum Zweck der Direktwerbung verarbeitet. Sie haben das Recht auf Auskunft, Berichtigung, L\u00f6schung, Einschr\u00e4nkung der Verarbeitung und \u00dcbertragbarkeit Ihrer personenbezogenen Daten sowie das Recht auf Beschwerde bei der Aufsichtsbeh\u00f6rde (\u00d6sterreichische Datenschutzbeh\u00f6rde, Wickenburggasse 8, 1080 Wien, <a href=\"mailto:dsb@dsb.gv.at)\">dsb@dsb.gv.at)<\/a>.[\/vc_column_text][\/vc_column][\/vc_row]<\/p>\n<\/div>","protected":false},"excerpt":{"rendered":"<p>[vc_row][vc_column][vc_column_text] Urlaubsbuchung [\/vc_column_text][vc_raw_js]JTNDZGl2JTIwaWQlM0QlMjJlYkZyb250RW5kRnJhbWUlMjIlM0UlM0MlMkZkaXYlM0UlMEElM0NzY3JpcHQlMjBzcmMlM0QlMjIlMkYlMkZ3d3cuZWFzeS1ib29raW5nLmF0JTJGYm9va2luZ2VuZ2luZTIlMkZqcyUyRmpxdWVyeS5lYXN5Ym9va2luZy5mcm9udGVuZC5qcyUyMiUzRSUzQyUyRnNjcmlwdCUzRSUwQSUzQ3NjcmlwdCUzRSUwQSUyMCUyMGZ1bmN0aW9uJTIwZWJGcm9udGVuZExvYWRlZENoZWNrJTI4JTI5JTIwJTdCJTBBJTIwJTIwJTIwJTIwaWYlMjAlMjh0eXBlb2YlMjBqUXVlcnklMjAlMjElM0QlMjAlMjJ1bmRlZmluZWQlMjIlMjklMjAlN0IlMEElMjAlMjAlMjAlMjAlMjAlMjBpZiUyMCUyOGpRdWVyeS5mbi5lYkZyb250RW5kJTI5JTIwJTdCJTBBJTIwJTIwJTIwJTIwJTIwJTIwJTIwJTIwalF1ZXJ5JTI4JTIyJTIzZWJGcm9udEVuZEZyYW1lJTIyJTI5LmViRnJvbnRFbmQlMjglN0IlMEElMjAlMjAlMjAlMjAlMjAlMjAlMjAlMjAlMjAlMjBjdXN0b21lcklkJTNBJTIwMzI3NCUyQyUwQSUyMCUyMCUyMCUyMCUyMCUyMCUyMCUyMCUyMCUyMHNlcmlhbE5vJTNBJTIwJTIyNzAyOS02MjEzLTIwMTglMjIlMkMlMEElMjAlMjAlMjAlMjAlMjAlMjAlMjAlMjAlMjAlMjBsb2NhbGVJZCUzQSUyMDIlMkMlMEElMjAlMjAlMjAlMjAlMjAlMjAlMjAlMjAlMjAlMjBmcmFtZUlkJTNBJTIwJTIyZWJGcm9udEVuZFBsdWdpbiUyMiUyQyUwQSUyMCUyMCUyMCUyMCUyMCUyMCUyMCUyMCUyMCUyMHNjcm9sbE9mZnNldCUzQSUyMDAlMkMlMEElMjAlMjAlMjAlMjAlMjAlMjAlMjAlMjAlMjAlMjBhZHVsdE9ubHklM0ElMjBmYWxzZSUyQyUwQSUyMCUyMCUyMCUyMCUyMCUyMCUyMCUyMCUyMCUyMGd0bURMJTNBJTIwJTIyZGF0YUxheWVyJTIyJTJDJTBBJTIwJTIwJTIwJTIwJTIwJTIwJTIwJTIwJTIwJTIwaGlkZUZpbHRlcnMlM0ElMjAlMjJvbiUyMiUyQyUwQSUyMCUyMCUyMCUyMCUyMCUyMCUyMCUyMCUyMCUyMGRpc2FibGVTY3JvbGwlM0ElMjB0cnVlJTJDJTBBJTIwJTIwJTIwJTIwJTIwJTIwJTIwJTIwJTIwJTIwc291cmNlJTNBJTIwJTIyJTIyJTJDJTBBJTIwJTIwJTIwJTIwJTIwJTIwJTIwJTIwJTIwJTIwY29sbGFwc2VkRXh0cmFzJTNBJTIwZmFsc2UlMEElMjAlMjAlMjAlMjAlMjAlMjAlMjAlMjAlN0QlMjklM0IlMEElMjAlMjAlMjAlMjAlMjAlMjAlN0QlMjBlbHNlJTIwJTdCJTBBJTIwJTIwJTIwJTIwJTIwJTIwJTIwJTIwc2V0VGltZW91dCUyOGViRnJvbnRlbmRMb2FkZWRDaGVjayUyQyUyMDIwMCUyOSUzQiUwQSUyMCUyMCUyMCUyMCUyMCUyMCU3RCUwQSUyMCUyMCUyMCUyMCU3RCUyMGVsc2UlMjAlN0IlMEElMjAlMjAlMjAlMjAlMjAlMjBzZXRUaW1lb3V0JTI4ZWJGcm9udGVuZExvYWRlZENoZWNrJTJDJTIwMjAwJTI5JTNCJTBBJTIwJTIwJTIwJTIwJTdEJTBBJTIwJTIwJTdEJTBBJTIwJTIwZWJGcm9udGVuZExvYWRlZENoZWNrJTI4JTI5JTNCJTBBJTNDJTJGc2NyaXB0JTNF[\/vc_raw_js][\/vc_column][\/vc_row][vc_row][vc_column][vc_column_text el_class=&#8221;dsgvo&#8221;]Nach Absenden des Kontaktformulars erfolgt eine Verarbeitung der oben angef\u00fchrten Daten durch den datenschutzrechtlich Verantwortlichen 4 Sterne Hotel &amp; Berggasthaus Alpenklang, Familie Rohrmoser, Schiedweg 47, A-5611 Gro\u00dfarl, hotel@alpenklang.info,\u00a0zum Zweck der Bearbeitung Ihrer Anfrage auf Grundlage Ihrer durch das Absenden des Formulars erteilten Einwilligung. Es erfolgt eine Weiterverarbeitung der Daten zum Zweck der &hellip;<\/p>\n\n<p><a class=\"readmore btn btn-default btn-default btn-block\" href=\"https:\/\/www.alpenklang.info\/at\/preise-wohnen\/urlaubsbuchung\/\">Read More<\/a><\/p>","protected":false},"author":1,"featured_media":2824,"parent":3057,"menu_order":0,"comment_status":"closed","ping_status":"closed","template":"","meta":{"footnotes":""},"class_list":["post-3051","page","type-page","status-publish","has-post-thumbnail","hentry"],"yoast_head":"<!-- This site is optimized with the Yoast SEO plugin v27.5 - https:\/\/yoast.com\/product\/yoast-seo-wordpress\/ -->\n<title>Urlaubsbuchung - Hotel Alpenklang<\/title>\n<meta name=\"robots\" content=\"index, follow, max-snippet:-1, max-image-preview:large, max-video-preview:-1\" \/>\n<link rel=\"canonical\" href=\"https:\/\/www.alpenklang.info\/preise-wohnen\/urlaubsbuchung\/\" \/>\n<meta property=\"og:locale\" content=\"de_DE\" \/>\n<meta property=\"og:type\" content=\"article\" \/>\n<meta property=\"og:title\" content=\"Urlaubsbuchung - Hotel Alpenklang\" \/>\n<meta property=\"og:description\" content=\"[vc_row][vc_column][vc_column_text] Urlaubsbuchung [\/vc_column_text][vc_raw_js]JTNDZGl2JTIwaWQlM0QlMjJlYkZyb250RW5kRnJhbWUlMjIlM0UlM0MlMkZkaXYlM0UlMEElM0NzY3JpcHQlMjBzcmMlM0QlMjIlMkYlMkZ3d3cuZWFzeS1ib29raW5nLmF0JTJGYm9va2luZ2VuZ2luZTIlMkZqcyUyRmpxdWVyeS5lYXN5Ym9va2luZy5mcm9udGVuZC5qcyUyMiUzRSUzQyUyRnNjcmlwdCUzRSUwQSUzQ3NjcmlwdCUzRSUwQSUyMCUyMGZ1bmN0aW9uJTIwZWJGcm9udGVuZExvYWRlZENoZWNrJTI4JTI5JTIwJTdCJTBBJTIwJTIwJTIwJTIwaWYlMjAlMjh0eXBlb2YlMjBqUXVlcnklMjAlMjElM0QlMjAlMjJ1bmRlZmluZWQlMjIlMjklMjAlN0IlMEElMjAlMjAlMjAlMjAlMjAlMjBpZiUyMCUyOGpRdWVyeS5mbi5lYkZyb250RW5kJTI5JTIwJTdCJTBBJTIwJTIwJTIwJTIwJTIwJTIwJTIwJTIwalF1ZXJ5JTI4JTIyJTIzZWJGcm9udEVuZEZyYW1lJTIyJTI5LmViRnJvbnRFbmQlMjglN0IlMEElMjAlMjAlMjAlMjAlMjAlMjAlMjAlMjAlMjAlMjBjdXN0b21lcklkJTNBJTIwMzI3NCUyQyUwQSUyMCUyMCUyMCUyMCUyMCUyMCUyMCUyMCUyMCUyMHNlcmlhbE5vJTNBJTIwJTIyNzAyOS02MjEzLTIwMTglMjIlMkMlMEElMjAlMjAlMjAlMjAlMjAlMjAlMjAlMjAlMjAlMjBsb2NhbGVJZCUzQSUyMDIlMkMlMEElMjAlMjAlMjAlMjAlMjAlMjAlMjAlMjAlMjAlMjBmcmFtZUlkJTNBJTIwJTIyZWJGcm9udEVuZFBsdWdpbiUyMiUyQyUwQSUyMCUyMCUyMCUyMCUyMCUyMCUyMCUyMCUyMCUyMHNjcm9sbE9mZnNldCUzQSUyMDAlMkMlMEElMjAlMjAlMjAlMjAlMjAlMjAlMjAlMjAlMjAlMjBhZHVsdE9ubHklM0ElMjBmYWxzZSUyQyUwQSUyMCUyMCUyMCUyMCUyMCUyMCUyMCUyMCUyMCUyMGd0bURMJTNBJTIwJTIyZGF0YUxheWVyJTIyJTJDJTBBJTIwJTIwJTIwJTIwJTIwJTIwJTIwJTIwJTIwJTIwaGlkZUZpbHRlcnMlM0ElMjAlMjJvbiUyMiUyQyUwQSUyMCUyMCUyMCUyMCUyMCUyMCUyMCUyMCUyMCUyMGRpc2FibGVTY3JvbGwlM0ElMjB0cnVlJTJDJTBBJTIwJTIwJTIwJTIwJTIwJTIwJTIwJTIwJTIwJTIwc291cmNlJTNBJTIwJTIyJTIyJTJDJTBBJTIwJTIwJTIwJTIwJTIwJTIwJTIwJTIwJTIwJTIwY29sbGFwc2VkRXh0cmFzJTNBJTIwZmFsc2UlMEElMjAlMjAlMjAlMjAlMjAlMjAlMjAlMjAlN0QlMjklM0IlMEElMjAlMjAlMjAlMjAlMjAlMjAlN0QlMjBlbHNlJTIwJTdCJTBBJTIwJTIwJTIwJTIwJTIwJTIwJTIwJTIwc2V0VGltZW91dCUyOGViRnJvbnRlbmRMb2FkZWRDaGVjayUyQyUyMDIwMCUyOSUzQiUwQSUyMCUyMCUyMCUyMCUyMCUyMCU3RCUwQSUyMCUyMCUyMCUyMCU3RCUyMGVsc2UlMjAlN0IlMEElMjAlMjAlMjAlMjAlMjAlMjBzZXRUaW1lb3V0JTI4ZWJGcm9udGVuZExvYWRlZENoZWNrJTJDJTIwMjAwJTI5JTNCJTBBJTIwJTIwJTIwJTIwJTdEJTBBJTIwJTIwJTdEJTBBJTIwJTIwZWJGcm9udGVuZExvYWRlZENoZWNrJTI4JTI5JTNCJTBBJTNDJTJGc2NyaXB0JTNF[\/vc_raw_js][\/vc_column][\/vc_row][vc_row][vc_column][vc_column_text el_class=&#8221;dsgvo&#8221;]Nach Absenden des Kontaktformulars erfolgt eine Verarbeitung der oben angef\u00fchrten Daten durch den datenschutzrechtlich Verantwortlichen 4 Sterne Hotel &amp; Berggasthaus Alpenklang, Familie Rohrmoser, Schiedweg 47, A-5611 Gro\u00dfarl, hotel@alpenklang.info,\u00a0zum Zweck der Bearbeitung Ihrer Anfrage auf Grundlage Ihrer durch das Absenden des Formulars erteilten Einwilligung. Es erfolgt eine Weiterverarbeitung der Daten zum Zweck der &hellip;\" \/>\n<meta property=\"og:url\" content=\"https:\/\/www.alpenklang.info\/preise-wohnen\/urlaubsbuchung\/\" \/>\n<meta property=\"og:site_name\" content=\"Hotel Alpenklang\" \/>\n<meta property=\"article:modified_time\" content=\"2022-11-30T08:33:14+00:00\" \/>\n<meta property=\"og:image\" content=\"https:\/\/www.alpenklang.info\/wp-content\/uploads\/hotel-berggasthaus-alpenklang-grossarl-1-3.jpg\" \/>\n\t<meta property=\"og:image:width\" content=\"1920\" \/>\n\t<meta property=\"og:image:height\" content=\"750\" \/>\n\t<meta property=\"og:image:type\" content=\"image\/jpeg\" \/>\n<meta name=\"twitter:label1\" content=\"Est. reading time\" \/>\n\t<meta name=\"twitter:data1\" content=\"1 minute\" \/>\n<script type=\"application\/ld+json\" class=\"yoast-schema-graph\">{\"@context\":\"https:\\\/\\\/schema.org\",\"@graph\":[{\"@type\":\"WebPage\",\"@id\":\"https:\\\/\\\/www.alpenklang.info\\\/preise-wohnen\\\/urlaubsbuchung\\\/\",\"url\":\"https:\\\/\\\/www.alpenklang.info\\\/preise-wohnen\\\/urlaubsbuchung\\\/\",\"name\":\"Urlaubsbuchung - Hotel Alpenklang\",\"isPartOf\":{\"@id\":\"https:\\\/\\\/www.alpenklang.info\\\/en\\\/#website\"},\"primaryImageOfPage\":{\"@id\":\"https:\\\/\\\/www.alpenklang.info\\\/preise-wohnen\\\/urlaubsbuchung\\\/#primaryimage\"},\"image\":{\"@id\":\"https:\\\/\\\/www.alpenklang.info\\\/preise-wohnen\\\/urlaubsbuchung\\\/#primaryimage\"},\"thumbnailUrl\":\"https:\\\/\\\/www.alpenklang.info\\\/wp-content\\\/uploads\\\/hotel-berggasthaus-alpenklang-grossarl-1-3.jpg\",\"datePublished\":\"2016-03-30T07:42:39+00:00\",\"dateModified\":\"2022-11-30T08:33:14+00:00\",\"breadcrumb\":{\"@id\":\"https:\\\/\\\/www.alpenklang.info\\\/preise-wohnen\\\/urlaubsbuchung\\\/#breadcrumb\"},\"inLanguage\":\"de\",\"potentialAction\":[{\"@type\":\"ReadAction\",\"target\":[\"https:\\\/\\\/www.alpenklang.info\\\/preise-wohnen\\\/urlaubsbuchung\\\/\"]}]},{\"@type\":\"ImageObject\",\"inLanguage\":\"de\",\"@id\":\"https:\\\/\\\/www.alpenklang.info\\\/preise-wohnen\\\/urlaubsbuchung\\\/#primaryimage\",\"url\":\"https:\\\/\\\/www.alpenklang.info\\\/wp-content\\\/uploads\\\/hotel-berggasthaus-alpenklang-grossarl-1-3.jpg\",\"contentUrl\":\"https:\\\/\\\/www.alpenklang.info\\\/wp-content\\\/uploads\\\/hotel-berggasthaus-alpenklang-grossarl-1-3.jpg\",\"width\":1920,\"height\":750},{\"@type\":\"BreadcrumbList\",\"@id\":\"https:\\\/\\\/www.alpenklang.info\\\/preise-wohnen\\\/urlaubsbuchung\\\/#breadcrumb\",\"itemListElement\":[{\"@type\":\"ListItem\",\"position\":1,\"name\":\"Home\",\"item\":\"https:\\\/\\\/www.alpenklang.info\\\/at\\\/\"},{\"@type\":\"ListItem\",\"position\":2,\"name\":\"Preise &#038; Wohnen\",\"item\":\"https:\\\/\\\/www.alpenklang.info\\\/preise-wohnen\\\/\"},{\"@type\":\"ListItem\",\"position\":3,\"name\":\"Urlaubsbuchung\"}]},{\"@type\":\"WebSite\",\"@id\":\"https:\\\/\\\/www.alpenklang.info\\\/en\\\/#website\",\"url\":\"https:\\\/\\\/www.alpenklang.info\\\/en\\\/\",\"name\":\"Hotel Alpenklang\",\"description\":\"Hotel &amp; Berggasthaus in Gro\u00dfarl\",\"potentialAction\":[{\"@type\":\"SearchAction\",\"target\":{\"@type\":\"EntryPoint\",\"urlTemplate\":\"https:\\\/\\\/www.alpenklang.info\\\/en\\\/?s={search_term_string}\"},\"query-input\":{\"@type\":\"PropertyValueSpecification\",\"valueRequired\":true,\"valueName\":\"search_term_string\"}}],\"inLanguage\":\"de\"}]}<\/script>\n<!-- \/ Yoast SEO plugin. -->","yoast_head_json":{"title":"Urlaubsbuchung - Hotel Alpenklang","robots":{"index":"index","follow":"follow","max-snippet":"max-snippet:-1","max-image-preview":"max-image-preview:large","max-video-preview":"max-video-preview:-1"},"canonical":"https:\/\/www.alpenklang.info\/preise-wohnen\/urlaubsbuchung\/","og_locale":"de_DE","og_type":"article","og_title":"Urlaubsbuchung - Hotel Alpenklang","og_description":"[vc_row][vc_column][vc_column_text] Urlaubsbuchung [\/vc_column_text][vc_raw_js]JTNDZGl2JTIwaWQlM0QlMjJlYkZyb250RW5kRnJhbWUlMjIlM0UlM0MlMkZkaXYlM0UlMEElM0NzY3JpcHQlMjBzcmMlM0QlMjIlMkYlMkZ3d3cuZWFzeS1ib29raW5nLmF0JTJGYm9va2luZ2VuZ2luZTIlMkZqcyUyRmpxdWVyeS5lYXN5Ym9va2luZy5mcm9udGVuZC5qcyUyMiUzRSUzQyUyRnNjcmlwdCUzRSUwQSUzQ3NjcmlwdCUzRSUwQSUyMCUyMGZ1bmN0aW9uJTIwZWJGcm9udGVuZExvYWRlZENoZWNrJTI4JTI5JTIwJTdCJTBBJTIwJTIwJTIwJTIwaWYlMjAlMjh0eXBlb2YlMjBqUXVlcnklMjAlMjElM0QlMjAlMjJ1bmRlZmluZWQlMjIlMjklMjAlN0IlMEElMjAlMjAlMjAlMjAlMjAlMjBpZiUyMCUyOGpRdWVyeS5mbi5lYkZyb250RW5kJTI5JTIwJTdCJTBBJTIwJTIwJTIwJTIwJTIwJTIwJTIwJTIwalF1ZXJ5JTI4JTIyJTIzZWJGcm9udEVuZEZyYW1lJTIyJTI5LmViRnJvbnRFbmQlMjglN0IlMEElMjAlMjAlMjAlMjAlMjAlMjAlMjAlMjAlMjAlMjBjdXN0b21lcklkJTNBJTIwMzI3NCUyQyUwQSUyMCUyMCUyMCUyMCUyMCUyMCUyMCUyMCUyMCUyMHNlcmlhbE5vJTNBJTIwJTIyNzAyOS02MjEzLTIwMTglMjIlMkMlMEElMjAlMjAlMjAlMjAlMjAlMjAlMjAlMjAlMjAlMjBsb2NhbGVJZCUzQSUyMDIlMkMlMEElMjAlMjAlMjAlMjAlMjAlMjAlMjAlMjAlMjAlMjBmcmFtZUlkJTNBJTIwJTIyZWJGcm9udEVuZFBsdWdpbiUyMiUyQyUwQSUyMCUyMCUyMCUyMCUyMCUyMCUyMCUyMCUyMCUyMHNjcm9sbE9mZnNldCUzQSUyMDAlMkMlMEElMjAlMjAlMjAlMjAlMjAlMjAlMjAlMjAlMjAlMjBhZHVsdE9ubHklM0ElMjBmYWxzZSUyQyUwQSUyMCUyMCUyMCUyMCUyMCUyMCUyMCUyMCUyMCUyMGd0bURMJTNBJTIwJTIyZGF0YUxheWVyJTIyJTJDJTBBJTIwJTIwJTIwJTIwJTIwJTIwJTIwJTIwJTIwJTIwaGlkZUZpbHRlcnMlM0ElMjAlMjJvbiUyMiUyQyUwQSUyMCUyMCUyMCUyMCUyMCUyMCUyMCUyMCUyMCUyMGRpc2FibGVTY3JvbGwlM0ElMjB0cnVlJTJDJTBBJTIwJTIwJTIwJTIwJTIwJTIwJTIwJTIwJTIwJTIwc291cmNlJTNBJTIwJTIyJTIyJTJDJTBBJTIwJTIwJTIwJTIwJTIwJTIwJTIwJTIwJTIwJTIwY29sbGFwc2VkRXh0cmFzJTNBJTIwZmFsc2UlMEElMjAlMjAlMjAlMjAlMjAlMjAlMjAlMjAlN0QlMjklM0IlMEElMjAlMjAlMjAlMjAlMjAlMjAlN0QlMjBlbHNlJTIwJTdCJTBBJTIwJTIwJTIwJTIwJTIwJTIwJTIwJTIwc2V0VGltZW91dCUyOGViRnJvbnRlbmRMb2FkZWRDaGVjayUyQyUyMDIwMCUyOSUzQiUwQSUyMCUyMCUyMCUyMCUyMCUyMCU3RCUwQSUyMCUyMCUyMCUyMCU3RCUyMGVsc2UlMjAlN0IlMEElMjAlMjAlMjAlMjAlMjAlMjBzZXRUaW1lb3V0JTI4ZWJGcm9udGVuZExvYWRlZENoZWNrJTJDJTIwMjAwJTI5JTNCJTBBJTIwJTIwJTIwJTIwJTdEJTBBJTIwJTIwJTdEJTBBJTIwJTIwZWJGcm9udGVuZExvYWRlZENoZWNrJTI4JTI5JTNCJTBBJTNDJTJGc2NyaXB0JTNF[\/vc_raw_js][\/vc_column][\/vc_row][vc_row][vc_column][vc_column_text el_class=&#8221;dsgvo&#8221;]Nach Absenden des Kontaktformulars erfolgt eine Verarbeitung der oben angef\u00fchrten Daten durch den datenschutzrechtlich Verantwortlichen 4 Sterne Hotel &amp; Berggasthaus Alpenklang, Familie Rohrmoser, Schiedweg 47, A-5611 Gro\u00dfarl, hotel@alpenklang.info,\u00a0zum Zweck der Bearbeitung Ihrer Anfrage auf Grundlage Ihrer durch das Absenden des Formulars erteilten Einwilligung. Es erfolgt eine Weiterverarbeitung der Daten zum Zweck der &hellip;","og_url":"https:\/\/www.alpenklang.info\/preise-wohnen\/urlaubsbuchung\/","og_site_name":"Hotel Alpenklang","article_modified_time":"2022-11-30T08:33:14+00:00","og_image":[{"width":1920,"height":750,"url":"https:\/\/www.alpenklang.info\/wp-content\/uploads\/hotel-berggasthaus-alpenklang-grossarl-1-3.jpg","type":"image\/jpeg"}],"twitter_misc":{"Est. reading time":"1 minute"},"schema":{"@context":"https:\/\/schema.org","@graph":[{"@type":"WebPage","@id":"https:\/\/www.alpenklang.info\/preise-wohnen\/urlaubsbuchung\/","url":"https:\/\/www.alpenklang.info\/preise-wohnen\/urlaubsbuchung\/","name":"Urlaubsbuchung - Hotel Alpenklang","isPartOf":{"@id":"https:\/\/www.alpenklang.info\/en\/#website"},"primaryImageOfPage":{"@id":"https:\/\/www.alpenklang.info\/preise-wohnen\/urlaubsbuchung\/#primaryimage"},"image":{"@id":"https:\/\/www.alpenklang.info\/preise-wohnen\/urlaubsbuchung\/#primaryimage"},"thumbnailUrl":"https:\/\/www.alpenklang.info\/wp-content\/uploads\/hotel-berggasthaus-alpenklang-grossarl-1-3.jpg","datePublished":"2016-03-30T07:42:39+00:00","dateModified":"2022-11-30T08:33:14+00:00","breadcrumb":{"@id":"https:\/\/www.alpenklang.info\/preise-wohnen\/urlaubsbuchung\/#breadcrumb"},"inLanguage":"de","potentialAction":[{"@type":"ReadAction","target":["https:\/\/www.alpenklang.info\/preise-wohnen\/urlaubsbuchung\/"]}]},{"@type":"ImageObject","inLanguage":"de","@id":"https:\/\/www.alpenklang.info\/preise-wohnen\/urlaubsbuchung\/#primaryimage","url":"https:\/\/www.alpenklang.info\/wp-content\/uploads\/hotel-berggasthaus-alpenklang-grossarl-1-3.jpg","contentUrl":"https:\/\/www.alpenklang.info\/wp-content\/uploads\/hotel-berggasthaus-alpenklang-grossarl-1-3.jpg","width":1920,"height":750},{"@type":"BreadcrumbList","@id":"https:\/\/www.alpenklang.info\/preise-wohnen\/urlaubsbuchung\/#breadcrumb","itemListElement":[{"@type":"ListItem","position":1,"name":"Home","item":"https:\/\/www.alpenklang.info\/at\/"},{"@type":"ListItem","position":2,"name":"Preise &#038; Wohnen","item":"https:\/\/www.alpenklang.info\/preise-wohnen\/"},{"@type":"ListItem","position":3,"name":"Urlaubsbuchung"}]},{"@type":"WebSite","@id":"https:\/\/www.alpenklang.info\/en\/#website","url":"https:\/\/www.alpenklang.info\/en\/","name":"Hotel Alpenklang","description":"Hotel &amp; Berggasthaus in Gro\u00dfarl","potentialAction":[{"@type":"SearchAction","target":{"@type":"EntryPoint","urlTemplate":"https:\/\/www.alpenklang.info\/en\/?s={search_term_string}"},"query-input":{"@type":"PropertyValueSpecification","valueRequired":true,"valueName":"search_term_string"}}],"inLanguage":"de"}]}},"_links":{"self":[{"href":"https:\/\/www.alpenklang.info\/at\/wp-json\/wp\/v2\/pages\/3051","targetHints":{"allow":["GET"]}}],"collection":[{"href":"https:\/\/www.alpenklang.info\/at\/wp-json\/wp\/v2\/pages"}],"about":[{"href":"https:\/\/www.alpenklang.info\/at\/wp-json\/wp\/v2\/types\/page"}],"author":[{"embeddable":true,"href":"https:\/\/www.alpenklang.info\/at\/wp-json\/wp\/v2\/users\/1"}],"replies":[{"embeddable":true,"href":"https:\/\/www.alpenklang.info\/at\/wp-json\/wp\/v2\/comments?post=3051"}],"version-history":[{"count":0,"href":"https:\/\/www.alpenklang.info\/at\/wp-json\/wp\/v2\/pages\/3051\/revisions"}],"up":[{"embeddable":true,"href":"https:\/\/www.alpenklang.info\/at\/wp-json\/wp\/v2\/pages\/3057"}],"wp:featuredmedia":[{"embeddable":true,"href":"https:\/\/www.alpenklang.info\/at\/wp-json\/wp\/v2\/media\/2824"}],"wp:attachment":[{"href":"https:\/\/www.alpenklang.info\/at\/wp-json\/wp\/v2\/media?parent=3051"}],"curies":[{"name":"wp","href":"https:\/\/api.w.org\/{rel}","templated":true}]}}