{"id":3062,"date":"2016-03-30T09:39:31","date_gmt":"2016-03-30T07:39:31","guid":{"rendered":"https:\/\/www.alpenklang.info\/at\/ihre-gastgeber\/"},"modified":"2022-12-06T16:25:25","modified_gmt":"2022-12-06T15:25:25","slug":"ihre-gastgeber","status":"publish","type":"page","link":"https:\/\/www.alpenklang.info\/at\/4-sterne-hotel-grossarl\/ihre-gastgeber\/","title":{"rendered":"Ihre Gastgeber"},"content":{"rendered":"<div class=\"wpb-content-wrapper\"><p>[vc_row][vc_column][vc_column_text]<\/p>\n<h1>Ihre Gastgeber<\/h1>\n<h2>F\u00fchlen Sie sich rundum wohl bei uns<\/h2>\n<p>[\/vc_column_text][\/vc_column][\/vc_row][vc_row full_width=&#8221;stretch_row&#8221; el_class=&#8221;hintergrund&#8221;][vc_column width=&#8221;1\/2&#8243;][vc_single_image image=&#8221;4620&#8243; img_size=&#8221;medium&#8221; onclick=&#8221;link_image&#8221; css=&#8221;.vc_custom_1670340323337{margin-bottom: 0px !important;}&#8221;][\/vc_column][vc_column width=&#8221;1\/2&#8243;][vc_column_text css=&#8221;.vc_custom_1460442582496{margin-bottom: 0px !important;}&#8221;]Katrin und Christoph Rohrmoser hei\u00dfen Sie herzlich im <a href=\"https:\/\/www.alpenklang.info\/at\/\">4 Sterne Hotel und Berggasthaus Alpenklang<\/a> willkommen. Gastgeber zu sein bedeutet f\u00fcr uns, Ihnen als\u00a0G\u00e4ste ein <strong>Wohlf\u00fchl-Ambiente<\/strong> f\u00fcr einen unvergesslich sch\u00f6nen Urlaub zu bereiten. Wir legen <strong>sehr gro\u00dfen Wert auf Sauberkeit<\/strong> und auf eine <strong>hervorragende K\u00fcche mit frischen Zutaten<\/strong>.<\/p>\n<p>&nbsp;<\/p>\n<p>Unsere nat\u00fcrliche, freundliche Art sowie die\u00a0Liebe zum Detail werden auch Sie in\u00a0Ihrem n\u00e4chsten Sommer- und Winterurlaub bei uns in Gro\u00dfarl zu sch\u00e4tzen wissen.[\/vc_column_text][\/vc_column][\/vc_row][vc_row][vc_column][vc_column_text]<\/p>\n<h5>Wir freuen uns, Sie bei uns begr\u00fc\u00dfen zu d\u00fcrfen!<\/h5>\n<h6>Ihre Familie Rohrmoser mit Team<\/h6>\n<p>[\/vc_column_text][\/vc_column][\/vc_row][vc_row][vc_column width=&#8221;1\/3&#8243;][vc_column_text]<span class=\"button-block\"><a href=\"https:\/\/www.alpenklang.info\/at\/alpenklang-musi\/\">Alpenklang Musi<\/a><\/span>[\/vc_column_text][\/vc_column][vc_column width=&#8221;1\/3&#8243;][vc_column_text]<span class=\"button-block\"><a href=\"https:\/\/www.alpenklang.info\/at\/preise-wohnen\/zimmer-preise\/\">Zimmer\u00fcbersicht<\/a><\/span>[\/vc_column_text][\/vc_column][vc_column width=&#8221;1\/3&#8243;][vc_column_text]<span class=\"button-block button-rot\"><a href=\"https:\/\/www.alpenklang.info\/at\/preise-wohnen\/urlaubsbuchung\/\">Urlaubsbuchung<\/a><\/span>[\/vc_column_text][\/vc_column][\/vc_row]<\/p>\n<\/div>","protected":false},"excerpt":{"rendered":"<p>[vc_row][vc_column][vc_column_text] Ihre Gastgeber F\u00fchlen Sie sich rundum wohl bei uns [\/vc_column_text][\/vc_column][\/vc_row][vc_row full_width=&#8221;stretch_row&#8221; el_class=&#8221;hintergrund&#8221;][vc_column width=&#8221;1\/2&#8243;][vc_single_image image=&#8221;4620&#8243; img_size=&#8221;medium&#8221; onclick=&#8221;link_image&#8221; css=&#8221;.vc_custom_1670340323337{margin-bottom: 0px !important;}&#8221;][\/vc_column][vc_column width=&#8221;1\/2&#8243;][vc_column_text css=&#8221;.vc_custom_1460442582496{margin-bottom: 0px !important;}&#8221;]Katrin und Christoph Rohrmoser hei\u00dfen Sie herzlich im 4 Sterne Hotel und Berggasthaus Alpenklang willkommen. Gastgeber zu sein bedeutet f\u00fcr uns, Ihnen als\u00a0G\u00e4ste ein Wohlf\u00fchl-Ambiente f\u00fcr einen unvergesslich sch\u00f6nen Urlaub zu bereiten. &hellip;<\/p>\n\n<p><a class=\"readmore btn btn-default btn-default btn-block\" href=\"https:\/\/www.alpenklang.info\/at\/4-sterne-hotel-grossarl\/ihre-gastgeber\/\">Read More<\/a><\/p>","protected":false},"author":1,"featured_media":2792,"parent":3068,"menu_order":0,"comment_status":"closed","ping_status":"closed","template":"","meta":{"footnotes":""},"class_list":["post-3062","page","type-page","status-publish","has-post-thumbnail","hentry"],"yoast_head":"<!-- This site is optimized with the Yoast SEO plugin v27.5 - https:\/\/yoast.com\/product\/yoast-seo-wordpress\/ -->\n<title>Ihre Gastgeber - 4 Sterne Hotel &amp; Berggasthaus in Gro\u00dfarl<\/title>\n<meta name=\"description\" content=\"Katrin &amp; Christoph Rohrmoser, Ihre Gastgeber, m\u00f6chten Ihnen ein Wohlf\u00fchl-Ambiente im unvergesslichen Urlaub &amp; im Restaurant in Gro\u00dfarl bereiten.\" \/>\n<meta name=\"robots\" content=\"index, follow, max-snippet:-1, max-image-preview:large, max-video-preview:-1\" \/>\n<link rel=\"canonical\" href=\"https:\/\/www.alpenklang.info\/en\/4-star-hotel-grossarl\/your-hosts\/\" \/>\n<meta property=\"og:locale\" content=\"de_DE\" \/>\n<meta property=\"og:type\" content=\"article\" \/>\n<meta property=\"og:title\" content=\"Ihre Gastgeber - 4 Sterne Hotel &amp; Berggasthaus in Gro\u00dfarl\" \/>\n<meta property=\"og:description\" content=\"Katrin &amp; Christoph Rohrmoser, Ihre Gastgeber, m\u00f6chten Ihnen ein Wohlf\u00fchl-Ambiente im unvergesslichen Urlaub &amp; im Restaurant in Gro\u00dfarl bereiten.\" \/>\n<meta property=\"og:url\" content=\"https:\/\/www.alpenklang.info\/en\/4-star-hotel-grossarl\/your-hosts\/\" \/>\n<meta property=\"og:site_name\" content=\"Hotel Alpenklang\" \/>\n<meta property=\"article:modified_time\" content=\"2022-12-06T15:25:25+00:00\" \/>\n<meta property=\"og:image\" content=\"https:\/\/www.alpenklang.info\/wp-content\/uploads\/hotel-alpenklang-bilder-videos-1.jpg\" \/>\n\t<meta property=\"og:image:width\" content=\"1920\" \/>\n\t<meta property=\"og:image:height\" content=\"750\" \/>\n\t<meta property=\"og:image:type\" content=\"image\/jpeg\" \/>\n<meta name=\"twitter:label1\" content=\"Est. reading time\" \/>\n\t<meta name=\"twitter:data1\" content=\"1 minute\" \/>\n<script type=\"application\/ld+json\" class=\"yoast-schema-graph\">{\"@context\":\"https:\\\/\\\/schema.org\",\"@graph\":[{\"@type\":\"WebPage\",\"@id\":\"https:\\\/\\\/www.alpenklang.info\\\/en\\\/4-star-hotel-grossarl\\\/your-hosts\\\/\",\"url\":\"https:\\\/\\\/www.alpenklang.info\\\/en\\\/4-star-hotel-grossarl\\\/your-hosts\\\/\",\"name\":\"Ihre Gastgeber - 4 Sterne Hotel & Berggasthaus in Gro\u00dfarl\",\"isPartOf\":{\"@id\":\"https:\\\/\\\/www.alpenklang.info\\\/en\\\/#website\"},\"primaryImageOfPage\":{\"@id\":\"https:\\\/\\\/www.alpenklang.info\\\/en\\\/4-star-hotel-grossarl\\\/your-hosts\\\/#primaryimage\"},\"image\":{\"@id\":\"https:\\\/\\\/www.alpenklang.info\\\/en\\\/4-star-hotel-grossarl\\\/your-hosts\\\/#primaryimage\"},\"thumbnailUrl\":\"https:\\\/\\\/www.alpenklang.info\\\/wp-content\\\/uploads\\\/hotel-alpenklang-bilder-videos-1.jpg\",\"datePublished\":\"2016-03-30T07:39:31+00:00\",\"dateModified\":\"2022-12-06T15:25:25+00:00\",\"description\":\"Katrin & Christoph Rohrmoser, Ihre Gastgeber, m\u00f6chten Ihnen ein Wohlf\u00fchl-Ambiente im unvergesslichen Urlaub & im Restaurant in Gro\u00dfarl bereiten.\",\"breadcrumb\":{\"@id\":\"https:\\\/\\\/www.alpenklang.info\\\/en\\\/4-star-hotel-grossarl\\\/your-hosts\\\/#breadcrumb\"},\"inLanguage\":\"de\",\"potentialAction\":[{\"@type\":\"ReadAction\",\"target\":[\"https:\\\/\\\/www.alpenklang.info\\\/en\\\/4-star-hotel-grossarl\\\/your-hosts\\\/\"]}]},{\"@type\":\"ImageObject\",\"inLanguage\":\"de\",\"@id\":\"https:\\\/\\\/www.alpenklang.info\\\/en\\\/4-star-hotel-grossarl\\\/your-hosts\\\/#primaryimage\",\"url\":\"https:\\\/\\\/www.alpenklang.info\\\/wp-content\\\/uploads\\\/hotel-alpenklang-bilder-videos-1.jpg\",\"contentUrl\":\"https:\\\/\\\/www.alpenklang.info\\\/wp-content\\\/uploads\\\/hotel-alpenklang-bilder-videos-1.jpg\",\"width\":1920,\"height\":750},{\"@type\":\"BreadcrumbList\",\"@id\":\"https:\\\/\\\/www.alpenklang.info\\\/en\\\/4-star-hotel-grossarl\\\/your-hosts\\\/#breadcrumb\",\"itemListElement\":[{\"@type\":\"ListItem\",\"position\":1,\"name\":\"Home\",\"item\":\"https:\\\/\\\/www.alpenklang.info\\\/at\\\/\"},{\"@type\":\"ListItem\",\"position\":2,\"name\":\"Das Berghotel\",\"item\":\"https:\\\/\\\/www.alpenklang.info\\\/en\\\/4-star-hotel-grossarl\\\/\"},{\"@type\":\"ListItem\",\"position\":3,\"name\":\"Ihre Gastgeber\"}]},{\"@type\":\"WebSite\",\"@id\":\"https:\\\/\\\/www.alpenklang.info\\\/en\\\/#website\",\"url\":\"https:\\\/\\\/www.alpenklang.info\\\/en\\\/\",\"name\":\"Hotel Alpenklang\",\"description\":\"Hotel &amp; Berggasthaus in Gro\u00dfarl\",\"potentialAction\":[{\"@type\":\"SearchAction\",\"target\":{\"@type\":\"EntryPoint\",\"urlTemplate\":\"https:\\\/\\\/www.alpenklang.info\\\/en\\\/?s={search_term_string}\"},\"query-input\":{\"@type\":\"PropertyValueSpecification\",\"valueRequired\":true,\"valueName\":\"search_term_string\"}}],\"inLanguage\":\"de\"}]}<\/script>\n<!-- \/ Yoast SEO plugin. -->","yoast_head_json":{"title":"Ihre Gastgeber - 4 Sterne Hotel & Berggasthaus in Gro\u00dfarl","description":"Katrin & Christoph Rohrmoser, Ihre Gastgeber, m\u00f6chten Ihnen ein Wohlf\u00fchl-Ambiente im unvergesslichen Urlaub & im Restaurant in Gro\u00dfarl bereiten.","robots":{"index":"index","follow":"follow","max-snippet":"max-snippet:-1","max-image-preview":"max-image-preview:large","max-video-preview":"max-video-preview:-1"},"canonical":"https:\/\/www.alpenklang.info\/en\/4-star-hotel-grossarl\/your-hosts\/","og_locale":"de_DE","og_type":"article","og_title":"Ihre Gastgeber - 4 Sterne Hotel & Berggasthaus in Gro\u00dfarl","og_description":"Katrin & Christoph Rohrmoser, Ihre Gastgeber, m\u00f6chten Ihnen ein Wohlf\u00fchl-Ambiente im unvergesslichen Urlaub & im Restaurant in Gro\u00dfarl bereiten.","og_url":"https:\/\/www.alpenklang.info\/en\/4-star-hotel-grossarl\/your-hosts\/","og_site_name":"Hotel Alpenklang","article_modified_time":"2022-12-06T15:25:25+00:00","og_image":[{"width":1920,"height":750,"url":"https:\/\/www.alpenklang.info\/wp-content\/uploads\/hotel-alpenklang-bilder-videos-1.jpg","type":"image\/jpeg"}],"twitter_misc":{"Est. reading time":"1 minute"},"schema":{"@context":"https:\/\/schema.org","@graph":[{"@type":"WebPage","@id":"https:\/\/www.alpenklang.info\/en\/4-star-hotel-grossarl\/your-hosts\/","url":"https:\/\/www.alpenklang.info\/en\/4-star-hotel-grossarl\/your-hosts\/","name":"Ihre Gastgeber - 4 Sterne Hotel & Berggasthaus in Gro\u00dfarl","isPartOf":{"@id":"https:\/\/www.alpenklang.info\/en\/#website"},"primaryImageOfPage":{"@id":"https:\/\/www.alpenklang.info\/en\/4-star-hotel-grossarl\/your-hosts\/#primaryimage"},"image":{"@id":"https:\/\/www.alpenklang.info\/en\/4-star-hotel-grossarl\/your-hosts\/#primaryimage"},"thumbnailUrl":"https:\/\/www.alpenklang.info\/wp-content\/uploads\/hotel-alpenklang-bilder-videos-1.jpg","datePublished":"2016-03-30T07:39:31+00:00","dateModified":"2022-12-06T15:25:25+00:00","description":"Katrin & Christoph Rohrmoser, Ihre Gastgeber, m\u00f6chten Ihnen ein Wohlf\u00fchl-Ambiente im unvergesslichen Urlaub & im Restaurant in Gro\u00dfarl bereiten.","breadcrumb":{"@id":"https:\/\/www.alpenklang.info\/en\/4-star-hotel-grossarl\/your-hosts\/#breadcrumb"},"inLanguage":"de","potentialAction":[{"@type":"ReadAction","target":["https:\/\/www.alpenklang.info\/en\/4-star-hotel-grossarl\/your-hosts\/"]}]},{"@type":"ImageObject","inLanguage":"de","@id":"https:\/\/www.alpenklang.info\/en\/4-star-hotel-grossarl\/your-hosts\/#primaryimage","url":"https:\/\/www.alpenklang.info\/wp-content\/uploads\/hotel-alpenklang-bilder-videos-1.jpg","contentUrl":"https:\/\/www.alpenklang.info\/wp-content\/uploads\/hotel-alpenklang-bilder-videos-1.jpg","width":1920,"height":750},{"@type":"BreadcrumbList","@id":"https:\/\/www.alpenklang.info\/en\/4-star-hotel-grossarl\/your-hosts\/#breadcrumb","itemListElement":[{"@type":"ListItem","position":1,"name":"Home","item":"https:\/\/www.alpenklang.info\/at\/"},{"@type":"ListItem","position":2,"name":"Das Berghotel","item":"https:\/\/www.alpenklang.info\/en\/4-star-hotel-grossarl\/"},{"@type":"ListItem","position":3,"name":"Ihre Gastgeber"}]},{"@type":"WebSite","@id":"https:\/\/www.alpenklang.info\/en\/#website","url":"https:\/\/www.alpenklang.info\/en\/","name":"Hotel Alpenklang","description":"Hotel &amp; Berggasthaus in Gro\u00dfarl","potentialAction":[{"@type":"SearchAction","target":{"@type":"EntryPoint","urlTemplate":"https:\/\/www.alpenklang.info\/en\/?s={search_term_string}"},"query-input":{"@type":"PropertyValueSpecification","valueRequired":true,"valueName":"search_term_string"}}],"inLanguage":"de"}]}},"_links":{"self":[{"href":"https:\/\/www.alpenklang.info\/at\/wp-json\/wp\/v2\/pages\/3062","targetHints":{"allow":["GET"]}}],"collection":[{"href":"https:\/\/www.alpenklang.info\/at\/wp-json\/wp\/v2\/pages"}],"about":[{"href":"https:\/\/www.alpenklang.info\/at\/wp-json\/wp\/v2\/types\/page"}],"author":[{"embeddable":true,"href":"https:\/\/www.alpenklang.info\/at\/wp-json\/wp\/v2\/users\/1"}],"replies":[{"embeddable":true,"href":"https:\/\/www.alpenklang.info\/at\/wp-json\/wp\/v2\/comments?post=3062"}],"version-history":[{"count":0,"href":"https:\/\/www.alpenklang.info\/at\/wp-json\/wp\/v2\/pages\/3062\/revisions"}],"up":[{"embeddable":true,"href":"https:\/\/www.alpenklang.info\/at\/wp-json\/wp\/v2\/pages\/3068"}],"wp:featuredmedia":[{"embeddable":true,"href":"https:\/\/www.alpenklang.info\/at\/wp-json\/wp\/v2\/media\/2792"}],"wp:attachment":[{"href":"https:\/\/www.alpenklang.info\/at\/wp-json\/wp\/v2\/media?parent=3062"}],"curies":[{"name":"wp","href":"https:\/\/api.w.org\/{rel}","templated":true}]}}