{"id":3064,"date":"2016-03-30T09:39:13","date_gmt":"2016-03-30T07:39:13","guid":{"rendered":"https:\/\/www.alpenklang.info\/at\/restaurant-berggasthaus-grossarl\/"},"modified":"2023-12-24T13:52:01","modified_gmt":"2023-12-24T12:52:01","slug":"restaurant-berggasthaus-grossarl","status":"publish","type":"page","link":"https:\/\/www.alpenklang.info\/at\/4-sterne-hotel-grossarl\/restaurant-berggasthaus-grossarl\/","title":{"rendered":"Restaurant &#038; Berggasthaus"},"content":{"rendered":"<div class=\"wpb-content-wrapper\"><p>[vc_row][vc_column][vc_column_text]<\/p>\n<h1>Tags\u00fcber im Alpenklang<\/h1>\n<h2>Imbisse im Restaurant und auf der Terrasse<\/h2>\n<p>[\/vc_column_text][\/vc_column][\/vc_row][vc_row][vc_column width=&#8221;1\/2&#8243;][vc_column_text]Im <a href=\"https:\/\/www.alpenklang.info\/at\/\">\u00a0Restaurant <\/a> servieren wir Ihnen von 12:00 bis 20:00 Uhr eine kleine Auswahl an Imbissen, hausgemachte Kuchen und Eis sowie erfrischende Getr\u00e4nke. Sehr beliebt sind die <strong>Gro\u00dfarler Fleischkrapfen<\/strong> welche Sie auch st\u00e4ndig auf unserer Karte finden. Die <strong>frischen Zutaten<\/strong> und die <strong>hohe Qualit\u00e4t<\/strong> der\u00a0mit viel Liebe zubereiteten Speisen schmeckt man &#8211; das sch\u00e4tzen\u00a0unsere G\u00e4ste besonders.[\/vc_column_text][\/vc_column][vc_column width=&#8221;1\/2&#8243;][vc_column_text]Gerne empfehlen wir Ihnen zu den K\u00f6stlichkeiten einen edlen Tropfen\u00a0aus dem gut sortierten <strong>Weinkeller<\/strong> im Berggasthof im Salzburger Land. Lassen Sie sich die kulinarischen Gen\u00fcsse in der\u00a0<strong>gem\u00fctlichen Stube<\/strong>\u00a0schmecken. Im Sommer bedienen wir Sie auch\u00a0auf der\u00a0<strong>gro\u00dfz\u00fcgigen Sonnenterrasse<\/strong> mit beeindruckender <strong>Aussicht<\/strong>\u00a0\u00fcber das Gro\u00dfarltal. Genie\u00dfen Sie hier am Nachmittag verlockendes\u00a0Eis oder <strong>hausgemachte Mehlspeisen<\/strong>.[\/vc_column_text][\/vc_column][\/vc_row][vc_row][vc_column][vc_column_text]In unserem Restaurant bieten wir von 12.00 &#8211; 20:00 Uhr eine kleine Auswahl an Speisen an. <strong>Am Abend<\/strong> k\u00f6nnen Sie gegen Voranmeldung gerne auch eins <strong>unserer 4 G\u00e4nge Men\u00fcs<\/strong> genie\u00dfen.[\/vc_column_text][\/vc_column][\/vc_row][vc_row full_width=&#8221;stretch_row_content_no_spaces&#8221; el_class=&#8221;bilderreihe&#8221;][vc_column width=&#8221;1\/3&#8243;][vc_single_image image=&#8221;1023&#8243; img_size=&#8221;big&#8221; onclick=&#8221;link_image&#8221; css=&#8221;.vc_custom_1460119776952{margin-bottom: 0px !important;}&#8221;][\/vc_column][vc_column width=&#8221;1\/3&#8243;][vc_single_image image=&#8221;1022&#8243; img_size=&#8221;big&#8221; onclick=&#8221;link_image&#8221; css=&#8221;.vc_custom_1460119785365{margin-bottom: 0px !important;}&#8221;][\/vc_column][vc_column width=&#8221;1\/3&#8243;][vc_single_image image=&#8221;1021&#8243; img_size=&#8221;big&#8221; onclick=&#8221;link_image&#8221; css=&#8221;.vc_custom_1460119794141{margin-bottom: 0px !important;}&#8221;][\/vc_column][\/vc_row][vc_row full_width=&#8221;stretch_row&#8221; el_class=&#8221;hintergrund kein-abstand&#8221;][vc_column][vc_column_text]<\/p>\n<h3>Private Feiern &amp; regelm\u00e4\u00dfige Veranstaltungen<\/h3>\n<p>[\/vc_column_text][vc_column_text]Die l\u00e4ndliche\u00a0Gaststube im Berggasthof\u00a0eignet sich gut f\u00fcr <strong>Firmen- und\u00a0Familienfeiern<\/strong>! Auf Wunsch umrahmen die Wirtsleute Ihre pers\u00f6nliche Veranstaltung musikalisch. Ihre Reservierungen nehmen wir gerne unter <a href=\"mailto:hotel@alpenklang.info\">hotel@alpenklang.info<\/a> oder <a href=\"tel:+436414575\">+43 6414 575<\/a> entgegen.<\/p>\n<p>&nbsp;<\/p>\n<p>Beliebt bei Einheimischen und G\u00e4sten sind die regelm\u00e4\u00dfigen <strong>Grillabende im Sommer<\/strong> und die\u00a0<strong>H\u00fcttenabende im Winter<\/strong>. Dabei werden Sie von der <a href=\"https:\/\/www.alpenklang.info\/at\/alpenklang-musi\/\">Alpenklang Musi<\/a> unterhalten.[\/vc_column_text][\/vc_column][\/vc_row][vc_row][vc_column width=&#8221;1\/2&#8243;][vc_column_text]<span class=\"button-block\"><a href=\"https:\/\/www.alpenklang.info\/at\/kontakt-service\/kontakt-anreise\/\">Kontakt &amp; Anreise<\/a><\/span>[\/vc_column_text][\/vc_column][vc_column width=&#8221;1\/2&#8243;][vc_column_text]<span class=\"button-block\"><a href=\"https:\/\/www.alpenklang.info\/at\/4-sterne-hotel-grossarl\/bilder-videos\/\">Bilder &amp; Videos<\/a><\/span>[\/vc_column_text][\/vc_column][\/vc_row]<\/p>\n<\/div>","protected":false},"excerpt":{"rendered":"<p>[vc_row][vc_column][vc_column_text] Tags\u00fcber im Alpenklang Imbisse im Restaurant und auf der Terrasse [\/vc_column_text][\/vc_column][\/vc_row][vc_row][vc_column width=&#8221;1\/2&#8243;][vc_column_text]Im \u00a0Restaurant servieren wir Ihnen von 12:00 bis 20:00 Uhr eine kleine Auswahl an Imbissen, hausgemachte Kuchen und Eis sowie erfrischende Getr\u00e4nke. Sehr beliebt sind die Gro\u00dfarler Fleischkrapfen welche Sie auch st\u00e4ndig auf unserer Karte finden. Die frischen Zutaten und die hohe Qualit\u00e4t &hellip;<\/p>\n\n<p><a class=\"readmore btn btn-default btn-default btn-block\" href=\"https:\/\/www.alpenklang.info\/at\/4-sterne-hotel-grossarl\/restaurant-berggasthaus-grossarl\/\">Read More<\/a><\/p>","protected":false},"author":1,"featured_media":2800,"parent":3068,"menu_order":0,"comment_status":"closed","ping_status":"closed","template":"","meta":{"footnotes":""},"class_list":["post-3064","page","type-page","status-publish","has-post-thumbnail","hentry"],"yoast_head":"<!-- This site is optimized with the Yoast SEO plugin v27.5 - https:\/\/yoast.com\/product\/yoast-seo-wordpress\/ -->\n<title>\u00c0 la carte Restaurant, Berggasthaus in Gro\u00dfarl<\/title>\n<meta name=\"description\" content=\"Essen &amp; Feiern im \u00c0 la carte Restaurant, Berggasthaus (1.050 m) in Gro\u00dfarl mit Panorama-Terrasse: hervorragende K\u00fcche mit frischen Zutaten in hoher Qualit\u00e4t\" \/>\n<meta name=\"robots\" content=\"index, follow, max-snippet:-1, max-image-preview:large, max-video-preview:-1\" \/>\n<link rel=\"canonical\" href=\"https:\/\/www.alpenklang.info\/en\/4-star-hotel-grossarl\/restaurant-berggasthaus-grossarl\/\" \/>\n<meta property=\"og:locale\" content=\"de_DE\" \/>\n<meta property=\"og:type\" content=\"article\" \/>\n<meta property=\"og:title\" content=\"\u00c0 la carte Restaurant, Berggasthaus in Gro\u00dfarl\" \/>\n<meta property=\"og:description\" content=\"Essen &amp; Feiern im \u00c0 la carte Restaurant, Berggasthaus (1.050 m) in Gro\u00dfarl mit Panorama-Terrasse: hervorragende K\u00fcche mit frischen Zutaten in hoher Qualit\u00e4t\" \/>\n<meta property=\"og:url\" content=\"https:\/\/www.alpenklang.info\/en\/4-star-hotel-grossarl\/restaurant-berggasthaus-grossarl\/\" \/>\n<meta property=\"og:site_name\" content=\"Hotel Alpenklang\" \/>\n<meta property=\"article:modified_time\" content=\"2023-12-24T12:52:01+00:00\" \/>\n<meta property=\"og:image\" content=\"https:\/\/www.alpenklang.info\/wp-content\/uploads\/hotel-alpenklang-inklusivleistungen-kulinarik-3.jpg\" \/>\n\t<meta property=\"og:image:width\" content=\"1920\" \/>\n\t<meta property=\"og:image:height\" content=\"750\" \/>\n\t<meta property=\"og:image:type\" content=\"image\/jpeg\" \/>\n<meta name=\"twitter:label1\" content=\"Est. reading time\" \/>\n\t<meta name=\"twitter:data1\" content=\"2 minutes\" \/>\n<script type=\"application\/ld+json\" class=\"yoast-schema-graph\">{\"@context\":\"https:\\\/\\\/schema.org\",\"@graph\":[{\"@type\":\"WebPage\",\"@id\":\"https:\\\/\\\/www.alpenklang.info\\\/en\\\/4-star-hotel-grossarl\\\/restaurant-berggasthaus-grossarl\\\/\",\"url\":\"https:\\\/\\\/www.alpenklang.info\\\/en\\\/4-star-hotel-grossarl\\\/restaurant-berggasthaus-grossarl\\\/\",\"name\":\"\u00c0 la carte Restaurant, Berggasthaus in Gro\u00dfarl\",\"isPartOf\":{\"@id\":\"https:\\\/\\\/www.alpenklang.info\\\/en\\\/#website\"},\"primaryImageOfPage\":{\"@id\":\"https:\\\/\\\/www.alpenklang.info\\\/en\\\/4-star-hotel-grossarl\\\/restaurant-berggasthaus-grossarl\\\/#primaryimage\"},\"image\":{\"@id\":\"https:\\\/\\\/www.alpenklang.info\\\/en\\\/4-star-hotel-grossarl\\\/restaurant-berggasthaus-grossarl\\\/#primaryimage\"},\"thumbnailUrl\":\"https:\\\/\\\/www.alpenklang.info\\\/wp-content\\\/uploads\\\/hotel-alpenklang-inklusivleistungen-kulinarik-3.jpg\",\"datePublished\":\"2016-03-30T07:39:13+00:00\",\"dateModified\":\"2023-12-24T12:52:01+00:00\",\"description\":\"Essen & Feiern im \u00c0 la carte Restaurant, Berggasthaus (1.050 m) in Gro\u00dfarl mit Panorama-Terrasse: hervorragende K\u00fcche mit frischen Zutaten in hoher Qualit\u00e4t\",\"breadcrumb\":{\"@id\":\"https:\\\/\\\/www.alpenklang.info\\\/en\\\/4-star-hotel-grossarl\\\/restaurant-berggasthaus-grossarl\\\/#breadcrumb\"},\"inLanguage\":\"de\",\"potentialAction\":[{\"@type\":\"ReadAction\",\"target\":[\"https:\\\/\\\/www.alpenklang.info\\\/en\\\/4-star-hotel-grossarl\\\/restaurant-berggasthaus-grossarl\\\/\"]}]},{\"@type\":\"ImageObject\",\"inLanguage\":\"de\",\"@id\":\"https:\\\/\\\/www.alpenklang.info\\\/en\\\/4-star-hotel-grossarl\\\/restaurant-berggasthaus-grossarl\\\/#primaryimage\",\"url\":\"https:\\\/\\\/www.alpenklang.info\\\/wp-content\\\/uploads\\\/hotel-alpenklang-inklusivleistungen-kulinarik-3.jpg\",\"contentUrl\":\"https:\\\/\\\/www.alpenklang.info\\\/wp-content\\\/uploads\\\/hotel-alpenklang-inklusivleistungen-kulinarik-3.jpg\",\"width\":1920,\"height\":750},{\"@type\":\"BreadcrumbList\",\"@id\":\"https:\\\/\\\/www.alpenklang.info\\\/en\\\/4-star-hotel-grossarl\\\/restaurant-berggasthaus-grossarl\\\/#breadcrumb\",\"itemListElement\":[{\"@type\":\"ListItem\",\"position\":1,\"name\":\"Home\",\"item\":\"https:\\\/\\\/www.alpenklang.info\\\/at\\\/\"},{\"@type\":\"ListItem\",\"position\":2,\"name\":\"Das Berghotel\",\"item\":\"https:\\\/\\\/www.alpenklang.info\\\/en\\\/4-star-hotel-grossarl\\\/\"},{\"@type\":\"ListItem\",\"position\":3,\"name\":\"Restaurant &#038; Berggasthaus\"}]},{\"@type\":\"WebSite\",\"@id\":\"https:\\\/\\\/www.alpenklang.info\\\/en\\\/#website\",\"url\":\"https:\\\/\\\/www.alpenklang.info\\\/en\\\/\",\"name\":\"Hotel Alpenklang\",\"description\":\"Hotel &amp; Berggasthaus in Gro\u00dfarl\",\"potentialAction\":[{\"@type\":\"SearchAction\",\"target\":{\"@type\":\"EntryPoint\",\"urlTemplate\":\"https:\\\/\\\/www.alpenklang.info\\\/en\\\/?s={search_term_string}\"},\"query-input\":{\"@type\":\"PropertyValueSpecification\",\"valueRequired\":true,\"valueName\":\"search_term_string\"}}],\"inLanguage\":\"de\"}]}<\/script>\n<!-- \/ Yoast SEO plugin. -->","yoast_head_json":{"title":"\u00c0 la carte Restaurant, Berggasthaus in Gro\u00dfarl","description":"Essen & Feiern im \u00c0 la carte Restaurant, Berggasthaus (1.050 m) in Gro\u00dfarl mit Panorama-Terrasse: hervorragende K\u00fcche mit frischen Zutaten in hoher Qualit\u00e4t","robots":{"index":"index","follow":"follow","max-snippet":"max-snippet:-1","max-image-preview":"max-image-preview:large","max-video-preview":"max-video-preview:-1"},"canonical":"https:\/\/www.alpenklang.info\/en\/4-star-hotel-grossarl\/restaurant-berggasthaus-grossarl\/","og_locale":"de_DE","og_type":"article","og_title":"\u00c0 la carte Restaurant, Berggasthaus in Gro\u00dfarl","og_description":"Essen & Feiern im \u00c0 la carte Restaurant, Berggasthaus (1.050 m) in Gro\u00dfarl mit Panorama-Terrasse: hervorragende K\u00fcche mit frischen Zutaten in hoher Qualit\u00e4t","og_url":"https:\/\/www.alpenklang.info\/en\/4-star-hotel-grossarl\/restaurant-berggasthaus-grossarl\/","og_site_name":"Hotel Alpenklang","article_modified_time":"2023-12-24T12:52:01+00:00","og_image":[{"width":1920,"height":750,"url":"https:\/\/www.alpenklang.info\/wp-content\/uploads\/hotel-alpenklang-inklusivleistungen-kulinarik-3.jpg","type":"image\/jpeg"}],"twitter_misc":{"Est. reading time":"2 minutes"},"schema":{"@context":"https:\/\/schema.org","@graph":[{"@type":"WebPage","@id":"https:\/\/www.alpenklang.info\/en\/4-star-hotel-grossarl\/restaurant-berggasthaus-grossarl\/","url":"https:\/\/www.alpenklang.info\/en\/4-star-hotel-grossarl\/restaurant-berggasthaus-grossarl\/","name":"\u00c0 la carte Restaurant, Berggasthaus in Gro\u00dfarl","isPartOf":{"@id":"https:\/\/www.alpenklang.info\/en\/#website"},"primaryImageOfPage":{"@id":"https:\/\/www.alpenklang.info\/en\/4-star-hotel-grossarl\/restaurant-berggasthaus-grossarl\/#primaryimage"},"image":{"@id":"https:\/\/www.alpenklang.info\/en\/4-star-hotel-grossarl\/restaurant-berggasthaus-grossarl\/#primaryimage"},"thumbnailUrl":"https:\/\/www.alpenklang.info\/wp-content\/uploads\/hotel-alpenklang-inklusivleistungen-kulinarik-3.jpg","datePublished":"2016-03-30T07:39:13+00:00","dateModified":"2023-12-24T12:52:01+00:00","description":"Essen & Feiern im \u00c0 la carte Restaurant, Berggasthaus (1.050 m) in Gro\u00dfarl mit Panorama-Terrasse: hervorragende K\u00fcche mit frischen Zutaten in hoher Qualit\u00e4t","breadcrumb":{"@id":"https:\/\/www.alpenklang.info\/en\/4-star-hotel-grossarl\/restaurant-berggasthaus-grossarl\/#breadcrumb"},"inLanguage":"de","potentialAction":[{"@type":"ReadAction","target":["https:\/\/www.alpenklang.info\/en\/4-star-hotel-grossarl\/restaurant-berggasthaus-grossarl\/"]}]},{"@type":"ImageObject","inLanguage":"de","@id":"https:\/\/www.alpenklang.info\/en\/4-star-hotel-grossarl\/restaurant-berggasthaus-grossarl\/#primaryimage","url":"https:\/\/www.alpenklang.info\/wp-content\/uploads\/hotel-alpenklang-inklusivleistungen-kulinarik-3.jpg","contentUrl":"https:\/\/www.alpenklang.info\/wp-content\/uploads\/hotel-alpenklang-inklusivleistungen-kulinarik-3.jpg","width":1920,"height":750},{"@type":"BreadcrumbList","@id":"https:\/\/www.alpenklang.info\/en\/4-star-hotel-grossarl\/restaurant-berggasthaus-grossarl\/#breadcrumb","itemListElement":[{"@type":"ListItem","position":1,"name":"Home","item":"https:\/\/www.alpenklang.info\/at\/"},{"@type":"ListItem","position":2,"name":"Das Berghotel","item":"https:\/\/www.alpenklang.info\/en\/4-star-hotel-grossarl\/"},{"@type":"ListItem","position":3,"name":"Restaurant &#038; Berggasthaus"}]},{"@type":"WebSite","@id":"https:\/\/www.alpenklang.info\/en\/#website","url":"https:\/\/www.alpenklang.info\/en\/","name":"Hotel Alpenklang","description":"Hotel &amp; Berggasthaus in Gro\u00dfarl","potentialAction":[{"@type":"SearchAction","target":{"@type":"EntryPoint","urlTemplate":"https:\/\/www.alpenklang.info\/en\/?s={search_term_string}"},"query-input":{"@type":"PropertyValueSpecification","valueRequired":true,"valueName":"search_term_string"}}],"inLanguage":"de"}]}},"_links":{"self":[{"href":"https:\/\/www.alpenklang.info\/at\/wp-json\/wp\/v2\/pages\/3064","targetHints":{"allow":["GET"]}}],"collection":[{"href":"https:\/\/www.alpenklang.info\/at\/wp-json\/wp\/v2\/pages"}],"about":[{"href":"https:\/\/www.alpenklang.info\/at\/wp-json\/wp\/v2\/types\/page"}],"author":[{"embeddable":true,"href":"https:\/\/www.alpenklang.info\/at\/wp-json\/wp\/v2\/users\/1"}],"replies":[{"embeddable":true,"href":"https:\/\/www.alpenklang.info\/at\/wp-json\/wp\/v2\/comments?post=3064"}],"version-history":[{"count":0,"href":"https:\/\/www.alpenklang.info\/at\/wp-json\/wp\/v2\/pages\/3064\/revisions"}],"up":[{"embeddable":true,"href":"https:\/\/www.alpenklang.info\/at\/wp-json\/wp\/v2\/pages\/3068"}],"wp:featuredmedia":[{"embeddable":true,"href":"https:\/\/www.alpenklang.info\/at\/wp-json\/wp\/v2\/media\/2800"}],"wp:attachment":[{"href":"https:\/\/www.alpenklang.info\/at\/wp-json\/wp\/v2\/media?parent=3064"}],"curies":[{"name":"wp","href":"https:\/\/api.w.org\/{rel}","templated":true}]}}