{"id":3065,"date":"2016-03-30T09:39:00","date_gmt":"2016-03-30T07:39:00","guid":{"rendered":"https:\/\/www.alpenklang.info\/at\/familien-kinderhotel-grossarl\/"},"modified":"2022-12-07T11:10:52","modified_gmt":"2022-12-07T10:10:52","slug":"familien-kinderhotel-grossarl","status":"publish","type":"page","link":"https:\/\/www.alpenklang.info\/at\/4-sterne-hotel-grossarl\/familien-kinderhotel-grossarl\/","title":{"rendered":"Familienhotel"},"content":{"rendered":"<div class=\"wpb-content-wrapper\"><p>[vc_row][vc_column][vc_column_text]<\/p>\n<h1>Ihr Familienhotel in Gro\u00dfarl<\/h1>\n<h2>Ein sch\u00f6ner Urlaubsplatz f\u00fcr Gro\u00df &amp; Klein im Salzburger Land<\/h2>\n<p>[\/vc_column_text][\/vc_column][\/vc_row][vc_row][vc_column width=&#8221;1\/2&#8243;][vc_column_text]Der<strong> Familienurlaub<\/strong> im <a href=\"https:\/\/www.alpenklang.info\/at\/\">4 Sterne Hotel Alpenklang<\/a> ist eine sch\u00f6ne Zeit gemeinsam mit Ihren Kindern. Hier erleben Sie viele lustige\u00a0Stunden und spannende Ausfl\u00fcge, an die Sie sich lange zur\u00fcckerinnern werden. Wir bieten f\u00fcr die jungen G\u00e4ste einen gro\u00dfz\u00fcgigen <strong>Kinderspielplatz<\/strong>\u00a0sowie einen <strong>Kinderspielraum<\/strong> mit zahlreichen Spiel-M\u00f6glichkeiten.[\/vc_column_text][\/vc_column][vc_column width=&#8221;1\/2&#8243;][vc_column_text]Nat\u00fcrlich d\u00fcrfen ein\u00a0&#8220;Kicker&#8221; und das Riesen-Trampolin nicht fehlen. Die\u00a0sch\u00f6ne und ruhige Lage bietet jede Menge &#8220;Auslauf&#8221; rund ums <strong>Familienhotel\u00a0in Gro\u00dfarl<\/strong>. Die Kids und Eltern\u00a0lassen sich gerne von den <strong>Inklusivleistungen<\/strong> speziell f\u00fcr Familien verw\u00f6hnen. Junior-Chefin Victoria freut sich schon sehr, viele neue Freunde kennen zu lernen.[\/vc_column_text][\/vc_column][\/vc_row][vc_row full_width=&#8221;stretch_row_content_no_spaces&#8221; el_class=&#8221;bilderreihe&#8221;][vc_column width=&#8221;1\/3&#8243;][vc_single_image image=&#8221;4601&#8243; img_size=&#8221;big&#8221; onclick=&#8221;link_image&#8221; css=&#8221;.vc_custom_1670339942161{margin-bottom: 0px !important;}&#8221;][\/vc_column][vc_column width=&#8221;1\/3&#8243;][vc_single_image image=&#8221;4604&#8243; img_size=&#8221;big&#8221; onclick=&#8221;link_image&#8221; css=&#8221;.vc_custom_1670339948967{margin-bottom: 0px !important;}&#8221;][\/vc_column][vc_column width=&#8221;1\/3&#8243;][vc_single_image image=&#8221;4598&#8243; img_size=&#8221;big&#8221; onclick=&#8221;link_image&#8221; css=&#8221;.vc_custom_1670339957630{margin-bottom: 0px !important;}&#8221;][\/vc_column][\/vc_row][vc_row full_width=&#8221;stretch_row&#8221; el_class=&#8221;hintergrund kein-abstand&#8221; css=&#8221;.vc_custom_1670339444756{margin-bottom: 0px !important;}&#8221;][vc_column][vc_column_text]<\/p>\n<h3>Bunter Familienurlaub im Salzburger Land<\/h3>\n<p>[\/vc_column_text][vc_row_inner][vc_column_inner width=&#8221;1\/2&#8243;][vc_column_text]<\/p>\n<ul>\n<li>Viel <strong>Wiese, Wald &amp; Feld<\/strong>\u00a0rund um das Familienhotel Alpenklang, <strong>fernab der vielbefahrenen Stra\u00dfen<\/strong><\/li>\n<li><strong>Spielplatz<\/strong> mit\u00a0Ballspielplatz, Riesen-Trampolin, Schaukeln, Sandkasten, Tret-GoKarts, Scooter &amp;\u00a0Tischtennis-Tischen<\/li>\n<li><strong>Kinderspielraum<\/strong> mit\u00a0verschiedenen Spielsachen, Riesen-Lego, Stofftieren, B\u00fcchern, Fahrzeugen, Tabletts, Rutsche &amp;\u00a0Tischfu\u00dfball-Tisch<\/li>\n<\/ul>\n<p>[\/vc_column_text][\/vc_column_inner][vc_column_inner width=&#8221;1\/2&#8243;][vc_column_text]<\/p>\n<ul>\n<li>Eigene <strong>Kindergerichte<\/strong> im Rahmen\u00a0der Halbpension<\/li>\n<li><strong>Familien-Service<\/strong>: Kinderbetten &amp;\u00a0Wasserkocher im Zimmer (auf Wunsch), Kinderst\u00fchle im Restaurant<\/li>\n<li>Gratis-Verleih von Schlitten im\u00a0Familienhotel<\/li>\n<li>Hoteleigene, gef\u00fchrte Wanderung mit dem Hausherrn oder Senior Chef &#8211; auch f\u00fcr Familien geeignet<\/li>\n<li><a href=\"https:\/\/www.alpenklang.info\/at\/4-sterne-hotel-grossarl\/familien-kinderhotel-grossarl\/\">Juniorsuiten &amp; Familienzimmer<\/a> f\u00fcr bis zu 6 Personen<\/li>\n<\/ul>\n<p>[\/vc_column_text][\/vc_column_inner][\/vc_row_inner][\/vc_column][\/vc_row][vc_row full_width=&#8221;stretch_row_content_no_spaces&#8221; el_class=&#8221;bilderreihe&#8221; css=&#8221;.vc_custom_1670339467831{margin-top: 0px !important;margin-bottom: 60px !important;}&#8221;][vc_column width=&#8221;1\/3&#8243;][vc_single_image image=&#8221;4595&#8243; img_size=&#8221;big&#8221; onclick=&#8221;link_image&#8221; css=&#8221;.vc_custom_1670339968520{margin-bottom: 0px !important;}&#8221;][\/vc_column][vc_column width=&#8221;1\/3&#8243;][vc_single_image image=&#8221;4607&#8243; img_size=&#8221;big&#8221; onclick=&#8221;link_image&#8221; css=&#8221;.vc_custom_1670340012892{margin-bottom: 0px !important;}&#8221;][\/vc_column][vc_column width=&#8221;1\/3&#8243;][vc_single_image image=&#8221;4592&#8243; img_size=&#8221;big&#8221; onclick=&#8221;link_image&#8221; css=&#8221;.vc_custom_1670340020947{margin-bottom: 0px !important;}&#8221;][\/vc_column][\/vc_row][vc_row][vc_column][vc_column_text]<\/p>\n<h4>Gemeinsam aktiv in Gro\u00dfarl &amp; H\u00fcttschlag<\/h4>\n<p>[\/vc_column_text][vc_row_inner][vc_column_inner width=&#8221;1\/3&#8243;][vc_single_image image=&#8221;4613&#8243; img_size=&#8221;small&#8221; onclick=&#8221;link_image&#8221;][\/vc_column_inner][vc_column_inner width=&#8221;2\/3&#8243;][vc_column_text]Das Gro\u00dfarltal\u00a0bietet ein breites Angebot f\u00fcr Familien mit Kindern und Jugendlichen. Besuchen Sie den\u00a0<strong>Abenteuerspielplatz<\/strong> <a href=\"https:\/\/www.alpenklang.info\/at\/urlaub-grossarl\/sommerurlaub-salzburger-land\/#1459837654203-c2c66c62-486c\">Rucki Zucki&#8217;s Gaudi-Alm in Gro\u00dfarl<\/a>: Kinderalmen, Goa\u00df-Stall mit Streicheltieren, Bergsee mit Flo\u00df-Anlage, Go-Kart-Bahn, Kristallbergwerk, Baumh\u00fcttenweg, Wellenrutsche, Kleinkindbereich uvm. lassen Kinderaugen leuchten.<\/p>\n<p>&nbsp;<\/p>\n<p>Sportliche Aktivit\u00e4ten f\u00fcr die ganze Familie laden im Sommer und im Winter ein: <strong>Wandern<\/strong>, <strong>Schwimmen<\/strong>,\u00a0<strong>Radausfl\u00fcge<\/strong>, <strong>Skitage<\/strong> im Skiverbund Ski amad\u00e9, <strong>Rodelpartien<\/strong> uvm.\u00a0Ein besonderes Erlebnis sind die\u00a0<strong>Themen-, M\u00e4rchen- &amp; Spielewanderungen<\/strong>. Lauschen Sie den M\u00e4rchen bei einer gem\u00fctlichen Almenwanderung und erleben Sie in spielerischer, kreativer Weise die Natur.[\/vc_column_text][\/vc_column_inner][\/vc_row_inner][\/vc_column][\/vc_row][vc_row][vc_column width=&#8221;1\/2&#8243;][vc_column_text]<span class=\"button-block\"><a href=\"https:\/\/www.alpenklang.info\/at\/4-sterne-hotel-grossarl\/inklusivleistungen\/\">Inklusivleistungen<\/a><\/span>[\/vc_column_text][\/vc_column][vc_column width=&#8221;1\/2&#8243;][vc_column_text]<span class=\"button-block\"><a href=\"https:\/\/www.alpenklang.info\/at\/4-sterne-hotel-grossarl\/familien-kinderhotel-grossarl\/\">Zimmer\u00fcbersicht<\/a><\/span>[\/vc_column_text][\/vc_column][\/vc_row]<\/p>\n<\/div>","protected":false},"excerpt":{"rendered":"<p>[vc_row][vc_column][vc_column_text] Ihr Familienhotel in Gro\u00dfarl Ein sch\u00f6ner Urlaubsplatz f\u00fcr Gro\u00df &amp; Klein im Salzburger Land [\/vc_column_text][\/vc_column][\/vc_row][vc_row][vc_column width=&#8221;1\/2&#8243;][vc_column_text]Der Familienurlaub im 4 Sterne Hotel Alpenklang ist eine sch\u00f6ne Zeit gemeinsam mit Ihren Kindern. Hier erleben Sie viele lustige\u00a0Stunden und spannende Ausfl\u00fcge, an die Sie sich lange zur\u00fcckerinnern werden. Wir bieten f\u00fcr die jungen G\u00e4ste einen gro\u00dfz\u00fcgigen Kinderspielplatz\u00a0sowie &hellip;<\/p>\n\n<p><a class=\"readmore btn btn-default btn-default btn-block\" href=\"https:\/\/www.alpenklang.info\/at\/4-sterne-hotel-grossarl\/familien-kinderhotel-grossarl\/\">Read More<\/a><\/p>","protected":false},"author":1,"featured_media":4733,"parent":3068,"menu_order":0,"comment_status":"closed","ping_status":"closed","template":"","meta":{"footnotes":""},"class_list":["post-3065","page","type-page","status-publish","has-post-thumbnail","hentry"],"yoast_head":"<!-- This site is optimized with the Yoast SEO plugin v27.4 - https:\/\/yoast.com\/product\/yoast-seo-wordpress\/ -->\n<title>Ihr Familienhotel in Gro\u00dfarl, Salzburger Land<\/title>\n<meta name=\"description\" content=\"Eigene Kindergerichte, Spielplatz, Spielraum, Familien-Service,... f\u00fcr Ihren Familienurlaub im Kinderhotel in Gro\u00dfarl, mitten in der Natur.\" \/>\n<meta name=\"robots\" content=\"index, follow, max-snippet:-1, max-image-preview:large, max-video-preview:-1\" \/>\n<link rel=\"canonical\" href=\"https:\/\/www.alpenklang.info\/en\/4-star-hotel-grossarl\/family-children-hotel-grossarl\/\" \/>\n<meta property=\"og:locale\" content=\"de_DE\" \/>\n<meta property=\"og:type\" content=\"article\" \/>\n<meta property=\"og:title\" content=\"Ihr Familienhotel in Gro\u00dfarl, Salzburger Land\" \/>\n<meta property=\"og:description\" content=\"Eigene Kindergerichte, Spielplatz, Spielraum, Familien-Service,... f\u00fcr Ihren Familienurlaub im Kinderhotel in Gro\u00dfarl, mitten in der Natur.\" \/>\n<meta property=\"og:url\" content=\"https:\/\/www.alpenklang.info\/en\/4-star-hotel-grossarl\/family-children-hotel-grossarl\/\" \/>\n<meta property=\"og:site_name\" content=\"Hotel Alpenklang\" \/>\n<meta property=\"article:modified_time\" content=\"2022-12-07T10:10:52+00:00\" \/>\n<meta property=\"og:image\" content=\"https:\/\/www.alpenklang.info\/wp-content\/uploads\/familienurlaub-grossarl-grossarltal-15.jpg\" \/>\n\t<meta property=\"og:image:width\" content=\"1920\" \/>\n\t<meta property=\"og:image:height\" content=\"750\" \/>\n\t<meta property=\"og:image:type\" content=\"image\/jpeg\" \/>\n<meta name=\"twitter:label1\" content=\"Est. reading time\" \/>\n\t<meta name=\"twitter:data1\" content=\"2 minutes\" \/>\n<script type=\"application\/ld+json\" class=\"yoast-schema-graph\">{\"@context\":\"https:\\\/\\\/schema.org\",\"@graph\":[{\"@type\":\"WebPage\",\"@id\":\"https:\\\/\\\/www.alpenklang.info\\\/en\\\/4-star-hotel-grossarl\\\/family-children-hotel-grossarl\\\/\",\"url\":\"https:\\\/\\\/www.alpenklang.info\\\/en\\\/4-star-hotel-grossarl\\\/family-children-hotel-grossarl\\\/\",\"name\":\"Ihr Familienhotel in Gro\u00dfarl, Salzburger Land\",\"isPartOf\":{\"@id\":\"https:\\\/\\\/www.alpenklang.info\\\/en\\\/#website\"},\"primaryImageOfPage\":{\"@id\":\"https:\\\/\\\/www.alpenklang.info\\\/en\\\/4-star-hotel-grossarl\\\/family-children-hotel-grossarl\\\/#primaryimage\"},\"image\":{\"@id\":\"https:\\\/\\\/www.alpenklang.info\\\/en\\\/4-star-hotel-grossarl\\\/family-children-hotel-grossarl\\\/#primaryimage\"},\"thumbnailUrl\":\"https:\\\/\\\/www.alpenklang.info\\\/wp-content\\\/uploads\\\/familienurlaub-grossarl-grossarltal-15.jpg\",\"datePublished\":\"2016-03-30T07:39:00+00:00\",\"dateModified\":\"2022-12-07T10:10:52+00:00\",\"description\":\"Eigene Kindergerichte, Spielplatz, Spielraum, Familien-Service,... f\u00fcr Ihren Familienurlaub im Kinderhotel in Gro\u00dfarl, mitten in der Natur.\",\"breadcrumb\":{\"@id\":\"https:\\\/\\\/www.alpenklang.info\\\/en\\\/4-star-hotel-grossarl\\\/family-children-hotel-grossarl\\\/#breadcrumb\"},\"inLanguage\":\"de\",\"potentialAction\":[{\"@type\":\"ReadAction\",\"target\":[\"https:\\\/\\\/www.alpenklang.info\\\/en\\\/4-star-hotel-grossarl\\\/family-children-hotel-grossarl\\\/\"]}]},{\"@type\":\"ImageObject\",\"inLanguage\":\"de\",\"@id\":\"https:\\\/\\\/www.alpenklang.info\\\/en\\\/4-star-hotel-grossarl\\\/family-children-hotel-grossarl\\\/#primaryimage\",\"url\":\"https:\\\/\\\/www.alpenklang.info\\\/wp-content\\\/uploads\\\/familienurlaub-grossarl-grossarltal-15.jpg\",\"contentUrl\":\"https:\\\/\\\/www.alpenklang.info\\\/wp-content\\\/uploads\\\/familienurlaub-grossarl-grossarltal-15.jpg\",\"width\":1920,\"height\":750,\"caption\":\"Familienhotel in Gro\u00dfarl, Familienurlaub im Hotel Alpenklang\"},{\"@type\":\"BreadcrumbList\",\"@id\":\"https:\\\/\\\/www.alpenklang.info\\\/en\\\/4-star-hotel-grossarl\\\/family-children-hotel-grossarl\\\/#breadcrumb\",\"itemListElement\":[{\"@type\":\"ListItem\",\"position\":1,\"name\":\"Home\",\"item\":\"https:\\\/\\\/www.alpenklang.info\\\/at\\\/\"},{\"@type\":\"ListItem\",\"position\":2,\"name\":\"Das Berghotel\",\"item\":\"https:\\\/\\\/www.alpenklang.info\\\/en\\\/4-star-hotel-grossarl\\\/\"},{\"@type\":\"ListItem\",\"position\":3,\"name\":\"Familienhotel\"}]},{\"@type\":\"WebSite\",\"@id\":\"https:\\\/\\\/www.alpenklang.info\\\/en\\\/#website\",\"url\":\"https:\\\/\\\/www.alpenklang.info\\\/en\\\/\",\"name\":\"Hotel Alpenklang\",\"description\":\"Hotel &amp; Berggasthaus in Gro\u00dfarl\",\"potentialAction\":[{\"@type\":\"SearchAction\",\"target\":{\"@type\":\"EntryPoint\",\"urlTemplate\":\"https:\\\/\\\/www.alpenklang.info\\\/en\\\/?s={search_term_string}\"},\"query-input\":{\"@type\":\"PropertyValueSpecification\",\"valueRequired\":true,\"valueName\":\"search_term_string\"}}],\"inLanguage\":\"de\"}]}<\/script>\n<!-- \/ Yoast SEO plugin. -->","yoast_head_json":{"title":"Ihr Familienhotel in Gro\u00dfarl, Salzburger Land","description":"Eigene Kindergerichte, Spielplatz, Spielraum, Familien-Service,... f\u00fcr Ihren Familienurlaub im Kinderhotel in Gro\u00dfarl, mitten in der Natur.","robots":{"index":"index","follow":"follow","max-snippet":"max-snippet:-1","max-image-preview":"max-image-preview:large","max-video-preview":"max-video-preview:-1"},"canonical":"https:\/\/www.alpenklang.info\/en\/4-star-hotel-grossarl\/family-children-hotel-grossarl\/","og_locale":"de_DE","og_type":"article","og_title":"Ihr Familienhotel in Gro\u00dfarl, Salzburger Land","og_description":"Eigene Kindergerichte, Spielplatz, Spielraum, Familien-Service,... f\u00fcr Ihren Familienurlaub im Kinderhotel in Gro\u00dfarl, mitten in der Natur.","og_url":"https:\/\/www.alpenklang.info\/en\/4-star-hotel-grossarl\/family-children-hotel-grossarl\/","og_site_name":"Hotel Alpenklang","article_modified_time":"2022-12-07T10:10:52+00:00","og_image":[{"width":1920,"height":750,"url":"https:\/\/www.alpenklang.info\/wp-content\/uploads\/familienurlaub-grossarl-grossarltal-15.jpg","type":"image\/jpeg"}],"twitter_misc":{"Est. reading time":"2 minutes"},"schema":{"@context":"https:\/\/schema.org","@graph":[{"@type":"WebPage","@id":"https:\/\/www.alpenklang.info\/en\/4-star-hotel-grossarl\/family-children-hotel-grossarl\/","url":"https:\/\/www.alpenklang.info\/en\/4-star-hotel-grossarl\/family-children-hotel-grossarl\/","name":"Ihr Familienhotel in Gro\u00dfarl, Salzburger Land","isPartOf":{"@id":"https:\/\/www.alpenklang.info\/en\/#website"},"primaryImageOfPage":{"@id":"https:\/\/www.alpenklang.info\/en\/4-star-hotel-grossarl\/family-children-hotel-grossarl\/#primaryimage"},"image":{"@id":"https:\/\/www.alpenklang.info\/en\/4-star-hotel-grossarl\/family-children-hotel-grossarl\/#primaryimage"},"thumbnailUrl":"https:\/\/www.alpenklang.info\/wp-content\/uploads\/familienurlaub-grossarl-grossarltal-15.jpg","datePublished":"2016-03-30T07:39:00+00:00","dateModified":"2022-12-07T10:10:52+00:00","description":"Eigene Kindergerichte, Spielplatz, Spielraum, Familien-Service,... f\u00fcr Ihren Familienurlaub im Kinderhotel in Gro\u00dfarl, mitten in der Natur.","breadcrumb":{"@id":"https:\/\/www.alpenklang.info\/en\/4-star-hotel-grossarl\/family-children-hotel-grossarl\/#breadcrumb"},"inLanguage":"de","potentialAction":[{"@type":"ReadAction","target":["https:\/\/www.alpenklang.info\/en\/4-star-hotel-grossarl\/family-children-hotel-grossarl\/"]}]},{"@type":"ImageObject","inLanguage":"de","@id":"https:\/\/www.alpenklang.info\/en\/4-star-hotel-grossarl\/family-children-hotel-grossarl\/#primaryimage","url":"https:\/\/www.alpenklang.info\/wp-content\/uploads\/familienurlaub-grossarl-grossarltal-15.jpg","contentUrl":"https:\/\/www.alpenklang.info\/wp-content\/uploads\/familienurlaub-grossarl-grossarltal-15.jpg","width":1920,"height":750,"caption":"Familienhotel in Gro\u00dfarl, Familienurlaub im Hotel Alpenklang"},{"@type":"BreadcrumbList","@id":"https:\/\/www.alpenklang.info\/en\/4-star-hotel-grossarl\/family-children-hotel-grossarl\/#breadcrumb","itemListElement":[{"@type":"ListItem","position":1,"name":"Home","item":"https:\/\/www.alpenklang.info\/at\/"},{"@type":"ListItem","position":2,"name":"Das Berghotel","item":"https:\/\/www.alpenklang.info\/en\/4-star-hotel-grossarl\/"},{"@type":"ListItem","position":3,"name":"Familienhotel"}]},{"@type":"WebSite","@id":"https:\/\/www.alpenklang.info\/en\/#website","url":"https:\/\/www.alpenklang.info\/en\/","name":"Hotel Alpenklang","description":"Hotel &amp; Berggasthaus in Gro\u00dfarl","potentialAction":[{"@type":"SearchAction","target":{"@type":"EntryPoint","urlTemplate":"https:\/\/www.alpenklang.info\/en\/?s={search_term_string}"},"query-input":{"@type":"PropertyValueSpecification","valueRequired":true,"valueName":"search_term_string"}}],"inLanguage":"de"}]}},"_links":{"self":[{"href":"https:\/\/www.alpenklang.info\/at\/wp-json\/wp\/v2\/pages\/3065","targetHints":{"allow":["GET"]}}],"collection":[{"href":"https:\/\/www.alpenklang.info\/at\/wp-json\/wp\/v2\/pages"}],"about":[{"href":"https:\/\/www.alpenklang.info\/at\/wp-json\/wp\/v2\/types\/page"}],"author":[{"embeddable":true,"href":"https:\/\/www.alpenklang.info\/at\/wp-json\/wp\/v2\/users\/1"}],"replies":[{"embeddable":true,"href":"https:\/\/www.alpenklang.info\/at\/wp-json\/wp\/v2\/comments?post=3065"}],"version-history":[{"count":0,"href":"https:\/\/www.alpenklang.info\/at\/wp-json\/wp\/v2\/pages\/3065\/revisions"}],"up":[{"embeddable":true,"href":"https:\/\/www.alpenklang.info\/at\/wp-json\/wp\/v2\/pages\/3068"}],"wp:featuredmedia":[{"embeddable":true,"href":"https:\/\/www.alpenklang.info\/at\/wp-json\/wp\/v2\/media\/4733"}],"wp:attachment":[{"href":"https:\/\/www.alpenklang.info\/at\/wp-json\/wp\/v2\/media?parent=3065"}],"curies":[{"name":"wp","href":"https:\/\/api.w.org\/{rel}","templated":true}]}}