{"id":3066,"date":"2016-03-30T09:38:50","date_gmt":"2016-03-30T07:38:50","guid":{"rendered":"https:\/\/www.alpenklang.info\/at\/inklusivleistungen\/"},"modified":"2023-12-24T13:40:08","modified_gmt":"2023-12-24T12:40:08","slug":"inklusivleistungen","status":"publish","type":"page","link":"https:\/\/www.alpenklang.info\/at\/4-sterne-hotel-grossarl\/inklusivleistungen\/","title":{"rendered":"Kulinarik &#038; Inklusivleistungen"},"content":{"rendered":"<div class=\"wpb-content-wrapper\"><p>[vc_row][vc_column][vc_column_text]<\/p>\n<h1>Kulinarik &amp; Inklusivleistungen<\/h1>\n<h2>Vielf\u00e4ltige Genuss-Momente im 4 Sterne Hotel Alpenklang<\/h2>\n<p>[\/vc_column_text][\/vc_column][\/vc_row][vc_row][vc_column width=&#8221;1\/2&#8243;][vc_column_text]Lassen Sie sich die kulinarischen K\u00f6stlichkeiten im Rahmen der <a href=\"https:\/\/www.alpenklang.info\/at\/\">Alpenklang<\/a>&#8211;<strong>Halbpension<\/strong> schmecken. Unser K\u00fcchenteam verw\u00f6hnt Sie mit <strong>heimischen Schmankerln<\/strong> und <strong>internationalen Gerichten<\/strong>.[\/vc_column_text][\/vc_column][vc_column width=&#8221;1\/2&#8243;][vc_column_text]Im Sommer servieren wir Ihnen\u00a0das Fr\u00fchst\u00fcck und\u00a0Abendessen auf der Panorama-Terrasse mit\u00a0beeindruckendem\u00a0Blick \u00fcber die Gro\u00dfarler Bergwelt. Nachmittags genie\u00dfen Sie hier <strong>hausgemachte Mehlspeisen<\/strong> und <strong>Eisbecher<\/strong>.[\/vc_column_text][\/vc_column][\/vc_row][vc_row full_width=&#8221;stretch_row_content_no_spaces&#8221; el_class=&#8221;home&#8221;][vc_column][vc_separator][\/vc_column][\/vc_row][vc_row full_width=&#8221;stretch_row&#8221; el_class=&#8221;tabs-abstand tabs-weiss&#8221;][vc_column][vc_tta_tabs][vc_tta_section title=&#8221;Alpenklang-Halbpension&#8221; tab_id=&#8221;1459330339066-7e42e654-5cb91460022194014&#8243;][vc_column_text]<\/p>\n<h5>Rundum umsorgt\u00a0mit der Alpenklang-Halbpension<\/h5>\n<p>[\/vc_column_text][vc_row_inner content_placement=&#8221;middle&#8221;][vc_column_inner width=&#8221;1\/2&#8243;][vc_single_image image=&#8221;854&#8243; img_size=&#8221;medium&#8221; onclick=&#8221;link_image&#8221;][\/vc_column_inner][vc_column_inner width=&#8221;1\/2&#8243;][vc_column_text]<\/p>\n<ul>\n<li>Fr\u00fchst\u00fccksbuffet &amp; <strong>Abendessen mit 5 G\u00e4ngen<\/strong><\/li>\n<li><strong>Vorspeisen<\/strong> vom Buffet,\u00a0<strong>Suppen<\/strong>,\u00a0<strong>Salate<\/strong> vom Buffet, 3 <strong>Wahl-Hauptgerichte<\/strong> (davon eines vegetarisch),\u00a0<strong>Dessert<\/strong><\/li>\n<li>1x\/Woche: typisches Salzburger Men\u00fc<\/li>\n<li>Im Sommer: Grillabend mit Grillbuffet (1x\/Woche),<\/li>\n<li>Im Winter: Fondue-Abend (1x\/Woche),<\/li>\n<li>Eigene <strong>Kinder-Gerichte<\/strong><\/li>\n<li>Allergiker-Gerichte auf\u00a0Wunsch<\/li>\n<li><strong>Frische Zutaten<\/strong> &amp; <strong>Hausgemachtes\u00a0<\/strong>sind uns sehr wichtig!<\/li>\n<\/ul>\n<p>[\/vc_column_text][\/vc_column_inner][\/vc_row_inner][\/vc_tta_section][vc_tta_section title=&#8221;Fr\u00fchst\u00fccksbuffet&#8221; tab_id=&#8221;1459330338983-42ce00ed-f6491460022194014&#8243;][vc_column_text]<\/p>\n<h5>Vielf\u00e4ltiges Fr\u00fchst\u00fccksbuffet &#8211; gest\u00e4rkt in den Urlaubstag<\/h5>\n<p>[\/vc_column_text][vc_row_inner][vc_column_inner width=&#8221;1\/2&#8243;][vc_column_text]<\/p>\n<ul>\n<li>Verschiedene Marmeladen,\u00a0Honig vom Haus-Imker<\/li>\n<li>Gem\u00fcse &amp;\u00a0Rohkost<\/li>\n<li>Butter, Margarine, hausgemachte Aufstriche<\/li>\n<li>Wurst- &amp;\u00a0Schinkensorten,\u00a0Gro\u00dfarltaler Karreespeck<\/li>\n<li>R\u00e4ucherlachs mit Zwiebeln<\/li>\n<li>K\u00e4sesorten, z.B. Salzburger Almk\u00f6nig, Mondseer, Heumondk\u00e4se, Kr\u00e4uterfrischk\u00e4se, Brie usw.<\/li>\n<li>Gekochte Eier &amp;\u00a0R\u00fchreier<\/li>\n<li>Verschiedene Biobrot-Sorten, Semmeln, Kornspitz, Sonnenblumenlaibchen, Laugenstangerl, Plundergeb\u00e4ck<\/li>\n<\/ul>\n<p>[\/vc_column_text][\/vc_column_inner][vc_column_inner width=&#8221;1\/2&#8243;][vc_column_text]<\/p>\n<ul>\n<li>M\u00fcsli-Ecke mit hausgemachtem Bircher-M\u00fcsli, Schoko-M\u00fcsli, Nuss-M\u00fcsli, Cornflakes, Smacks, Schokos, verschiedenen Getreidesorten\u00a0&amp;\u00a0K\u00f6rnern<\/li>\n<li>Naturjoghurt, Fruchtjoghurt<\/li>\n<li>Fruchtsalat, frisches Obst<\/li>\n<li>Verschiedene S\u00e4fte, Teebar mit gro\u00dfer Auswahl<\/li>\n<li>Grander\u00ae-Wasser aus eigener Quelle<\/li>\n<li>Wir servieren Ihnen Kaffee, Kakao, Latte Macchiato &amp; Cappuccino<\/li>\n<li>Gerne erf\u00fcllen wir auch spezielle Fr\u00fchst\u00fccksw\u00fcnsche<\/li>\n<\/ul>\n<p>[\/vc_column_text][\/vc_column_inner][\/vc_row_inner][\/vc_tta_section][\/vc_tta_tabs][\/vc_column][\/vc_row][vc_row full_width=&#8221;stretch_row_content_no_spaces&#8221; el_class=&#8221;bilderreihe&#8221;][vc_column width=&#8221;1\/3&#8243;][vc_single_image image=&#8221;4566&#8243; img_size=&#8221;big&#8221; onclick=&#8221;link_image&#8221; css=&#8221;.vc_custom_1670338858532{margin-bottom: 0px !important;}&#8221;][\/vc_column][vc_column width=&#8221;1\/3&#8243;][vc_single_image image=&#8221;4569&#8243; img_size=&#8221;big&#8221; onclick=&#8221;link_image&#8221; css=&#8221;.vc_custom_1670338866393{margin-bottom: 0px !important;}&#8221;][\/vc_column][vc_column width=&#8221;1\/3&#8243;][vc_single_image image=&#8221;4563&#8243; img_size=&#8221;big&#8221; onclick=&#8221;link_image&#8221; css=&#8221;.vc_custom_1670338875457{margin-bottom: 0px !important;}&#8221;][\/vc_column][\/vc_row][vc_row css=&#8221;.vc_custom_1464761873924{margin-top: 45px !important;}&#8221;][vc_column][vc_column_text]<\/p>\n<h3>Annehmlichkeiten in Ihrem Sommer- &amp; Winterulaub<\/h3>\n<p>[\/vc_column_text][vc_tta_accordion active_section=&#8221;false&#8221; collapsible_all=&#8221;true&#8221;][vc_tta_section title=&#8221;Ihr Urlaubsservice im 4 Sterne Hotel&#8221; tab_id=&#8221;1460027202101-2a6b7f5f-9d6a&#8221;][vc_row_inner][vc_column_inner width=&#8221;1\/4&#8243;][vc_single_image image=&#8221;891&#8243; img_size=&#8221;small&#8221;][\/vc_column_inner][vc_column_inner width=&#8221;3\/4&#8243;][vc_column_text]<\/p>\n<h6>Begr\u00fc\u00dfungsdrink<\/h6>\n<p>Sto\u00dfen Sie bei Ihrer Ankunft im Hotel auf Ihren Urlaubsbeginn an.[\/vc_column_text][\/vc_column_inner][\/vc_row_inner][vc_separator][vc_column_text]<\/p>\n<h6>Internetverbindung via W-Lan<\/h6>\n<p>Im gesamten Hotel k\u00f6nnen Sie <strong>kostenlosen W-Lan-Zugang<\/strong> nutzen. Sollten Sie kein internetf\u00e4higes Ger\u00e4t besitzen, stehen Ihnen Laptops zum freien Verleih\u00a0zur Verf\u00fcgung.[\/vc_column_text][vc_separator][vc_row_inner][vc_column_inner width=&#8221;1\/4&#8243;][vc_single_image image=&#8221;2298&#8243; img_size=&#8221;small&#8221;][\/vc_column_inner][vc_column_inner width=&#8221;3\/4&#8243;][vc_column_text]<\/p>\n<h6>Kinder-Angebote<\/h6>\n<p>Unsere kleinen G\u00e4ste verbringen lustige Stunden im <strong>Spielraum<\/strong> mit verschiedenen Spielsachen, Riesen-Lego, Stofftieren, B\u00fcchern, Fahrzeugen, Tabletts, Kletterger\u00fcst, Rutsche und Tischfu\u00dfball-Tisch. Im Sommer geht es am <strong>Kinderspielplatz<\/strong> bunt her: Riesen-Trampolin, Sandkasten, Rutschen, Schaukeln, Tret-GoKarts, Scooter, Tischtennistische,&#8230; Auf Wunsch stellen wir gerne\u00a0<strong>Kinderbetten<\/strong> und <strong>Wasserkocher<\/strong>\u00a0bereit.[\/vc_column_text][\/vc_column_inner][\/vc_row_inner][vc_separator][vc_column_text]<\/p>\n<h6>Parkpl\u00e4tze f\u00fcr Auto &amp; Motorrad<\/h6>\n<p>Stellen Sie Ihr Auto auf den <strong>Gratis-Parkpl\u00e4tzen<\/strong> vor dem Hotel ab. F\u00fcr Motorr\u00e4der gibt es <strong>Unterstellpl\u00e4tze<\/strong>.[\/vc_column_text][vc_separator][vc_row_inner][vc_column_inner width=&#8221;1\/4&#8243;][vc_single_image image=&#8221;798&#8243; img_size=&#8221;small&#8221;][\/vc_column_inner][vc_column_inner width=&#8221;3\/4&#8243;][vc_column_text]<\/p>\n<h6>Erholsame Berg-Wellness<\/h6>\n<p>Im <a href=\"https:\/\/www.alpenklang.info\/at\/4-sterne-hotel-grossarl\/wellnesshotel-grossarl\/\">Wellness-Bereich<\/a> mit\u00a0<strong>Zirben Bio-Sauna<\/strong>, <strong>finnischer Sauna<\/strong>,<strong> Infrarotkabine<\/strong>,\u00a0Ruher\u00e4umen mit <strong>Wasserbetten <\/strong>sowie\u00a0Trinkwasserbrunnen k\u00f6nnen Sie Ihre Seele baumeln lassen. Saunat\u00fccher und Badem\u00e4ntel stehen Ihnen zur Verf\u00fcgung.[\/vc_column_text][\/vc_column_inner][\/vc_row_inner][vc_separator][vc_column_text]<\/p>\n<h6>Rad- &amp; Skikeller<\/h6>\n<p>Ihre <strong>Sportger\u00e4te<\/strong> lagern Sie bequem im <strong>versperrbaren<\/strong>\u00a0<strong>Rad- und Skikeller<\/strong>. Im Winter sorgt der <strong>Skischuhtrockner<\/strong> jeden Tag f\u00fcr angenehm\u00a0trockene\u00a0Schuhe.[\/vc_column_text][vc_separator][vc_row_inner][vc_column_inner width=&#8221;1\/4&#8243;][vc_single_image image=&#8221;894&#8243; img_size=&#8221;small&#8221;][\/vc_column_inner][vc_column_inner width=&#8221;3\/4&#8243;][vc_column_text]<\/p>\n<h6>Gep\u00e4cks- &amp; Umkleideraum<\/h6>\n<p>Fr\u00fchere Anreise oder sp\u00e4tere Abreise? &#8211; kein Problem. Deponieren Sie Ihre Gegenst\u00e4nde im <strong>Gep\u00e4cks- und Umkleideraum<\/strong>.[\/vc_column_text][\/vc_column_inner][\/vc_row_inner][vc_separator][vc_column_text]<\/p>\n<h6>Weitere R\u00e4umlichkeiten<\/h6>\n<ul>\n<li>\u00c0 la carte Restaurant &amp; Berggasthaus<\/li>\n<li>Sonnenterrasse<\/li>\n<li>Aufenthaltsraum, Bar, Lobby<\/li>\n<\/ul>\n<p>[\/vc_column_text][vc_separator][vc_row_inner][vc_column_inner width=&#8221;1\/4&#8243;][vc_single_image image=&#8221;893&#8243; img_size=&#8221;small&#8221;][\/vc_column_inner][vc_column_inner width=&#8221;3\/4&#8243;][vc_column_text]<\/p>\n<h6>Unterhaltung mit der Alpenklang Musi<\/h6>\n<p><strong>Ein bis zweimal pro Woche<\/strong> unterhalten Sie die Wirtsleute Katrin und Christoph mit <strong>volkst\u00fcmlicher Musik<\/strong>, <strong>Schlager<\/strong> sowie <strong>eigenen Kompositionen<\/strong> der <a href=\"https:\/\/www.alpenklang.info\/at\/alpenklang-musi\/\">Alpenklang Musi<\/a>.[\/vc_column_text][\/vc_column_inner][\/vc_row_inner][\/vc_tta_section][vc_tta_section title=&#8221;Aktiv-Vorteile in Ihrem Urlaub&#8221; tab_id=&#8221;1460032158416-f88ee697-d08d&#8221;][vc_column_text]<\/p>\n<h6>Gef\u00fchrte Wanderungen<\/h6>\n<p>Nehmen Sie an den<strong>, gef\u00fchrten Wanderungen<\/strong> mit den ausgebildeten Berg- und Wanderf\u00fchrern vom Verein Berg-Gesund teil. Sie f\u00fchren Sie zu herrlichen Pl\u00e4tzen im Gro\u00dfarltal und erz\u00e4hlen Ihnen Interessantes \u00fcber Land und Leute.[\/vc_column_text][vc_separator][vc_row_inner][vc_column_inner width=&#8221;1\/4&#8243;][vc_single_image image=&#8221;887&#8243; img_size=&#8221;small&#8221;][\/vc_column_inner][vc_column_inner width=&#8221;3\/4&#8243;][vc_column_text]<\/p>\n<h6>Verleih von Sportger\u00e4ten<\/h6>\n<p>Im 4 Sterne Hotel Alpenklang bieten wir Ihnen <strong>kostenlose Leih-Rucks\u00e4cke<\/strong>, <strong>-wanderst\u00f6cke<\/strong>, <strong>-Mountainbikes\u00a0<\/strong>sowie<strong> Leih-Schlitten<\/strong>\u00a0an.[\/vc_column_text][\/vc_column_inner][\/vc_row_inner][vc_separator][vc_column_text]<\/p>\n<h6>Ski-Shuttle<\/h6>\n<p>Lassen Sie Ihr Auto bequem beim Hotel stehen, dann das <strong>hauseigene\u00a0Shuttle<\/strong> bringt Sie <strong>zum Skilift<\/strong> im Skiverbund Ski amad\u00e9.[\/vc_column_text][vc_separator][vc_row_inner][vc_column_inner width=&#8221;1\/4&#8243;][vc_single_image image=&#8221;886&#8243; img_size=&#8221;small&#8221;][\/vc_column_inner][vc_column_inner width=&#8221;3\/4&#8243;][vc_column_text]<\/p>\n<h6>Eisstockschie\u00dfen vor dem Haus<\/h6>\n<p>Unser <strong>hoteleigener Eisstockplatz<\/strong> l\u00e4dt zum Traditionssport ein und bietet einen <strong>hervorragenden Panorama-Blick<\/strong> auf das Gro\u00dfarltal.[\/vc_column_text][\/vc_column_inner][\/vc_row_inner][vc_separator][vc_column_text css=&#8221;.vc_custom_1460038830431{margin-bottom: 60px !important;}&#8221;]<\/p>\n<h6>Aktivit\u00e4ten mit Berg Gesund<\/h6>\n<p>Das Hotel Alpenklang ist Mitgliedsbetrieb\u00a0von <a href=\"http:\/\/www.berg-gesund.at\/\" target=\"_blank\" rel=\"noopener\">Berg Gesund<\/a>. Davon profitieren Sie als G\u00e4ste und nehmen\u00a0am <strong>Gro\u00dfteil der Sport-Angebote kostenlos<\/strong> teil.[\/vc_column_text][\/vc_tta_section][vc_tta_section title=&#8221;Angebote gegen Aufpreis&#8221; tab_id=&#8221;1460032866887-b5f7c515-8bff&#8221;][vc_row_inner][vc_column_inner width=&#8221;1\/4&#8243;][vc_single_image image=&#8221;880&#8243; img_size=&#8221;small&#8221;][\/vc_column_inner][vc_column_inner width=&#8221;3\/4&#8243;][vc_column_text]<\/p>\n<h6>Massage-Angebote<\/h6>\n<p>Entspannung und Regeneration finden Sie bei\u00a0<strong>verschiedenen Massagen<\/strong> (auf Anfrage).[\/vc_column_text][\/vc_column_inner][\/vc_row_inner][vc_separator][vc_separator][vc_row_inner][vc_column_inner width=&#8221;1\/4&#8243;][vc_single_image image=&#8221;888&#8243; img_size=&#8221;small&#8221;][\/vc_column_inner][vc_column_inner width=&#8221;3\/4&#8243;][vc_column_text]<\/p>\n<h6>W\u00e4scheservice<\/h6>\n<p>Gerne \u00fcbernehmen wir das <strong>Waschen, Trocknen und B\u00fcgeln<\/strong> Ihrer Kleidungsst\u00fccke. Preis je nach Aufwand.[\/vc_column_text][\/vc_column_inner][\/vc_row_inner][vc_separator][\/vc_tta_section][\/vc_tta_accordion][\/vc_column][\/vc_row][vc_row][vc_column width=&#8221;1\/3&#8243;][vc_column_text]<span class=\"button-block\"><a title=\"Doppel-, Familienzimmer &amp; Preise\" href=\"https:\/\/www.alpenklang.info\/at\/preise-wohnen\/zimmer-preise\/\">Zimmer\u00fcbersicht<\/a><\/span>[\/vc_column_text][\/vc_column][vc_column width=&#8221;1\/3&#8243;][vc_column_text]<span class=\"button-block\"><a title=\"Einzelzimmer &amp; Preise\" href=\"https:\/\/www.alpenklang.info\/at\/preise-wohnen\/unverbindliche-anfrage\/\">Unverbindliche Anfrage<\/a><\/span>[\/vc_column_text][\/vc_column][vc_column width=&#8221;1\/3&#8243;][vc_column_text]<span class=\"button-block button-rot\"><a title=\"Unverbindliche Anfrage\" href=\"https:\/\/www.alpenklang.info\/at\/preise-wohnen\/urlaubsbuchung\/\">Urlaubsbuchung<\/a><\/span>[\/vc_column_text][\/vc_column][\/vc_row]<\/p>\n<\/div>","protected":false},"excerpt":{"rendered":"<p>[vc_row][vc_column][vc_column_text] Kulinarik &amp; Inklusivleistungen Vielf\u00e4ltige Genuss-Momente im 4 Sterne Hotel Alpenklang [\/vc_column_text][\/vc_column][\/vc_row][vc_row][vc_column width=&#8221;1\/2&#8243;][vc_column_text]Lassen Sie sich die kulinarischen K\u00f6stlichkeiten im Rahmen der Alpenklang&#8211;Halbpension schmecken. Unser K\u00fcchenteam verw\u00f6hnt Sie mit heimischen Schmankerln und internationalen Gerichten.[\/vc_column_text][\/vc_column][vc_column width=&#8221;1\/2&#8243;][vc_column_text]Im Sommer servieren wir Ihnen\u00a0das Fr\u00fchst\u00fcck und\u00a0Abendessen auf der Panorama-Terrasse mit\u00a0beeindruckendem\u00a0Blick \u00fcber die Gro\u00dfarler Bergwelt. Nachmittags genie\u00dfen Sie hier hausgemachte Mehlspeisen und &hellip;<\/p>\n\n<p><a class=\"readmore btn btn-default btn-default btn-block\" href=\"https:\/\/www.alpenklang.info\/at\/4-sterne-hotel-grossarl\/inklusivleistungen\/\">Read More<\/a><\/p>","protected":false},"author":1,"featured_media":2820,"parent":3068,"menu_order":0,"comment_status":"closed","ping_status":"closed","template":"","meta":{"footnotes":""},"class_list":["post-3066","page","type-page","status-publish","has-post-thumbnail","hentry"],"yoast_head":"<!-- This site is optimized with the Yoast SEO plugin v27.3 - https:\/\/yoast.com\/product\/yoast-seo-wordpress\/ -->\n<title>Kulinarik &amp; Inklusivleistungen im 4 Sterne Hotel Alpenklang<\/title>\n<meta name=\"description\" content=\"Halbpension o. Fr\u00fchst\u00fccksbuffet, gratis W-Lan, Berg-Wellness mit Zirben Biosauna, Infrarot Kabine, Spielplatz &amp; -raum, Ski-Shuttle &amp; viele weitere Inklusivleistungen\" \/>\n<meta name=\"robots\" content=\"index, follow, max-snippet:-1, max-image-preview:large, max-video-preview:-1\" \/>\n<link rel=\"canonical\" href=\"https:\/\/www.alpenklang.info\/en\/4-star-hotel-grossarl\/all-inclusives\/\" \/>\n<meta property=\"og:locale\" content=\"de_DE\" \/>\n<meta property=\"og:type\" content=\"article\" \/>\n<meta property=\"og:title\" content=\"Kulinarik &amp; Inklusivleistungen im 4 Sterne Hotel Alpenklang\" \/>\n<meta property=\"og:description\" content=\"Halbpension o. Fr\u00fchst\u00fccksbuffet, gratis W-Lan, Berg-Wellness mit Zirben Biosauna, Infrarot Kabine, Spielplatz &amp; -raum, Ski-Shuttle &amp; viele weitere Inklusivleistungen\" \/>\n<meta property=\"og:url\" content=\"https:\/\/www.alpenklang.info\/en\/4-star-hotel-grossarl\/all-inclusives\/\" \/>\n<meta property=\"og:site_name\" content=\"Hotel Alpenklang\" \/>\n<meta property=\"article:modified_time\" content=\"2023-12-24T12:40:08+00:00\" \/>\n<meta property=\"og:image\" content=\"https:\/\/www.alpenklang.info\/wp-content\/uploads\/restaurant-berggasthaus-alpenklang-kulinarik-1.jpg\" \/>\n\t<meta property=\"og:image:width\" content=\"1920\" \/>\n\t<meta property=\"og:image:height\" content=\"750\" \/>\n\t<meta property=\"og:image:type\" content=\"image\/jpeg\" \/>\n<meta name=\"twitter:label1\" content=\"Est. reading time\" \/>\n\t<meta name=\"twitter:data1\" content=\"3 minutes\" \/>\n<script type=\"application\/ld+json\" class=\"yoast-schema-graph\">{\"@context\":\"https:\\\/\\\/schema.org\",\"@graph\":[{\"@type\":\"WebPage\",\"@id\":\"https:\\\/\\\/www.alpenklang.info\\\/en\\\/4-star-hotel-grossarl\\\/all-inclusives\\\/\",\"url\":\"https:\\\/\\\/www.alpenklang.info\\\/en\\\/4-star-hotel-grossarl\\\/all-inclusives\\\/\",\"name\":\"Kulinarik & Inklusivleistungen im 4 Sterne Hotel Alpenklang\",\"isPartOf\":{\"@id\":\"https:\\\/\\\/www.alpenklang.info\\\/en\\\/#website\"},\"primaryImageOfPage\":{\"@id\":\"https:\\\/\\\/www.alpenklang.info\\\/en\\\/4-star-hotel-grossarl\\\/all-inclusives\\\/#primaryimage\"},\"image\":{\"@id\":\"https:\\\/\\\/www.alpenklang.info\\\/en\\\/4-star-hotel-grossarl\\\/all-inclusives\\\/#primaryimage\"},\"thumbnailUrl\":\"https:\\\/\\\/www.alpenklang.info\\\/wp-content\\\/uploads\\\/restaurant-berggasthaus-alpenklang-kulinarik-1.jpg\",\"datePublished\":\"2016-03-30T07:38:50+00:00\",\"dateModified\":\"2023-12-24T12:40:08+00:00\",\"description\":\"Halbpension o. Fr\u00fchst\u00fccksbuffet, gratis W-Lan, Berg-Wellness mit Zirben Biosauna, Infrarot Kabine, Spielplatz & -raum, Ski-Shuttle & viele weitere Inklusivleistungen\",\"breadcrumb\":{\"@id\":\"https:\\\/\\\/www.alpenklang.info\\\/en\\\/4-star-hotel-grossarl\\\/all-inclusives\\\/#breadcrumb\"},\"inLanguage\":\"de\",\"potentialAction\":[{\"@type\":\"ReadAction\",\"target\":[\"https:\\\/\\\/www.alpenklang.info\\\/en\\\/4-star-hotel-grossarl\\\/all-inclusives\\\/\"]}]},{\"@type\":\"ImageObject\",\"inLanguage\":\"de\",\"@id\":\"https:\\\/\\\/www.alpenklang.info\\\/en\\\/4-star-hotel-grossarl\\\/all-inclusives\\\/#primaryimage\",\"url\":\"https:\\\/\\\/www.alpenklang.info\\\/wp-content\\\/uploads\\\/restaurant-berggasthaus-alpenklang-kulinarik-1.jpg\",\"contentUrl\":\"https:\\\/\\\/www.alpenklang.info\\\/wp-content\\\/uploads\\\/restaurant-berggasthaus-alpenklang-kulinarik-1.jpg\",\"width\":1920,\"height\":750},{\"@type\":\"BreadcrumbList\",\"@id\":\"https:\\\/\\\/www.alpenklang.info\\\/en\\\/4-star-hotel-grossarl\\\/all-inclusives\\\/#breadcrumb\",\"itemListElement\":[{\"@type\":\"ListItem\",\"position\":1,\"name\":\"Home\",\"item\":\"https:\\\/\\\/www.alpenklang.info\\\/at\\\/\"},{\"@type\":\"ListItem\",\"position\":2,\"name\":\"Das Berghotel\",\"item\":\"https:\\\/\\\/www.alpenklang.info\\\/en\\\/4-star-hotel-grossarl\\\/\"},{\"@type\":\"ListItem\",\"position\":3,\"name\":\"Kulinarik &#038; Inklusivleistungen\"}]},{\"@type\":\"WebSite\",\"@id\":\"https:\\\/\\\/www.alpenklang.info\\\/en\\\/#website\",\"url\":\"https:\\\/\\\/www.alpenklang.info\\\/en\\\/\",\"name\":\"Hotel Alpenklang\",\"description\":\"Hotel &amp; Berggasthaus in Gro\u00dfarl\",\"potentialAction\":[{\"@type\":\"SearchAction\",\"target\":{\"@type\":\"EntryPoint\",\"urlTemplate\":\"https:\\\/\\\/www.alpenklang.info\\\/en\\\/?s={search_term_string}\"},\"query-input\":{\"@type\":\"PropertyValueSpecification\",\"valueRequired\":true,\"valueName\":\"search_term_string\"}}],\"inLanguage\":\"de\"}]}<\/script>\n<!-- \/ Yoast SEO plugin. -->","yoast_head_json":{"title":"Kulinarik & Inklusivleistungen im 4 Sterne Hotel Alpenklang","description":"Halbpension o. Fr\u00fchst\u00fccksbuffet, gratis W-Lan, Berg-Wellness mit Zirben Biosauna, Infrarot Kabine, Spielplatz & -raum, Ski-Shuttle & viele weitere Inklusivleistungen","robots":{"index":"index","follow":"follow","max-snippet":"max-snippet:-1","max-image-preview":"max-image-preview:large","max-video-preview":"max-video-preview:-1"},"canonical":"https:\/\/www.alpenklang.info\/en\/4-star-hotel-grossarl\/all-inclusives\/","og_locale":"de_DE","og_type":"article","og_title":"Kulinarik & Inklusivleistungen im 4 Sterne Hotel Alpenklang","og_description":"Halbpension o. Fr\u00fchst\u00fccksbuffet, gratis W-Lan, Berg-Wellness mit Zirben Biosauna, Infrarot Kabine, Spielplatz & -raum, Ski-Shuttle & viele weitere Inklusivleistungen","og_url":"https:\/\/www.alpenklang.info\/en\/4-star-hotel-grossarl\/all-inclusives\/","og_site_name":"Hotel Alpenklang","article_modified_time":"2023-12-24T12:40:08+00:00","og_image":[{"width":1920,"height":750,"url":"https:\/\/www.alpenklang.info\/wp-content\/uploads\/restaurant-berggasthaus-alpenklang-kulinarik-1.jpg","type":"image\/jpeg"}],"twitter_misc":{"Est. reading time":"3 minutes"},"schema":{"@context":"https:\/\/schema.org","@graph":[{"@type":"WebPage","@id":"https:\/\/www.alpenklang.info\/en\/4-star-hotel-grossarl\/all-inclusives\/","url":"https:\/\/www.alpenklang.info\/en\/4-star-hotel-grossarl\/all-inclusives\/","name":"Kulinarik & Inklusivleistungen im 4 Sterne Hotel Alpenklang","isPartOf":{"@id":"https:\/\/www.alpenklang.info\/en\/#website"},"primaryImageOfPage":{"@id":"https:\/\/www.alpenklang.info\/en\/4-star-hotel-grossarl\/all-inclusives\/#primaryimage"},"image":{"@id":"https:\/\/www.alpenklang.info\/en\/4-star-hotel-grossarl\/all-inclusives\/#primaryimage"},"thumbnailUrl":"https:\/\/www.alpenklang.info\/wp-content\/uploads\/restaurant-berggasthaus-alpenklang-kulinarik-1.jpg","datePublished":"2016-03-30T07:38:50+00:00","dateModified":"2023-12-24T12:40:08+00:00","description":"Halbpension o. Fr\u00fchst\u00fccksbuffet, gratis W-Lan, Berg-Wellness mit Zirben Biosauna, Infrarot Kabine, Spielplatz & -raum, Ski-Shuttle & viele weitere Inklusivleistungen","breadcrumb":{"@id":"https:\/\/www.alpenklang.info\/en\/4-star-hotel-grossarl\/all-inclusives\/#breadcrumb"},"inLanguage":"de","potentialAction":[{"@type":"ReadAction","target":["https:\/\/www.alpenklang.info\/en\/4-star-hotel-grossarl\/all-inclusives\/"]}]},{"@type":"ImageObject","inLanguage":"de","@id":"https:\/\/www.alpenklang.info\/en\/4-star-hotel-grossarl\/all-inclusives\/#primaryimage","url":"https:\/\/www.alpenklang.info\/wp-content\/uploads\/restaurant-berggasthaus-alpenklang-kulinarik-1.jpg","contentUrl":"https:\/\/www.alpenklang.info\/wp-content\/uploads\/restaurant-berggasthaus-alpenklang-kulinarik-1.jpg","width":1920,"height":750},{"@type":"BreadcrumbList","@id":"https:\/\/www.alpenklang.info\/en\/4-star-hotel-grossarl\/all-inclusives\/#breadcrumb","itemListElement":[{"@type":"ListItem","position":1,"name":"Home","item":"https:\/\/www.alpenklang.info\/at\/"},{"@type":"ListItem","position":2,"name":"Das Berghotel","item":"https:\/\/www.alpenklang.info\/en\/4-star-hotel-grossarl\/"},{"@type":"ListItem","position":3,"name":"Kulinarik &#038; Inklusivleistungen"}]},{"@type":"WebSite","@id":"https:\/\/www.alpenklang.info\/en\/#website","url":"https:\/\/www.alpenklang.info\/en\/","name":"Hotel Alpenklang","description":"Hotel &amp; Berggasthaus in Gro\u00dfarl","potentialAction":[{"@type":"SearchAction","target":{"@type":"EntryPoint","urlTemplate":"https:\/\/www.alpenklang.info\/en\/?s={search_term_string}"},"query-input":{"@type":"PropertyValueSpecification","valueRequired":true,"valueName":"search_term_string"}}],"inLanguage":"de"}]}},"_links":{"self":[{"href":"https:\/\/www.alpenklang.info\/at\/wp-json\/wp\/v2\/pages\/3066","targetHints":{"allow":["GET"]}}],"collection":[{"href":"https:\/\/www.alpenklang.info\/at\/wp-json\/wp\/v2\/pages"}],"about":[{"href":"https:\/\/www.alpenklang.info\/at\/wp-json\/wp\/v2\/types\/page"}],"author":[{"embeddable":true,"href":"https:\/\/www.alpenklang.info\/at\/wp-json\/wp\/v2\/users\/1"}],"replies":[{"embeddable":true,"href":"https:\/\/www.alpenklang.info\/at\/wp-json\/wp\/v2\/comments?post=3066"}],"version-history":[{"count":0,"href":"https:\/\/www.alpenklang.info\/at\/wp-json\/wp\/v2\/pages\/3066\/revisions"}],"up":[{"embeddable":true,"href":"https:\/\/www.alpenklang.info\/at\/wp-json\/wp\/v2\/pages\/3068"}],"wp:featuredmedia":[{"embeddable":true,"href":"https:\/\/www.alpenklang.info\/at\/wp-json\/wp\/v2\/media\/2820"}],"wp:attachment":[{"href":"https:\/\/www.alpenklang.info\/at\/wp-json\/wp\/v2\/media?parent=3066"}],"curies":[{"name":"wp","href":"https:\/\/api.w.org\/{rel}","templated":true}]}}